{"id":238,"date":"2012-10-10T00:00:30","date_gmt":"2012-10-09T22:00:30","guid":{"rendered":"http:\/\/signallinie.info\/en\/?page_id=238"},"modified":"2023-04-13T09:35:15","modified_gmt":"2023-04-13T07:35:15","slug":"willkommen","status":"publish","type":"page","link":"https:\/\/signallinie.info\/en\/","title":{"rendered":"Welcome!"},"content":{"rendered":"<p><span class=\"notranslate\"> <strong>Welcome to my Remote Viewing Blog!<\/strong><\/span><\/p>\n<p><a href=\"https:\/\/signallinie.info\/en\/wp-content\/uploads\/2023\/04\/crv-collage.png\" target=\"_blank\" rel=\"noopener\"><img loading=\"lazy\" decoding=\"async\" class=\"alignnone wp-image-4966 size-full\" src=\"https:\/\/signallinie.info\/en\/wp-content\/uploads\/2023\/04\/crv-collage.png\" alt=\"crv-collage\" width=\"3220\" height=\"720\" srcset=\"https:\/\/signallinie.info\/en\/wp-content\/uploads\/2023\/04\/crv-collage.png 3220w, https:\/\/signallinie.info\/en\/wp-content\/uploads\/2023\/04\/crv-collage-300x67.png 300w, https:\/\/signallinie.info\/en\/wp-content\/uploads\/2023\/04\/crv-collage-1024x229.png 1024w, https:\/\/signallinie.info\/en\/wp-content\/uploads\/2023\/04\/crv-collage-768x172.png 768w, https:\/\/signallinie.info\/en\/wp-content\/uploads\/2023\/04\/crv-collage-1536x343.png 1536w, https:\/\/signallinie.info\/en\/wp-content\/uploads\/2023\/04\/crv-collage-2048x458.png 2048w\" sizes=\"auto, (max-width: 3220px) 100vw, 3220px\" \/><\/a><\/p>\n<p><span class=\"notranslate\">Here I publish <strong>translations of selected content<\/strong> from our Remote Viewing activity at irregular intervals.<\/span> To translate my entire <a href=\"https:\/\/signallinie.info\/\" target=\"_blank\" rel=\"noopener\">original german blog<\/a>, it is just too much work at the moment. But you can still find some translated projects here.<\/p>\n<p>To read the other projects, you may use <a href=\"https:\/\/signallinie-info.translate.goog\/?_x_tr_sl=auto&amp;_x_tr_tl=en&amp;_x_tr_hl=de&amp;_x_tr_pto=wapp\" target=\"_blank\" rel=\"noopener\">google translate<\/a> on my german blog, which does a good job to some degree, except for specific terminology and images with text of course.<span class=\"notranslate\"><br \/>\n<\/span><\/p>\n<p>Projects \/ Session Summaries:<\/p>\n<ul>\n<li><a title=\"Sessions\" href=\"https:\/\/signallinie.info\/en\/sessions\/chronological\/\"><strong>Chronological<\/strong><\/a><\/li>\n<\/ul>\n","protected":false},"excerpt":{"rendered":"<p>Welcome to my Remote Viewing Blog! Here I publish translations of selected content from our Remote Viewing activity at irregular intervals. To translate my entire original german blog, it is just too much work at the moment. But you can still find some translated projects here. To read the other<\/p>\n","protected":false},"author":1,"featured_media":0,"parent":0,"menu_order":1,"comment_status":"closed","ping_status":"closed","template":"","meta":{"footnotes":""},"class_list":["post-238","page","type-page","status-publish","hentry"],"yoast_head":"<!-- This site is optimized with the Yoast SEO plugin v27.3 - https:\/\/yoast.com\/product\/yoast-seo-wordpress\/ -->\n<title>Welcome! -<\/title>\n<meta name=\"description\" content=\"Willkommen auf Signallinie, dem Remote Viewing-Blog! Hier ver\u00f6ffentliche ich in unregelm\u00e4\u00dfigen Abst\u00e4nden interessante Inhalte aus unserer RV-T\u00e4tigkeit.\" \/>\n<meta name=\"robots\" content=\"index, follow, max-snippet:-1, max-image-preview:large, max-video-preview:-1\" \/>\n<link rel=\"canonical\" href=\"https:\/\/signallinie.info\/en\/\" \/>\n<meta property=\"og:locale\" content=\"en_US\" \/>\n<meta property=\"og:type\" content=\"article\" \/>\n<meta property=\"og:title\" content=\"Welcome! -\" \/>\n<meta property=\"og:description\" content=\"Willkommen auf Signallinie, dem Remote Viewing-Blog! Hier ver\u00f6ffentliche ich in unregelm\u00e4\u00dfigen Abst\u00e4nden interessante Inhalte aus unserer RV-T\u00e4tigkeit.\" \/>\n<meta property=\"og:url\" content=\"https:\/\/signallinie.info\/en\/\" \/>\n<meta property=\"article:modified_time\" content=\"2023-04-13T07:35:15+00:00\" \/>\n<meta property=\"og:image\" content=\"https:\/\/signallinie.info\/en\/wp-content\/uploads\/2023\/04\/crv-collage.png\" \/>\n<meta name=\"twitter:card\" content=\"summary_large_image\" \/>\n<meta name=\"twitter:label1\" content=\"Est. reading time\" \/>\n\t<meta name=\"twitter:data1\" content=\"1 minute\" \/>\n<script type=\"application\/ld+json\" class=\"yoast-schema-graph\">{\"@context\":\"https:\\\/\\\/schema.org\",\"@graph\":[{\"@type\":\"WebPage\",\"@id\":\"https:\\\/\\\/signallinie.info\\\/en\\\/\",\"url\":\"https:\\\/\\\/signallinie.info\\\/en\\\/\",\"name\":\"Welcome! -\",\"isPartOf\":{\"@id\":\"https:\\\/\\\/signallinie.info\\\/en\\\/#website\"},\"primaryImageOfPage\":{\"@id\":\"https:\\\/\\\/signallinie.info\\\/en\\\/#primaryimage\"},\"image\":{\"@id\":\"https:\\\/\\\/signallinie.info\\\/en\\\/#primaryimage\"},\"thumbnailUrl\":\"https:\\\/\\\/signallinie.info\\\/en\\\/wp-content\\\/uploads\\\/2023\\\/04\\\/crv-collage.png\",\"datePublished\":\"2012-10-09T22:00:30+00:00\",\"dateModified\":\"2023-04-13T07:35:15+00:00\",\"description\":\"Willkommen auf Signallinie, dem Remote Viewing-Blog! Hier ver\u00f6ffentliche ich in unregelm\u00e4\u00dfigen Abst\u00e4nden interessante Inhalte aus unserer RV-T\u00e4tigkeit.\",\"breadcrumb\":{\"@id\":\"https:\\\/\\\/signallinie.info\\\/en\\\/#breadcrumb\"},\"inLanguage\":\"en-US\",\"potentialAction\":[{\"@type\":\"ReadAction\",\"target\":[\"https:\\\/\\\/signallinie.info\\\/en\\\/\"]}]},{\"@type\":\"ImageObject\",\"inLanguage\":\"en-US\",\"@id\":\"https:\\\/\\\/signallinie.info\\\/en\\\/#primaryimage\",\"url\":\"https:\\\/\\\/signallinie.info\\\/en\\\/wp-content\\\/uploads\\\/2023\\\/04\\\/crv-collage.png\",\"contentUrl\":\"https:\\\/\\\/signallinie.info\\\/en\\\/wp-content\\\/uploads\\\/2023\\\/04\\\/crv-collage.png\",\"width\":3220,\"height\":720,\"caption\":\"crv-collage\"},{\"@type\":\"BreadcrumbList\",\"@id\":\"https:\\\/\\\/signallinie.info\\\/en\\\/#breadcrumb\",\"itemListElement\":[{\"@type\":\"ListItem\",\"position\":1,\"name\":\"Startseite\",\"item\":\"https:\\\/\\\/signallinie.info\\\/en\\\/\"},{\"@type\":\"ListItem\",\"position\":2,\"name\":\"Welcome!\"}]},{\"@type\":\"WebSite\",\"@id\":\"https:\\\/\\\/signallinie.info\\\/en\\\/#website\",\"url\":\"https:\\\/\\\/signallinie.info\\\/en\\\/\",\"name\":\"\",\"description\":\"Remote Viewing-Projects since 2012\",\"potentialAction\":[{\"@type\":\"SearchAction\",\"target\":{\"@type\":\"EntryPoint\",\"urlTemplate\":\"https:\\\/\\\/signallinie.info\\\/en\\\/?s={search_term_string}\"},\"query-input\":{\"@type\":\"PropertyValueSpecification\",\"valueRequired\":true,\"valueName\":\"search_term_string\"}}],\"inLanguage\":\"en-US\"}]}<\/script>\n<!-- \/ Yoast SEO plugin. -->","yoast_head_json":{"title":"Welcome! -","description":"Willkommen auf Signallinie, dem Remote Viewing-Blog! Hier ver\u00f6ffentliche ich in unregelm\u00e4\u00dfigen Abst\u00e4nden interessante Inhalte aus unserer RV-T\u00e4tigkeit.","robots":{"index":"index","follow":"follow","max-snippet":"max-snippet:-1","max-image-preview":"max-image-preview:large","max-video-preview":"max-video-preview:-1"},"canonical":"https:\/\/signallinie.info\/en\/","og_locale":"en_US","og_type":"article","og_title":"Welcome! -","og_description":"Willkommen auf Signallinie, dem Remote Viewing-Blog! Hier ver\u00f6ffentliche ich in unregelm\u00e4\u00dfigen Abst\u00e4nden interessante Inhalte aus unserer RV-T\u00e4tigkeit.","og_url":"https:\/\/signallinie.info\/en\/","article_modified_time":"2023-04-13T07:35:15+00:00","og_image":[{"url":"https:\/\/signallinie.info\/en\/wp-content\/uploads\/2023\/04\/crv-collage.png","type":"","width":"","height":""}],"twitter_card":"summary_large_image","twitter_misc":{"Est. reading time":"1 minute"},"schema":{"@context":"https:\/\/schema.org","@graph":[{"@type":"WebPage","@id":"https:\/\/signallinie.info\/en\/","url":"https:\/\/signallinie.info\/en\/","name":"Welcome! -","isPartOf":{"@id":"https:\/\/signallinie.info\/en\/#website"},"primaryImageOfPage":{"@id":"https:\/\/signallinie.info\/en\/#primaryimage"},"image":{"@id":"https:\/\/signallinie.info\/en\/#primaryimage"},"thumbnailUrl":"https:\/\/signallinie.info\/en\/wp-content\/uploads\/2023\/04\/crv-collage.png","datePublished":"2012-10-09T22:00:30+00:00","dateModified":"2023-04-13T07:35:15+00:00","description":"Willkommen auf Signallinie, dem Remote Viewing-Blog! Hier ver\u00f6ffentliche ich in unregelm\u00e4\u00dfigen Abst\u00e4nden interessante Inhalte aus unserer RV-T\u00e4tigkeit.","breadcrumb":{"@id":"https:\/\/signallinie.info\/en\/#breadcrumb"},"inLanguage":"en-US","potentialAction":[{"@type":"ReadAction","target":["https:\/\/signallinie.info\/en\/"]}]},{"@type":"ImageObject","inLanguage":"en-US","@id":"https:\/\/signallinie.info\/en\/#primaryimage","url":"https:\/\/signallinie.info\/en\/wp-content\/uploads\/2023\/04\/crv-collage.png","contentUrl":"https:\/\/signallinie.info\/en\/wp-content\/uploads\/2023\/04\/crv-collage.png","width":3220,"height":720,"caption":"crv-collage"},{"@type":"BreadcrumbList","@id":"https:\/\/signallinie.info\/en\/#breadcrumb","itemListElement":[{"@type":"ListItem","position":1,"name":"Startseite","item":"https:\/\/signallinie.info\/en\/"},{"@type":"ListItem","position":2,"name":"Welcome!"}]},{"@type":"WebSite","@id":"https:\/\/signallinie.info\/en\/#website","url":"https:\/\/signallinie.info\/en\/","name":"","description":"Remote Viewing-Projects since 2012","potentialAction":[{"@type":"SearchAction","target":{"@type":"EntryPoint","urlTemplate":"https:\/\/signallinie.info\/en\/?s={search_term_string}"},"query-input":{"@type":"PropertyValueSpecification","valueRequired":true,"valueName":"search_term_string"}}],"inLanguage":"en-US"}]}},"_links":{"self":[{"href":"https:\/\/signallinie.info\/en\/wp-json\/wp\/v2\/pages\/238","targetHints":{"allow":["GET"]}}],"collection":[{"href":"https:\/\/signallinie.info\/en\/wp-json\/wp\/v2\/pages"}],"about":[{"href":"https:\/\/signallinie.info\/en\/wp-json\/wp\/v2\/types\/page"}],"author":[{"embeddable":true,"href":"https:\/\/signallinie.info\/en\/wp-json\/wp\/v2\/users\/1"}],"replies":[{"embeddable":true,"href":"https:\/\/signallinie.info\/en\/wp-json\/wp\/v2\/comments?post=238"}],"version-history":[{"count":82,"href":"https:\/\/signallinie.info\/en\/wp-json\/wp\/v2\/pages\/238\/revisions"}],"predecessor-version":[{"id":4973,"href":"https:\/\/signallinie.info\/en\/wp-json\/wp\/v2\/pages\/238\/revisions\/4973"}],"wp:attachment":[{"href":"https:\/\/signallinie.info\/en\/wp-json\/wp\/v2\/media?parent=238"}],"curies":[{"name":"wp","href":"https:\/\/api.w.org\/{rel}","templated":true}]}}