{"id":83,"date":"2022-01-03T11:32:07","date_gmt":"2022-01-03T10:32:07","guid":{"rendered":"https:\/\/signallinie.info\/dienstleistungen\/?page_id=83"},"modified":"2026-03-29T12:30:03","modified_gmt":"2026-03-29T10:30:03","slug":"individueller-auftrag","status":"publish","type":"page","link":"https:\/\/signallinie.info\/dienstleistungen\/recherche-auftraege\/individueller-auftrag\/","title":{"rendered":"Individuelle Auftr\u00e4ge"},"content":{"rendered":"\n<figure class=\"wp-block-image size-large\"><img loading=\"lazy\" decoding=\"async\" width=\"1024\" height=\"176\" src=\"https:\/\/signallinie.info\/dienstleistungen\/wp-content\/uploads\/2022\/05\/Individuelle-Auftraege_Header-1024x176.jpg\" alt=\"\" class=\"wp-image-950\" srcset=\"https:\/\/signallinie.info\/dienstleistungen\/wp-content\/uploads\/2022\/05\/Individuelle-Auftraege_Header-1024x176.jpg 1024w, https:\/\/signallinie.info\/dienstleistungen\/wp-content\/uploads\/2022\/05\/Individuelle-Auftraege_Header-300x52.jpg 300w, https:\/\/signallinie.info\/dienstleistungen\/wp-content\/uploads\/2022\/05\/Individuelle-Auftraege_Header-768x132.jpg 768w, https:\/\/signallinie.info\/dienstleistungen\/wp-content\/uploads\/2022\/05\/Individuelle-Auftraege_Header.jpg 1280w\" sizes=\"auto, (max-width: 1024px) 100vw, 1024px\" \/><\/figure>\n\n\n\n<p>In der Regel k\u00f6nnen die meisten Auftr\u00e4ge den vorhandenen Recherche-Paketen zugeordnet werden. Falls das jedoch nicht auf Anhieb gelingt, beraten wir gerne kostenfrei, welche individuelle Recherche-Zusammenstellung den Informationsw\u00fcnschen entspricht. Dies kann vor allem bei Auftr\u00e4gen vorkommen, die besonderen Bedingungen unterliegen (z.B. f\u00fcr gro\u00dfe Firmenauftr\u00e4ge), oder aus anderen Gr\u00fcnden eine ungew\u00f6hnliche Kompexlit\u00e4t beinhalten. <\/p>\n\n\n\n<p>In einem Beratungsgespr\u00e4ch stellen wir dann gemeinsam den indivuellen Auftrag zusammen und f\u00fchren ihn anschlie\u00dfend aus. Zu beachten sind dabei die <a rel=\"noreferrer noopener\" href=\"https:\/\/signallinie.info\/dienstleistungen\/agb\/\" data-type=\"page\" data-id=\"445\" target=\"_blank\">AGB<\/a>, was z.B. das Ermitteln von Informationen \u00fcber Dritte ohne deren Einverst\u00e4ndnis betrifft.<\/p>\n\n\n\n<p class=\"has-small-font-size\"><\/p>\n\n\n\n<p style=\"font-size:32px\"><strong>Preis auf Anfrage<\/strong><\/p>\n\n\n\n<p class=\"has-small-font-size\"><em><strong>(Der Preis gestaltet sich je nach Komplexit\u00e4t und gew\u00fcnschtem Recherche-Umfang)<\/strong><\/em><\/p>\n\n\n\n<p class=\"has-small-font-size\"><strong><em>R<\/em><\/strong><em><strong>echtlicher Hinweis:<\/strong> Diese Leistung beinhaltet keine Heilung,&nbsp;keine Hilfe,&nbsp;keine Therapie,&nbsp;keine Behandlung,&nbsp;keine Gesundheitsleistung. Sie stellt lediglich Informationen zur Verf\u00fcgung, die dabei helfen k\u00f6nnen Zusammenh\u00e4nge und Ursachen im jeweiligen Anliegen zu erkennen. Es wird keine Haftung f\u00fcr die Folgen von Handlungen \u00fcbernommen, die auf den Remote Viewing-Ergebnissen beruhen.<\/em><\/p>\n\n\n\n<p class=\"has-small-font-size\"><em><strong>Genauigkeit der Ergebnisse:<\/strong> Unsere allgemeinen Recherchen erweisen sich in der Regel als sehr zuverl\u00e4ssig. Dennoch k\u00f6nnen Ungenauigkeiten bei per Remote Viewing ermittelten Eindr\u00fccken in manchen F\u00e4llen nicht v\u00f6llig ausgeschlossen werden (abh\u00e4ngig von der Art fes Auftrages, der Tagesform des Viewers und der anschlie\u00dfenden Interpretationsarbeit). Eventuelle Unklarheiten zu den Recherche-Inhalten werden nach bestem Wissen und Gewissen im Fazit-Gespr\u00e4ch gekl\u00e4rt.<\/em><\/p>\n\n\n\n<hr class=\"wp-block-separator has-text-color has-cyan-bluish-gray-color has-css-opacity has-cyan-bluish-gray-background-color has-background is-style-wide\"\/>\n\n\n\n<p style=\"font-size:16px\"><strong>Kontaktaufnahme f\u00fcr weitere Informationen \/ Auftragsbuchung<\/strong>:<\/p>\n\n\n<div class=\"wpforms-container wpforms-container-full wpforms-block wpforms-block-d65cc2b3-d6a0-4c54-8982-a9b23167290e\" id=\"wpforms-847\"><form id=\"wpforms-form-847\" class=\"wpforms-validate wpforms-form wpforms-ajax-form\" data-formid=\"847\" method=\"post\" enctype=\"multipart\/form-data\" action=\"\/dienstleistungen\/wp-json\/wp\/v2\/pages\/83\" data-token=\"326ad6835070b63afb369912f5c6f8e1\" data-token-time=\"1775556243\"><noscript class=\"wpforms-error-noscript\">Bitte aktiviere JavaScript in deinem Browser, um dieses Formular fertigzustellen.<\/noscript><div class=\"wpforms-field-container\"><div id=\"wpforms-847-field_0-container\" class=\"wpforms-field wpforms-field-name\" data-field-id=\"0\"><label class=\"wpforms-field-label\" for=\"wpforms-847-field_0\">Name <span class=\"wpforms-required-label\">*<\/span><\/label><input type=\"text\" id=\"wpforms-847-field_0\" class=\"wpforms-field-medium wpforms-field-required\" name=\"wpforms[fields][0]\" required><\/div><div id=\"wpforms-847-field_1-container\" class=\"wpforms-field wpforms-field-email\" data-field-id=\"1\"><label class=\"wpforms-field-label\" for=\"wpforms-847-field_1\">E-Mail <span class=\"wpforms-required-label\">*<\/span><\/label><input type=\"email\" id=\"wpforms-847-field_1\" class=\"wpforms-field-medium wpforms-field-required\" name=\"wpforms[fields][1]\" spellcheck=\"false\" required><\/div><div id=\"wpforms-847-field_3-container\" class=\"wpforms-field wpforms-field-select wpforms-field-select-style-classic\" data-field-id=\"3\"><label class=\"wpforms-field-label\" for=\"wpforms-847-field_3\">Art der Anfrage <span class=\"wpforms-required-label\">*<\/span><\/label><select id=\"wpforms-847-field_3\" class=\"wpforms-field-medium wpforms-field-required\" name=\"wpforms[fields][3]\" required=\"required\"><option value=\"Schnupper-Session\"  class=\"choice-1 depth-1\"  >Schnupper-Session<\/option><option value=\"Online-Ausbildung\"  class=\"choice-2 depth-1\"  >Online-Ausbildung<\/option><option value=\"Vor Ort-Ausbildung\"  class=\"choice-3 depth-1\"  >Vor Ort-Ausbildung<\/option><option value=\"Recherche-Auftrag\"  selected='selected' class=\"choice-4 depth-1\"  >Recherche-Auftrag<\/option><option value=\"Sonstige Anfragen\"  class=\"choice-5 depth-1\"  >Sonstige Anfragen<\/option><\/select><\/div><div id=\"wpforms-847-field_2-container\" class=\"wpforms-field wpforms-field-textarea\" data-field-id=\"2\"><label class=\"wpforms-field-label\" for=\"wpforms-847-field_2\">Nachricht <span class=\"wpforms-required-label\">*<\/span><\/label><textarea id=\"wpforms-847-field_2\" class=\"wpforms-field-medium wpforms-field-required\" name=\"wpforms[fields][2]\" required><\/textarea><\/div><\/div><!-- .wpforms-field-container --><div class=\"wpforms-recaptcha-container wpforms-is-recaptcha wpforms-is-recaptcha-type-v2\" ><div class=\"g-recaptcha\" data-sitekey=\"6LdXBB0oAAAAAIPdwVdoECiO8Pgbshx56XwEdRCG\"><\/div><input type=\"text\" name=\"g-recaptcha-hidden\" class=\"wpforms-recaptcha-hidden\" style=\"position:absolute!important;clip:rect(0,0,0,0)!important;height:1px!important;width:1px!important;border:0!important;overflow:hidden!important;padding:0!important;margin:0!important;\" data-rule-recaptcha=\"1\"><\/div><div class=\"wpforms-submit-container\" ><input type=\"hidden\" name=\"wpforms[id]\" value=\"847\"><input type=\"hidden\" name=\"page_title\" value=\"\"><input type=\"hidden\" name=\"page_url\" value=\"https:\/\/signallinie.info\/dienstleistungen\/wp-json\/wp\/v2\/pages\/83\"><input type=\"hidden\" name=\"url_referer\" value=\"\"><button type=\"submit\" name=\"wpforms[submit]\" id=\"wpforms-submit-847\" class=\"wpforms-submit\" data-alt-text=\"Senden\u2026\" data-submit-text=\"Absenden\" aria-live=\"assertive\" value=\"wpforms-submit\">Absenden<\/button><img loading=\"lazy\" decoding=\"async\" src=\"https:\/\/signallinie.info\/dienstleistungen\/wp-content\/plugins\/wpforms\/assets\/images\/submit-spin.svg\" class=\"wpforms-submit-spinner\" style=\"display: none;\" width=\"26\" height=\"26\" alt=\"Wird geladen\"><\/div><\/form><\/div>  <!-- .wpforms-container -->\n\n\n<hr class=\"wp-block-separator has-text-color has-cyan-bluish-gray-color has-css-opacity has-cyan-bluish-gray-background-color has-background is-style-wide\"\/>\n\n\n\n<p style=\"font-size:16px\"><strong>Weitere M\u00f6glichkeiten der Kontaktaufnahme:<\/strong><\/p>\n\n\n\n<p><strong>E-Mail:<\/strong> <a href=\"mailto:rv-dienstleistungen@signallinie.info\">rv-dienstleistungen@signallinie.info<\/a><br><strong>Telefon:<\/strong> +49 8361 9250 901<br><strong>Mobil:<\/strong> +49 152 269 306 24<br><strong>Discord:<\/strong> Wingman8472#8327<br><strong>Telegram:<\/strong> <a href=\"https:\/\/t.me\/signallinie\" target=\"_blank\" rel=\"noreferrer noopener\">https:\/\/t.me\/signallinie<\/a><\/p>\n","protected":false},"excerpt":{"rendered":"<p>In der Regel k\u00f6nnen die meisten Auftr\u00e4ge den vorhandenen Recherche-Paketen zugeordnet werden. Falls das jedoch nicht auf Anhieb gelingt, beraten wir gerne kostenfrei, welche individuelle Recherche-Zusammenstellung den Informationsw\u00fcnschen entspricht. Dies kann vor allem bei Auftr\u00e4gen vorkommen, die besonderen Bedingungen unterliegen (z.B. f\u00fcr gro\u00dfe Firmenauftr\u00e4ge), oder aus anderen Gr\u00fcnden eine ungew\u00f6hnliche<\/p>\n","protected":false},"author":1,"featured_media":0,"parent":47,"menu_order":22,"comment_status":"closed","ping_status":"closed","template":"","meta":{"footnotes":""},"class_list":["post-83","page","type-page","status-publish","hentry"],"_links":{"self":[{"href":"https:\/\/signallinie.info\/dienstleistungen\/wp-json\/wp\/v2\/pages\/83","targetHints":{"allow":["GET"]}}],"collection":[{"href":"https:\/\/signallinie.info\/dienstleistungen\/wp-json\/wp\/v2\/pages"}],"about":[{"href":"https:\/\/signallinie.info\/dienstleistungen\/wp-json\/wp\/v2\/types\/page"}],"author":[{"embeddable":true,"href":"https:\/\/signallinie.info\/dienstleistungen\/wp-json\/wp\/v2\/users\/1"}],"replies":[{"embeddable":true,"href":"https:\/\/signallinie.info\/dienstleistungen\/wp-json\/wp\/v2\/comments?post=83"}],"version-history":[{"count":34,"href":"https:\/\/signallinie.info\/dienstleistungen\/wp-json\/wp\/v2\/pages\/83\/revisions"}],"predecessor-version":[{"id":3274,"href":"https:\/\/signallinie.info\/dienstleistungen\/wp-json\/wp\/v2\/pages\/83\/revisions\/3274"}],"up":[{"embeddable":true,"href":"https:\/\/signallinie.info\/dienstleistungen\/wp-json\/wp\/v2\/pages\/47"}],"wp:attachment":[{"href":"https:\/\/signallinie.info\/dienstleistungen\/wp-json\/wp\/v2\/media?parent=83"}],"curies":[{"name":"wp","href":"https:\/\/api.w.org\/{rel}","templated":true}]}}