{"id":79,"date":"2022-01-03T11:31:46","date_gmt":"2022-01-03T10:31:46","guid":{"rendered":"https:\/\/signallinie.info\/dienstleistungen\/?page_id=79"},"modified":"2026-03-29T12:23:15","modified_gmt":"2026-03-29T10:23:15","slug":"soziales-wohlbefinden","status":"publish","type":"page","link":"https:\/\/signallinie.info\/dienstleistungen\/recherche-auftraege\/soziales-wohlbefinden\/","title":{"rendered":"Soziales &#038; Wohlbefinden"},"content":{"rendered":"\n<figure class=\"wp-block-image size-large\"><img loading=\"lazy\" decoding=\"async\" width=\"1024\" height=\"176\" src=\"https:\/\/signallinie.info\/dienstleistungen\/wp-content\/uploads\/2022\/05\/Soziales-und-Wohlbefinden_Header-1024x176.jpg\" alt=\"\" class=\"wp-image-948\" srcset=\"https:\/\/signallinie.info\/dienstleistungen\/wp-content\/uploads\/2022\/05\/Soziales-und-Wohlbefinden_Header-1024x176.jpg 1024w, https:\/\/signallinie.info\/dienstleistungen\/wp-content\/uploads\/2022\/05\/Soziales-und-Wohlbefinden_Header-300x52.jpg 300w, https:\/\/signallinie.info\/dienstleistungen\/wp-content\/uploads\/2022\/05\/Soziales-und-Wohlbefinden_Header-768x132.jpg 768w, https:\/\/signallinie.info\/dienstleistungen\/wp-content\/uploads\/2022\/05\/Soziales-und-Wohlbefinden_Header.jpg 1280w\" sizes=\"auto, (max-width: 1024px) 100vw, 1024px\" \/><\/figure>\n\n\n\n<p>Es gibt sie tats\u00e4chlich, die erfolgreichen und lebensfrohen Menschen, die scheinbar alles stressfrei umsetzen und keinen Gedanken an ein Scheitern verschwenden. Ganz ehrlich, wird man da nicht manchmal ein bisschen neidisch? Das muss man nicht sein, denn das Potential dazu liegt in jedem Menschen. H\u00e4ufig sind es Angewohnheiten oder \u00c4ngste, die uns daran hindern, frei von Sorgen und Stress zu agieren, machmal auch in Form von k\u00f6rperlichen Symptomen.<\/p>\n\n\n\n<p>Remote Viewing er\u00f6ffnet eine ganz neue M\u00f6glichkeit, den Ursachen schnell und pr\u00e4zise auf den Grund zu gehen. Man sollte jedoch bedenken: Nur Wissen und dar\u00fcber reden allein gen\u00fcgt nicht immer. Oft muss man f\u00fcr die Umsetzung auch entsprechend der gewonnenen Informationen handeln. Innerhalb einer Personenwahrnehmung nutzen wir diverse Anwendungen, die je nach Ziel unterschiedlich kombiniert werden k\u00f6nnen.<\/p>\n\n\n\n<div style=\"height:5px\" aria-hidden=\"true\" class=\"wp-block-spacer\"><\/div>\n\n\n\n<p class=\"has-medium-font-size\"><strong>Beziehungsanalysen<\/strong><\/p>\n\n\n\n<p>Eine Beziehung, gleich welcher Art, basiert im Wesentlichen auf der gegenseitigen Haltung. Manchmal tun wir uns dabei schwer auszudr\u00fccken, wie wir f\u00fcreinander empfinden. Da ist ein Vermittler oder \u00dcbersetzer sehr hifreich. F\u00fcr diese F\u00e4lle gibt es die sogenannte Beziehungsanalyse. Sie stellt die Beziehung zueinander und die Standpunkte aller Betroffenen dar. Auf diese Weise k\u00f6nnen Ursachen f\u00fcr soziale Konflikte verstanden und gel\u00f6st werden. Hinweis: Tiefgehende Beziehungsanalysen werden von uns nur mit Einverst\u00e4ndnis aller Betroffenen durchgef\u00fchrt, wenn es sich um individuelle Personen handelt.<\/p>\n\n\n\n<div style=\"height:5px\" aria-hidden=\"true\" class=\"wp-block-spacer\"><\/div>\n\n\n\n<p class=\"has-medium-font-size\"><strong>Probleml\u00f6sungsschablonen<\/strong><\/p>\n\n\n\n<p>Mit einer Probleml\u00f6sungsschablone lassen sich besonders k\u00f6rperliche, aber auch mentale Probleme lokalisieren. Dabei werden die entsprechenden K\u00f6rperstellen erfasst und die jeweiligen Beschwerden beschrieben. Dann wird die Ursache daf\u00fcr ermittelt, und welche M\u00f6glichkeiten zur Linderung bzw. Aufl\u00f6sung es gibt. Diese Anwendung ist hervorragend dazu geeignet, sich einen allgemeinen \u00dcberblick zu verschaffen. Die Probleml\u00f6sungsschablone ersetzt nat\u00fcrlich keine \u00e4rztliche Behandlung oder Beratung.<\/p>\n\n\n\n<div style=\"height:5px\" aria-hidden=\"true\" class=\"wp-block-spacer\"><\/div>\n\n\n\n<p class=\"has-medium-font-size\"><strong>Deep Mind Probe<\/strong><\/p>\n\n\n\n<p>Die Deep Mind Probe (kurz DMP) erm\u00f6glicht einen Einblick in Potentiale bewusster und unbewusster Natur. Dabei werden St\u00e4rken, Schw\u00e4chen, W\u00fcnsche, \u00c4ngste, Ziele usw. detailliert sichtbar gemacht. Dies kann einem generellen \u00dcberblick dienen oder auf Wunsch in einem bestimmter Kontext, wie zum Beispiel beruflich oder innerhalb einer Beziehung (o. a.) sein.<\/p>\n\n\n\n<div style=\"height:5px\" aria-hidden=\"true\" class=\"wp-block-spacer\"><\/div>\n\n\n\n<p class=\"has-medium-font-size\"><strong>Interviews<\/strong><\/p>\n\n\n\n<p>Es gibt verschiedene Gr\u00fcnde, warum ein Gespr\u00e4ch mit Jemanden nicht m\u00f6glich ist. Etwa, weil es sich um ein Tier hanelt oder weil diese Person noch schlichtweg zu jung ist, um zu sprechen. Auch Kontakte mit Personen, welche nicht mehr \u00fcber einen physischen K\u00f6rper verf\u00fcgen, sind m\u00f6glich. Interviews erlauben einen Dialog mit dem Unterbewusstsein \/ Informationsfeld mit Lebewesen.<\/p>\n\n\n\n<div style=\"height:5px\" aria-hidden=\"true\" class=\"wp-block-spacer\"><\/div>\n\n\n\n<p style=\"font-size:18px\"><strong>Das Grund-Paket &#8222;Soziales &amp; Wohlbefinden&#8220; beinhaltet:<\/strong><\/p>\n\n\n\n<ul class=\"wp-block-list\">\n<li>Remote Viewing Recherche-Session(s)<\/li>\n\n\n\n<li>Telefonische Ergebnisse und Fazit-Besprechung<\/li>\n\n\n\n<li>Originaldokumente der Session(s)<\/li>\n\n\n\n<li>Video-Aufzeichnung der Session(s)<\/li>\n\n\n\n<li>Schriftliche Transkription der Session(s)<\/li>\n<\/ul>\n\n\n\n<p style=\"font-size:32px\"><strong>Preis auf Anfrage<\/strong><\/p>\n\n\n\n<p class=\"has-small-font-size\"><em><strong>(Der Preis gestaltet sich je nach Komplexit\u00e4t und gew\u00fcnschtem Recherche-Umfang)<\/strong><\/em><\/p>\n\n\n\n<p class=\"has-small-font-size\"><strong><em>R<\/em><\/strong><em><strong>echtlicher Hinweis:<\/strong> Diese Leistung beinhaltet keine Heilung,&nbsp;keine Hilfe,&nbsp;keine Therapie,&nbsp;keine Behandlung,&nbsp;keine Gesundheitsleistung. Sie stellt lediglich Informationen zur Verf\u00fcgung, die dabei helfen k\u00f6nnen Zusammenh\u00e4nge und Ursachen im jeweiligen Anliegen zu erkennen. Es wird keine Haftung f\u00fcr die Folgen von Handlungen \u00fcbernommen, die auf den Remote Viewing-Ergebnissen beruhen.<\/em><\/p>\n\n\n\n<p class=\"has-small-font-size\"><em><strong>Genauigkeit der Ergebnisse:<\/strong> Recherchen aus dem Bereich &#8222;Soziales &amp; Wohlbefinden&#8220; erweisen sich in der Regel als sehr zuverl\u00e4ssig. Dennoch k\u00f6nnen Ungenauigkeiten bei per Remote Viewing ermittelten Eindr\u00fccken in manchen F\u00e4llen nicht v\u00f6llig ausgeschlossen werden (abh\u00e4ngig von der Art fes Auftrages, der Tagesform des Viewers und der anschlie\u00dfenden Interpretationsarbeit). Eventuelle Unklarheiten zu den Recherche-Inhalten werden nach bestem Wissen und Gewissen im Fazit-Gespr\u00e4ch gekl\u00e4rt.<\/em><\/p>\n\n\n\n<hr class=\"wp-block-separator has-text-color has-cyan-bluish-gray-color has-css-opacity has-cyan-bluish-gray-background-color has-background is-style-wide\"\/>\n\n\n\n<p style=\"font-size:16px\"><strong>Kontaktaufnahme f\u00fcr weitere Informationen \/ Auftragsbuchung<\/strong>:<\/p>\n\n\n<div class=\"wpforms-container wpforms-container-full wpforms-block wpforms-block-5ff82136-51b2-4c3d-886b-b3806c57756e\" id=\"wpforms-847\"><form id=\"wpforms-form-847\" class=\"wpforms-validate wpforms-form wpforms-ajax-form\" data-formid=\"847\" method=\"post\" enctype=\"multipart\/form-data\" action=\"\/dienstleistungen\/wp-json\/wp\/v2\/pages\/79\" data-token=\"4a95681edcba5cc90880bc91942df8ec\" data-token-time=\"1776236286\"><noscript class=\"wpforms-error-noscript\">Bitte aktiviere JavaScript in deinem Browser, um dieses Formular fertigzustellen.<\/noscript><div class=\"wpforms-field-container\"><div id=\"wpforms-847-field_0-container\" class=\"wpforms-field wpforms-field-name\" data-field-id=\"0\"><label class=\"wpforms-field-label\" for=\"wpforms-847-field_0\">Name <span class=\"wpforms-required-label\">*<\/span><\/label><input type=\"text\" id=\"wpforms-847-field_0\" class=\"wpforms-field-medium wpforms-field-required\" name=\"wpforms[fields][0]\" required><\/div><div id=\"wpforms-847-field_1-container\" class=\"wpforms-field wpforms-field-email\" data-field-id=\"1\"><label class=\"wpforms-field-label\" for=\"wpforms-847-field_1\">E-Mail <span class=\"wpforms-required-label\">*<\/span><\/label><input type=\"email\" id=\"wpforms-847-field_1\" class=\"wpforms-field-medium wpforms-field-required\" name=\"wpforms[fields][1]\" spellcheck=\"false\" required><\/div><div id=\"wpforms-847-field_3-container\" class=\"wpforms-field wpforms-field-select wpforms-field-select-style-classic\" data-field-id=\"3\"><label class=\"wpforms-field-label\" for=\"wpforms-847-field_3\">Art der Anfrage <span class=\"wpforms-required-label\">*<\/span><\/label><select id=\"wpforms-847-field_3\" class=\"wpforms-field-medium wpforms-field-required\" name=\"wpforms[fields][3]\" required=\"required\"><option value=\"Schnupper-Session\"  class=\"choice-1 depth-1\"  >Schnupper-Session<\/option><option value=\"Online-Ausbildung\"  class=\"choice-2 depth-1\"  >Online-Ausbildung<\/option><option value=\"Vor Ort-Ausbildung\"  class=\"choice-3 depth-1\"  >Vor Ort-Ausbildung<\/option><option value=\"Recherche-Auftrag\"  selected='selected' class=\"choice-4 depth-1\"  >Recherche-Auftrag<\/option><option value=\"Sonstige Anfragen\"  class=\"choice-5 depth-1\"  >Sonstige Anfragen<\/option><\/select><\/div><div id=\"wpforms-847-field_2-container\" class=\"wpforms-field wpforms-field-textarea\" data-field-id=\"2\"><label class=\"wpforms-field-label\" for=\"wpforms-847-field_2\">Nachricht <span class=\"wpforms-required-label\">*<\/span><\/label><textarea id=\"wpforms-847-field_2\" class=\"wpforms-field-medium wpforms-field-required\" name=\"wpforms[fields][2]\" required><\/textarea><\/div><\/div><!-- .wpforms-field-container --><div class=\"wpforms-recaptcha-container wpforms-is-recaptcha wpforms-is-recaptcha-type-v2\" ><div class=\"g-recaptcha\" data-sitekey=\"6LdXBB0oAAAAAIPdwVdoECiO8Pgbshx56XwEdRCG\"><\/div><input type=\"text\" name=\"g-recaptcha-hidden\" class=\"wpforms-recaptcha-hidden\" style=\"position:absolute!important;clip:rect(0,0,0,0)!important;height:1px!important;width:1px!important;border:0!important;overflow:hidden!important;padding:0!important;margin:0!important;\" data-rule-recaptcha=\"1\"><\/div><div class=\"wpforms-submit-container\" ><input type=\"hidden\" name=\"wpforms[id]\" value=\"847\"><input type=\"hidden\" name=\"page_title\" value=\"\"><input type=\"hidden\" name=\"page_url\" value=\"https:\/\/signallinie.info\/dienstleistungen\/wp-json\/wp\/v2\/pages\/79\"><input type=\"hidden\" name=\"url_referer\" value=\"\"><button type=\"submit\" name=\"wpforms[submit]\" id=\"wpforms-submit-847\" class=\"wpforms-submit\" data-alt-text=\"Senden\u2026\" data-submit-text=\"Absenden\" aria-live=\"assertive\" value=\"wpforms-submit\">Absenden<\/button><img loading=\"lazy\" decoding=\"async\" src=\"https:\/\/signallinie.info\/dienstleistungen\/wp-content\/plugins\/wpforms\/assets\/images\/submit-spin.svg\" class=\"wpforms-submit-spinner\" style=\"display: none;\" width=\"26\" height=\"26\" alt=\"Wird geladen\"><\/div><\/form><\/div>  <!-- .wpforms-container -->\n\n\n<hr class=\"wp-block-separator has-text-color has-cyan-bluish-gray-color has-css-opacity has-cyan-bluish-gray-background-color has-background is-style-wide\"\/>\n\n\n\n<p style=\"font-size:16px\"><strong>Weitere M\u00f6glichkeiten der Kontaktaufnahme:<\/strong><\/p>\n\n\n\n<p><strong>E-Mail:<\/strong> <a href=\"mailto:rv-dienstleistungen@signallinie.info\">rv-dienstleistungen@signallinie.info<\/a><br><strong>Telefon:<\/strong> +49 8361 9250 901<br><strong>Mobil:<\/strong> +49 152 269 306 24<br><strong>Discord:<\/strong> Wingman8472#8327<br><strong>Telegram:<\/strong> <a href=\"https:\/\/t.me\/signallinie\" target=\"_blank\" rel=\"noreferrer noopener\">https:\/\/t.me\/signallinie<\/a><\/p>\n","protected":false},"excerpt":{"rendered":"<p>Es gibt sie tats\u00e4chlich, die erfolgreichen und lebensfrohen Menschen, die scheinbar alles stressfrei umsetzen und keinen Gedanken an ein Scheitern verschwenden. Ganz ehrlich, wird man da nicht manchmal ein bisschen neidisch? Das muss man nicht sein, denn das Potential dazu liegt in jedem Menschen. H\u00e4ufig sind es Angewohnheiten oder \u00c4ngste,<\/p>\n","protected":false},"author":1,"featured_media":0,"parent":47,"menu_order":21,"comment_status":"closed","ping_status":"closed","template":"","meta":{"footnotes":""},"class_list":["post-79","page","type-page","status-publish","hentry"],"_links":{"self":[{"href":"https:\/\/signallinie.info\/dienstleistungen\/wp-json\/wp\/v2\/pages\/79","targetHints":{"allow":["GET"]}}],"collection":[{"href":"https:\/\/signallinie.info\/dienstleistungen\/wp-json\/wp\/v2\/pages"}],"about":[{"href":"https:\/\/signallinie.info\/dienstleistungen\/wp-json\/wp\/v2\/types\/page"}],"author":[{"embeddable":true,"href":"https:\/\/signallinie.info\/dienstleistungen\/wp-json\/wp\/v2\/users\/1"}],"replies":[{"embeddable":true,"href":"https:\/\/signallinie.info\/dienstleistungen\/wp-json\/wp\/v2\/comments?post=79"}],"version-history":[{"count":27,"href":"https:\/\/signallinie.info\/dienstleistungen\/wp-json\/wp\/v2\/pages\/79\/revisions"}],"predecessor-version":[{"id":3299,"href":"https:\/\/signallinie.info\/dienstleistungen\/wp-json\/wp\/v2\/pages\/79\/revisions\/3299"}],"up":[{"embeddable":true,"href":"https:\/\/signallinie.info\/dienstleistungen\/wp-json\/wp\/v2\/pages\/47"}],"wp:attachment":[{"href":"https:\/\/signallinie.info\/dienstleistungen\/wp-json\/wp\/v2\/media?parent=79"}],"curies":[{"name":"wp","href":"https:\/\/api.w.org\/{rel}","templated":true}]}}