{"id":73,"date":"2022-01-03T11:30:42","date_gmt":"2022-01-03T10:30:42","guid":{"rendered":"https:\/\/signallinie.info\/dienstleistungen\/?page_id=73"},"modified":"2026-03-29T12:23:46","modified_gmt":"2026-03-29T10:23:46","slug":"entscheidungen-optima","status":"publish","type":"page","link":"https:\/\/signallinie.info\/dienstleistungen\/recherche-auftraege\/entscheidungen-optima\/","title":{"rendered":"Entscheidungsfindung &#038; Optimum"},"content":{"rendered":"\n<figure class=\"wp-block-image size-large is-style-default\"><img loading=\"lazy\" decoding=\"async\" width=\"1024\" height=\"176\" src=\"https:\/\/signallinie.info\/dienstleistungen\/wp-content\/uploads\/2022\/05\/Entscheidungsfindung-und-Optima_Header-1024x176.jpg\" alt=\"\" class=\"wp-image-943\" srcset=\"https:\/\/signallinie.info\/dienstleistungen\/wp-content\/uploads\/2022\/05\/Entscheidungsfindung-und-Optima_Header-1024x176.jpg 1024w, https:\/\/signallinie.info\/dienstleistungen\/wp-content\/uploads\/2022\/05\/Entscheidungsfindung-und-Optima_Header-300x52.jpg 300w, https:\/\/signallinie.info\/dienstleistungen\/wp-content\/uploads\/2022\/05\/Entscheidungsfindung-und-Optima_Header-768x132.jpg 768w, https:\/\/signallinie.info\/dienstleistungen\/wp-content\/uploads\/2022\/05\/Entscheidungsfindung-und-Optima_Header.jpg 1280w\" sizes=\"auto, (max-width: 1024px) 100vw, 1024px\" \/><\/figure>\n\n\n\n<p>Oft wird der Lebensweg als eine Art gerade Linie vom Anfang bis zum Ende dargestellt. In der Realit\u00e4t ist er jedoch voller Kurven, Hochs, Tiefs und gepickt mit Kreuzungen und Gablungen. An diesen m\u00fcssen wir uns entscheiden, welchen Weg wir einschlagen wollen. Manche dieser Entscheidungen haben nur wenige Auswirkungen, w\u00e4hrend andere das Potential in sich bergen, die Zukunft grundlegend zu ver\u00e4ndern. Was ist die \u201crichtige\u201d Entscheidung?<\/p>\n\n\n\n<p>Mit Remote Viewing l\u00e4sst sich das jeweilige Entscheidungs-Optimum herausfinden \u2013 und die langfristig positiven Auswirkungen dessen. Oft entdecken wir dar\u00fcberhinaus noch weitere Optionen, die vorher vielleicht nicht in Betracht gezogen worden sind. Es werden zudem Handlungsanweisungen ermittelt, um zu diesem Optimum zu gelangen.<\/p>\n\n\n\n<p>Ob beruflich oder privat, es fallen immer wieder Entscheidungen an, die den weiteren Verlauf signifikant ver\u00e4ndern k\u00f6nnten. Berufliche Neuausrichtungen, Entscheidungsfindungen in einem laufenden Projekt, Verhandlungen oder ein Umzug: Die verschiedenen Optionen, die zur Auswahl stehen, k\u00f6nnen analysiert und in ihren Konsequenzen abgewogen werden. Manchmal ist es sogar sinnvoll eine \u201cFehlentscheidung\u201d zu treffen, die einen zu einer wichtigen Erkenntnis oder zu einem wichtigen Ereignis f\u00fchrt. Welche Option im individuellen Fall die beste ist, warum und was daraus erw\u00e4chst \u2013 Remote Viewing kann die ben\u00f6tigten Puzzlest\u00fccke beisteuern.<\/p>\n\n\n\n<div style=\"height:5px\" aria-hidden=\"true\" class=\"wp-block-spacer\"><\/div>\n\n\n\n<p style=\"font-size:18px\"><strong>Das Paket &#8222;Entscheidungsfindung &amp; Optimum&#8220; beinhaltet:<\/strong><\/p>\n\n\n\n<ul class=\"wp-block-list\">\n<li>Remote Viewing Recherche-Session(s)<\/li>\n\n\n\n<li>Telefonische Ergebnisse und Fazit-Besprechung<\/li>\n\n\n\n<li>Originaldokumente der Session(s)<\/li>\n\n\n\n<li>Video-Aufzeichnung der Session(s)<\/li>\n\n\n\n<li>Schriftliche Transkription der Session(s)<\/li>\n<\/ul>\n\n\n\n<p style=\"font-size:32px\"><strong>Preis auf Anfrage<\/strong><\/p>\n\n\n\n<p class=\"has-small-font-size\"><em><strong>(Der Preis gestaltet sich je nach Komplexit\u00e4t und gew\u00fcnschtem Recherche-Umfang)<\/strong><\/em><\/p>\n\n\n\n<p><\/p>\n\n\n\n<p class=\"has-small-font-size\"><strong><em>R<\/em><\/strong><em><strong>echtlicher Hinweis:<\/strong> Diese Leistung beinhaltet keine Heilung,&nbsp;keine Hilfe,&nbsp;keine Therapie,&nbsp;keine Behandlung,&nbsp;keine Gesundheitsleistung. Sie stellt lediglich Informationen zur Verf\u00fcgung, die dabei helfen k\u00f6nnen Zusammenh\u00e4nge und Ursachen im jeweiligen Anliegen zu erkennen. Es wird keine Haftung f\u00fcr die Folgen von Handlungen \u00fcbernommen, die auf den Remote Viewing-Ergebnissen beruhen.<\/em><\/p>\n\n\n\n<p class=\"has-small-font-size\"><em><strong>Genauigkeit der Ergebnisse:<\/strong> <em>Unsere allgemeinen Recherchen erweisen sich in der Regel als sehr zuverl\u00e4ssig. Dennoch k\u00f6nnen Ungenauigkeiten bei per Remote Viewing ermittelten Eindr\u00fccken in manchen F\u00e4llen nicht v\u00f6llig ausgeschlossen werden (abh\u00e4ngig von der Art des Auftrages, der Tagesform des Viewers und der anschlie\u00dfenden Interpretationsarbeit). Im Bereich &#8222;Entscheidungsfindung &amp; Optimum&#8220; h\u00e4ngt dies insbesondere vom Faktor des freien Willens des Betroffenen ab. Genauer gesagt, ob gewisse notwendige Handlungen (z.B. f\u00fcr ein Optimum) erf\u00fcllt werden, oder ob durch die Kenntnis der potentiellen Zukunft eine Handlung zur Verhinderung (z.B. durch passives Abwarten oder Vermeidungshandlungen) get\u00e4tigt wird. Befolgt man die ermittelten, notwendigen Handlungen in einem Optimum, tritt es erfahrungsgem\u00e4\u00df mit sehr hoher Wahrscheinlichkeit so ein. Jedoch besteht immer ein Restrisiko, dass nicht jedes Detail exakt so eintritt, wie geviewt. Die Zukunft ist nicht 100% <\/em>determiniert.<\/em> <em>Eventuelle Unklarheiten zu den Recherche-Inhalten werden nach bestem Wissen und Gewissen im Fazit-Gespr\u00e4ch gekl\u00e4rt.<\/em><\/p>\n\n\n\n<hr class=\"wp-block-separator has-text-color has-cyan-bluish-gray-color has-css-opacity has-cyan-bluish-gray-background-color has-background is-style-wide\"\/>\n\n\n\n<p style=\"font-size:16px\"><strong>Kontaktaufnahme f\u00fcr weitere Informationen \/ Auftragsbuchung<\/strong>:<\/p>\n\n\n<div class=\"wpforms-container wpforms-container-full wpforms-block wpforms-block-351e717a-e5eb-484b-b5b9-50ce918fd61a\" id=\"wpforms-847\"><form id=\"wpforms-form-847\" class=\"wpforms-validate wpforms-form wpforms-ajax-form\" data-formid=\"847\" method=\"post\" enctype=\"multipart\/form-data\" action=\"\/dienstleistungen\/wp-json\/wp\/v2\/pages\/73\" data-token=\"326ad6835070b63afb369912f5c6f8e1\" data-token-time=\"1775566599\"><noscript class=\"wpforms-error-noscript\">Bitte aktiviere JavaScript in deinem Browser, um dieses Formular fertigzustellen.<\/noscript><div class=\"wpforms-field-container\"><div id=\"wpforms-847-field_0-container\" class=\"wpforms-field wpforms-field-name\" data-field-id=\"0\"><label class=\"wpforms-field-label\" for=\"wpforms-847-field_0\">Name <span class=\"wpforms-required-label\">*<\/span><\/label><input type=\"text\" id=\"wpforms-847-field_0\" class=\"wpforms-field-medium wpforms-field-required\" name=\"wpforms[fields][0]\" required><\/div><div id=\"wpforms-847-field_1-container\" class=\"wpforms-field wpforms-field-email\" data-field-id=\"1\"><label class=\"wpforms-field-label\" for=\"wpforms-847-field_1\">E-Mail <span class=\"wpforms-required-label\">*<\/span><\/label><input type=\"email\" id=\"wpforms-847-field_1\" class=\"wpforms-field-medium wpforms-field-required\" name=\"wpforms[fields][1]\" spellcheck=\"false\" required><\/div><div id=\"wpforms-847-field_3-container\" class=\"wpforms-field wpforms-field-select wpforms-field-select-style-classic\" data-field-id=\"3\"><label class=\"wpforms-field-label\" for=\"wpforms-847-field_3\">Art der Anfrage <span class=\"wpforms-required-label\">*<\/span><\/label><select id=\"wpforms-847-field_3\" class=\"wpforms-field-medium wpforms-field-required\" name=\"wpforms[fields][3]\" required=\"required\"><option value=\"Schnupper-Session\"  class=\"choice-1 depth-1\"  >Schnupper-Session<\/option><option value=\"Online-Ausbildung\"  class=\"choice-2 depth-1\"  >Online-Ausbildung<\/option><option value=\"Vor Ort-Ausbildung\"  class=\"choice-3 depth-1\"  >Vor Ort-Ausbildung<\/option><option value=\"Recherche-Auftrag\"  selected='selected' class=\"choice-4 depth-1\"  >Recherche-Auftrag<\/option><option value=\"Sonstige Anfragen\"  class=\"choice-5 depth-1\"  >Sonstige Anfragen<\/option><\/select><\/div><div id=\"wpforms-847-field_2-container\" class=\"wpforms-field wpforms-field-textarea\" data-field-id=\"2\"><label class=\"wpforms-field-label\" for=\"wpforms-847-field_2\">Nachricht <span class=\"wpforms-required-label\">*<\/span><\/label><textarea id=\"wpforms-847-field_2\" class=\"wpforms-field-medium wpforms-field-required\" name=\"wpforms[fields][2]\" required><\/textarea><\/div><\/div><!-- .wpforms-field-container --><div class=\"wpforms-recaptcha-container wpforms-is-recaptcha wpforms-is-recaptcha-type-v2\" ><div class=\"g-recaptcha\" data-sitekey=\"6LdXBB0oAAAAAIPdwVdoECiO8Pgbshx56XwEdRCG\"><\/div><input type=\"text\" name=\"g-recaptcha-hidden\" class=\"wpforms-recaptcha-hidden\" style=\"position:absolute!important;clip:rect(0,0,0,0)!important;height:1px!important;width:1px!important;border:0!important;overflow:hidden!important;padding:0!important;margin:0!important;\" data-rule-recaptcha=\"1\"><\/div><div class=\"wpforms-submit-container\" ><input type=\"hidden\" name=\"wpforms[id]\" value=\"847\"><input type=\"hidden\" name=\"page_title\" value=\"\"><input type=\"hidden\" name=\"page_url\" value=\"https:\/\/signallinie.info\/dienstleistungen\/wp-json\/wp\/v2\/pages\/73\"><input type=\"hidden\" name=\"url_referer\" value=\"\"><button type=\"submit\" name=\"wpforms[submit]\" id=\"wpforms-submit-847\" class=\"wpforms-submit\" data-alt-text=\"Senden\u2026\" data-submit-text=\"Absenden\" aria-live=\"assertive\" value=\"wpforms-submit\">Absenden<\/button><img loading=\"lazy\" decoding=\"async\" src=\"https:\/\/signallinie.info\/dienstleistungen\/wp-content\/plugins\/wpforms\/assets\/images\/submit-spin.svg\" class=\"wpforms-submit-spinner\" style=\"display: none;\" width=\"26\" height=\"26\" alt=\"Wird geladen\"><\/div><\/form><\/div>  <!-- .wpforms-container -->\n\n\n<hr class=\"wp-block-separator has-text-color has-cyan-bluish-gray-color has-css-opacity has-cyan-bluish-gray-background-color has-background is-style-wide\"\/>\n\n\n\n<p style=\"font-size:16px\"><strong>Weitere M\u00f6glichkeiten der Kontaktaufnahme:<\/strong><\/p>\n\n\n\n<p><strong>E-Mail:<\/strong> <a href=\"mailto:rv-dienstleistungen@signallinie.info\">rv-dienstleistungen@signallinie.info<\/a><br><strong>Telefon:<\/strong> +49 8361 9250 901<br><strong>Mobil:<\/strong> +49 152 269 306 24<br><strong>Discord:<\/strong> Wingman8472#8327<br><strong>Telegram:<\/strong> <a href=\"https:\/\/t.me\/signallinie\" target=\"_blank\" rel=\"noreferrer noopener\">https:\/\/t.me\/signallinie<\/a><\/p>\n\n\n\n<div style=\"height:1px\" aria-hidden=\"true\" class=\"wp-block-spacer\"><\/div>\n","protected":false},"excerpt":{"rendered":"<p>Oft wird der Lebensweg als eine Art gerade Linie vom Anfang bis zum Ende dargestellt. In der Realit\u00e4t ist er jedoch voller Kurven, Hochs, Tiefs und gepickt mit Kreuzungen und Gablungen. An diesen m\u00fcssen wir uns entscheiden, welchen Weg wir einschlagen wollen. Manche dieser Entscheidungen haben nur wenige Auswirkungen, w\u00e4hrend<\/p>\n","protected":false},"author":1,"featured_media":0,"parent":47,"menu_order":17,"comment_status":"closed","ping_status":"closed","template":"","meta":{"footnotes":""},"class_list":["post-73","page","type-page","status-publish","hentry"],"_links":{"self":[{"href":"https:\/\/signallinie.info\/dienstleistungen\/wp-json\/wp\/v2\/pages\/73","targetHints":{"allow":["GET"]}}],"collection":[{"href":"https:\/\/signallinie.info\/dienstleistungen\/wp-json\/wp\/v2\/pages"}],"about":[{"href":"https:\/\/signallinie.info\/dienstleistungen\/wp-json\/wp\/v2\/types\/page"}],"author":[{"embeddable":true,"href":"https:\/\/signallinie.info\/dienstleistungen\/wp-json\/wp\/v2\/users\/1"}],"replies":[{"embeddable":true,"href":"https:\/\/signallinie.info\/dienstleistungen\/wp-json\/wp\/v2\/comments?post=73"}],"version-history":[{"count":55,"href":"https:\/\/signallinie.info\/dienstleistungen\/wp-json\/wp\/v2\/pages\/73\/revisions"}],"predecessor-version":[{"id":3295,"href":"https:\/\/signallinie.info\/dienstleistungen\/wp-json\/wp\/v2\/pages\/73\/revisions\/3295"}],"up":[{"embeddable":true,"href":"https:\/\/signallinie.info\/dienstleistungen\/wp-json\/wp\/v2\/pages\/47"}],"wp:attachment":[{"href":"https:\/\/signallinie.info\/dienstleistungen\/wp-json\/wp\/v2\/media?parent=73"}],"curies":[{"name":"wp","href":"https:\/\/api.w.org\/{rel}","templated":true}]}}