{"id":69,"date":"2022-01-03T11:27:15","date_gmt":"2022-01-03T10:27:15","guid":{"rendered":"https:\/\/signallinie.info\/dienstleistungen\/?page_id=69"},"modified":"2025-11-01T13:18:20","modified_gmt":"2025-11-01T12:18:20","slug":"komplettpaket","status":"publish","type":"page","link":"https:\/\/signallinie.info\/dienstleistungen\/ausbildung\/komplettpaket\/","title":{"rendered":"Komplettpaket (online)"},"content":{"rendered":"\n<figure class=\"wp-block-image size-large\"><img loading=\"lazy\" decoding=\"async\" width=\"1024\" height=\"176\" src=\"https:\/\/signallinie.info\/dienstleistungen\/wp-content\/uploads\/2022\/05\/Komplettpaket_Header-1024x176.jpg\" alt=\"\" class=\"wp-image-1051\" srcset=\"https:\/\/signallinie.info\/dienstleistungen\/wp-content\/uploads\/2022\/05\/Komplettpaket_Header-1024x176.jpg 1024w, https:\/\/signallinie.info\/dienstleistungen\/wp-content\/uploads\/2022\/05\/Komplettpaket_Header-300x52.jpg 300w, https:\/\/signallinie.info\/dienstleistungen\/wp-content\/uploads\/2022\/05\/Komplettpaket_Header-768x132.jpg 768w, https:\/\/signallinie.info\/dienstleistungen\/wp-content\/uploads\/2022\/05\/Komplettpaket_Header.jpg 1280w\" sizes=\"auto, (max-width: 1024px) 100vw, 1024px\" \/><\/figure>\n\n\n\n<p>Das Komplettpaket beinhaltet alle drei Ausbildungskurse (<a href=\"https:\/\/signallinie.info\/dienstleistungen\/ausbildung\/basiskurs-stufe-1-5\/\" data-type=\"page\" data-id=\"57\" target=\"_blank\" rel=\"noreferrer noopener\">Basiskurs<\/a>, <a href=\"https:\/\/signallinie.info\/dienstleistungen\/ausbildung\/fortgeschrittenenkurs-stufe-6\/\" data-type=\"page\" data-id=\"60\" target=\"_blank\" rel=\"noreferrer noopener\">Fortgeschrittenenkurs<\/a> und <a href=\"https:\/\/signallinie.info\/dienstleistungen\/ausbildung\/projektleiterkurs\/\" data-type=\"page\" data-id=\"65\" target=\"_blank\" rel=\"noreferrer noopener\">Projektleiterkurs<\/a>). F\u00fcr diese Variante sollte mindestens ein halbes Jahr Ausbildungszeit eingeplant werden (abh\u00e4ngig davon, wieviele Lektionen pro Woche durchgef\u00fchrt werden). Das Komplettpaket empfiehlt sich vor allem f\u00fcr sehr ausdauernde Remote Viewing-Interessierte, die den gesamten Ausbildungsinhalt in einem St\u00fcck erlernen wollen.<\/p>\n\n\n\n<div style=\"height:5px\" aria-hidden=\"true\" class=\"wp-block-spacer\"><\/div>\n\n\n\n<p style=\"font-size:24px\"><strong>Kosten:<\/strong><\/p>\n\n\n\n<p>Die Kosten f\u00fcr das Komplettpaket online (gegen\u00fcber den Einzelkursen zu insgesamt 4000,00 \u20ac) betragen:<\/p>\n\n\n\n<p class=\"has-black-color has-text-color\" style=\"font-size:32px\"><strong>3825,00 \u20ac<\/strong><\/p>\n\n\n\n<p style=\"font-size:16px\"><strong>(10% Rabatt gegen\u00fcber den Einzelseminaren)<\/strong><\/p>\n\n\n\n<p>Das Komplettpaket beinhaltet alle in den <a rel=\"noreferrer noopener\" href=\"https:\/\/signallinie.info\/dienstleistungen\/ausbildung\/\" target=\"_blank\">Einzelkursen<\/a> beschriebenen Trainings-Einheiten (ca. zwei Stunden pro Einheit einplanen) und Trainings-Unterlagen. Auf Wunsch k\u00f6nnen nach dem Abschluss des Komplettpaketes noch weitere Trainings-Einheiten hinzugebucht werden.<\/p>\n\n\n\n<p>Die Online-Ausbildung kann \u00fcber sprach- und videof\u00e4hige Messenger wie <a rel=\"noreferrer noopener\" href=\"https:\/\/discord.com\/download\" data-type=\"URL\" data-id=\"https:\/\/discord.com\/download\" target=\"_blank\">Discord<\/a>, <a rel=\"noreferrer noopener\" href=\"https:\/\/meet.jit.si\/\" target=\"_blank\">Jitsi<\/a>, <a rel=\"noreferrer noopener\" href=\"https:\/\/www.skype.com\/de\/get-skype\/\" target=\"_blank\">Skype<\/a>, <a rel=\"noreferrer noopener\" href=\"https:\/\/desktop.telegram.org\/\" target=\"_blank\">Telegram<\/a> und <a rel=\"noreferrer noopener\" href=\"https:\/\/zoom.us\/download\" target=\"_blank\">Zoom<\/a> (bei Bedarf auch andere) durchgef\u00fchrt werden. Ben\u00f6tigt werden 10-15 Blatt Papier pro Praxis-Trainingseinheit, mehrere Kugelschreiber (am besten mit schwarzer Farbe), ein Mikrofon und eine Webcam, welche in den Trainingseinheiten auf die Session-Bl\u00e4tter gerichtet wird. Es wird ein Minimum von einem Trainingstermin pro Woche empfohlen, optimal w\u00e4ren zwei bis drei.<\/p>\n\n\n\n<hr class=\"wp-block-separator has-text-color has-cyan-bluish-gray-color has-css-opacity has-cyan-bluish-gray-background-color has-background is-style-wide\"\/>\n\n\n\n<p style=\"font-size:16px\"><strong>Kontaktaufnahme f\u00fcr weitere Informationen \/ Kurs-Buchung<\/strong>:<\/p>\n\n\n<div class=\"wpforms-container wpforms-container-full wpforms-block wpforms-block-f26bd218-33d3-401b-bfa2-23202869a852\" id=\"wpforms-772\"><form id=\"wpforms-form-772\" class=\"wpforms-validate wpforms-form wpforms-ajax-form\" data-formid=\"772\" method=\"post\" enctype=\"multipart\/form-data\" action=\"\/dienstleistungen\/wp-json\/wp\/v2\/pages\/69\" data-token=\"18ad0d87679df5b35537887f4b6f8588\" data-token-time=\"1775566599\"><noscript class=\"wpforms-error-noscript\">Bitte aktiviere JavaScript in deinem Browser, um dieses Formular fertigzustellen.<\/noscript><div class=\"wpforms-field-container\"><div id=\"wpforms-772-field_0-container\" class=\"wpforms-field wpforms-field-name\" data-field-id=\"0\"><label class=\"wpforms-field-label\" for=\"wpforms-772-field_0\">Name <span class=\"wpforms-required-label\">*<\/span><\/label><input type=\"text\" id=\"wpforms-772-field_0\" class=\"wpforms-field-medium wpforms-field-required\" name=\"wpforms[fields][0]\" required><\/div><div id=\"wpforms-772-field_1-container\" class=\"wpforms-field wpforms-field-email\" data-field-id=\"1\"><label class=\"wpforms-field-label\" for=\"wpforms-772-field_1\">E-Mail <span class=\"wpforms-required-label\">*<\/span><\/label><input type=\"email\" id=\"wpforms-772-field_1\" class=\"wpforms-field-medium wpforms-field-required\" name=\"wpforms[fields][1]\" spellcheck=\"false\" required><\/div><div id=\"wpforms-772-field_3-container\" class=\"wpforms-field wpforms-field-select wpforms-field-select-style-classic\" data-field-id=\"3\"><label class=\"wpforms-field-label\" for=\"wpforms-772-field_3\">Art der Anfrage <span class=\"wpforms-required-label\">*<\/span><\/label><select id=\"wpforms-772-field_3\" class=\"wpforms-field-medium wpforms-field-required\" name=\"wpforms[fields][3]\" required=\"required\"><option value=\"Schnupper-Session\"  class=\"choice-1 depth-1\"  >Schnupper-Session<\/option><option value=\"Online-Ausbildung\"  selected='selected' class=\"choice-2 depth-1\"  >Online-Ausbildung<\/option><option value=\"Vor Ort-Ausbildung\"  class=\"choice-3 depth-1\"  >Vor Ort-Ausbildung<\/option><option value=\"Recherche-Auftrag\"  class=\"choice-4 depth-1\"  >Recherche-Auftrag<\/option><option value=\"Sonstige Anfragen\"  class=\"choice-5 depth-1\"  >Sonstige Anfragen<\/option><\/select><\/div><div id=\"wpforms-772-field_2-container\" class=\"wpforms-field wpforms-field-textarea\" data-field-id=\"2\"><label class=\"wpforms-field-label\" for=\"wpforms-772-field_2\">Nachricht <span class=\"wpforms-required-label\">*<\/span><\/label><textarea id=\"wpforms-772-field_2\" class=\"wpforms-field-medium wpforms-field-required\" name=\"wpforms[fields][2]\" required><\/textarea><\/div><\/div><!-- .wpforms-field-container --><div class=\"wpforms-recaptcha-container wpforms-is-recaptcha wpforms-is-recaptcha-type-v2\" ><div class=\"g-recaptcha\" data-sitekey=\"6LdXBB0oAAAAAIPdwVdoECiO8Pgbshx56XwEdRCG\"><\/div><input type=\"text\" name=\"g-recaptcha-hidden\" class=\"wpforms-recaptcha-hidden\" style=\"position:absolute!important;clip:rect(0,0,0,0)!important;height:1px!important;width:1px!important;border:0!important;overflow:hidden!important;padding:0!important;margin:0!important;\" data-rule-recaptcha=\"1\"><\/div><div class=\"wpforms-submit-container\" ><input type=\"hidden\" name=\"wpforms[id]\" value=\"772\"><input type=\"hidden\" name=\"page_title\" value=\"\"><input type=\"hidden\" name=\"page_url\" value=\"https:\/\/signallinie.info\/dienstleistungen\/wp-json\/wp\/v2\/pages\/69\"><input type=\"hidden\" name=\"url_referer\" value=\"\"><button type=\"submit\" name=\"wpforms[submit]\" id=\"wpforms-submit-772\" class=\"wpforms-submit\" data-alt-text=\"Senden\u2026\" data-submit-text=\"Absenden\" aria-live=\"assertive\" value=\"wpforms-submit\">Absenden<\/button><img loading=\"lazy\" decoding=\"async\" src=\"https:\/\/signallinie.info\/dienstleistungen\/wp-content\/plugins\/wpforms\/assets\/images\/submit-spin.svg\" class=\"wpforms-submit-spinner\" style=\"display: none;\" width=\"26\" height=\"26\" alt=\"Wird geladen\"><\/div><\/form><\/div>  <!-- .wpforms-container -->\n\n\n<hr class=\"wp-block-separator has-text-color has-cyan-bluish-gray-color has-css-opacity has-cyan-bluish-gray-background-color has-background is-style-wide\"\/>\n\n\n\n<p style=\"font-size:16px\"><strong>Weitere M\u00f6glichkeiten der Kontaktaufnahme:<\/strong><\/p>\n\n\n\n<p><strong>E-Mail:<\/strong> <a href=\"mailto:rv-dienstleistungen@signallinie.info\">rv-dienstleistungen@signallinie.info<\/a><br><strong>Telefon:<\/strong> +49 8361 9250 901<br><strong>Mobil:<\/strong> +49 152 269 306 24<br><strong>Discord:<\/strong> Wingman8472#8327<br><strong>Telegram:<\/strong> <a href=\"https:\/\/t.me\/signallinie\" target=\"_blank\" rel=\"noreferrer noopener\">https:\/\/t.me\/signallinie<\/a><\/p>\n","protected":false},"excerpt":{"rendered":"<p>Das Komplettpaket beinhaltet alle drei Ausbildungskurse (Basiskurs, Fortgeschrittenenkurs und Projektleiterkurs). F\u00fcr diese Variante sollte mindestens ein halbes Jahr Ausbildungszeit eingeplant werden (abh\u00e4ngig davon, wieviele Lektionen pro Woche durchgef\u00fchrt werden). Das Komplettpaket empfiehlt sich vor allem f\u00fcr sehr ausdauernde Remote Viewing-Interessierte, die den gesamten Ausbildungsinhalt in einem St\u00fcck erlernen wollen. Kosten:<\/p>\n","protected":false},"author":1,"featured_media":0,"parent":44,"menu_order":14,"comment_status":"closed","ping_status":"closed","template":"","meta":{"footnotes":""},"class_list":["post-69","page","type-page","status-publish","hentry"],"_links":{"self":[{"href":"https:\/\/signallinie.info\/dienstleistungen\/wp-json\/wp\/v2\/pages\/69","targetHints":{"allow":["GET"]}}],"collection":[{"href":"https:\/\/signallinie.info\/dienstleistungen\/wp-json\/wp\/v2\/pages"}],"about":[{"href":"https:\/\/signallinie.info\/dienstleistungen\/wp-json\/wp\/v2\/types\/page"}],"author":[{"embeddable":true,"href":"https:\/\/signallinie.info\/dienstleistungen\/wp-json\/wp\/v2\/users\/1"}],"replies":[{"embeddable":true,"href":"https:\/\/signallinie.info\/dienstleistungen\/wp-json\/wp\/v2\/comments?post=69"}],"version-history":[{"count":41,"href":"https:\/\/signallinie.info\/dienstleistungen\/wp-json\/wp\/v2\/pages\/69\/revisions"}],"predecessor-version":[{"id":3453,"href":"https:\/\/signallinie.info\/dienstleistungen\/wp-json\/wp\/v2\/pages\/69\/revisions\/3453"}],"up":[{"embeddable":true,"href":"https:\/\/signallinie.info\/dienstleistungen\/wp-json\/wp\/v2\/pages\/44"}],"wp:attachment":[{"href":"https:\/\/signallinie.info\/dienstleistungen\/wp-json\/wp\/v2\/media?parent=69"}],"curies":[{"name":"wp","href":"https:\/\/api.w.org\/{rel}","templated":true}]}}