{"id":60,"date":"2022-01-03T11:25:24","date_gmt":"2022-01-03T10:25:24","guid":{"rendered":"https:\/\/signallinie.info\/dienstleistungen\/?page_id=60"},"modified":"2025-11-01T13:14:47","modified_gmt":"2025-11-01T12:14:47","slug":"fortgeschrittenenkurs-stufe-6","status":"publish","type":"page","link":"https:\/\/signallinie.info\/dienstleistungen\/ausbildung\/fortgeschrittenenkurs-stufe-6\/","title":{"rendered":"Fortgeschrittenenkurs: Stufe 6 (online)"},"content":{"rendered":"\n<figure class=\"wp-block-image size-large\"><img loading=\"lazy\" decoding=\"async\" width=\"1024\" height=\"176\" src=\"https:\/\/signallinie.info\/dienstleistungen\/wp-content\/uploads\/2022\/05\/Collage-Fortgeschrittenenkurs-1024x176.jpg\" alt=\"\" class=\"wp-image-1044\" srcset=\"https:\/\/signallinie.info\/dienstleistungen\/wp-content\/uploads\/2022\/05\/Collage-Fortgeschrittenenkurs-1024x176.jpg 1024w, https:\/\/signallinie.info\/dienstleistungen\/wp-content\/uploads\/2022\/05\/Collage-Fortgeschrittenenkurs-300x52.jpg 300w, https:\/\/signallinie.info\/dienstleistungen\/wp-content\/uploads\/2022\/05\/Collage-Fortgeschrittenenkurs-768x132.jpg 768w, https:\/\/signallinie.info\/dienstleistungen\/wp-content\/uploads\/2022\/05\/Collage-Fortgeschrittenenkurs.jpg 1280w\" sizes=\"auto, (max-width: 1024px) 100vw, 1024px\" \/><\/figure>\n\n\n\n<p>Nachdem die Stufen 1-5 des Remote Viewing-Protokolls im Basiskurs verinnerlicht und gemeistert wurden, erlernt man im Fortgeschrittenenkurs die vielseitigen Werkzeuge und grenzenlose Bewegungsfreiheit der Stufe 6. Aufgrund ihrer Komplexit\u00e4t und Dynamik, wird der Stufe 6 hier ein kompletter, eigenst\u00e4ndiger Kurs gewidmet. Dank der Basis-Werkzeuge (relationale Diagramme, Personenwahrnehmung, Beziehungsanalyse, Deep Mind Probe, Interview, Probleml\u00f6sungsschablone, Bema\u00dfung, Timeline, Mapping etc&#8230;), die beliebig kombinierbar sind, k\u00f6nnen Targets in allen denkbaren Fragestellungen bearbeitet werden. Die Stufe 6 ist zudem als offenes Baukastensystem zu verstehen, welches auf Grundlage der Basis-Werkzeuge beliebig erweitert werden, und auch ganz neue Werkzeuge f\u00fcr den individuellen Bedarf hervorbringen kann.<\/p>\n\n\n\n<div style=\"height:5px\" aria-hidden=\"true\" class=\"wp-block-spacer\"><\/div>\n\n\n\n<p style=\"font-size:24px\"><strong>Inhalte:<\/strong><\/p>\n\n\n\n<ul class=\"wp-block-list\">\n<li>Eigenst\u00e4ndige Anwendung des Remote Viewing-Protokolls in der Stufe 6<\/li>\n\n\n\n<li>Ausgiebiges Erlernen und Anwenden aller Basiswerkzeuge der Stufe 6:<br>Relationale Diagramme, Personenwahrnehmung, Beziehungsanalyse, Probleml\u00f6sungsschablone, Deep Mind Probe, Interview, Bema\u00dfungslinien, Entscheidungsdiagramm, Timelines und Mapping<\/li>\n\n\n\n<li>Erlernen der flexiblen Kombinierbarkeit der Basiswerkzeuge<\/li>\n\n\n\n<li>Erweiterte Monitor-Erfahrungen f\u00fcr operationalen Targets<\/li>\n\n\n\n<li>Vertiefte Trainingseinheiten f\u00fcr souver\u00e4nes Solo-Viewen bis Stufe 6<\/li>\n\n\n\n<li>Erstes Mitwirken an operationalen Community-Projekten<\/li>\n\n\n\n<li>Diskussions- und Fragerunden<\/li>\n\n\n\n<li>\u00dcbungsmaterial: Protokoll-Handout und Lehrheft<\/li>\n<\/ul>\n\n\n\n<div style=\"height:5px\" aria-hidden=\"true\" class=\"wp-block-spacer\"><\/div>\n\n\n\n<p style=\"font-size:24px\"><strong>Ablauf:<\/strong><\/p>\n\n\n\n<ul class=\"wp-block-list\">\n<li>Theorie- und Praxis-Lektionen zu den einzelnen Basiswerkzeugen der Stufe 6<\/li>\n\n\n\n<li>Praxis-Lektionen (Viewer) mit den Basiswerkzeugen und operationalen Ans\u00e4tzen<\/li>\n\n\n\n<li>Praxis-Lektionen (Monitor) mit den Basiswerkzeugen und operationalen Ans\u00e4tzen<\/li>\n\n\n\n<li>Vertiefte Solo-Lektionen mit steigendem Anspruch<\/li>\n\n\n\n<li>Theoretische Abschlusspr\u00fcfung und Teilnahmem\u00f6glichkeit an operationalen Projekten<\/li>\n\n\n\n<li>Auf Wunsch Feedback-Gespr\u00e4ch \/ Fortschrittsermittlung nach drei Monaten<\/li>\n<\/ul>\n\n\n\n<div style=\"height:5px\" aria-hidden=\"true\" class=\"wp-block-spacer\"><\/div>\n\n\n\n<p style=\"font-size:24px\"><strong>Kosten:<\/strong><\/p>\n\n\n\n<p>Die Kosten f\u00fcr den Fortgeschrittenenkurs (online) betragen:<\/p>\n\n\n\n<p class=\"has-black-color has-text-color\" style=\"font-size:32px\"><strong>1700,00 \u20ac<\/strong><\/p>\n\n\n\n<p>Das Fortgeschrittenenkurs-Paket beinhaltet die oben beschriebenen Trainings-Einheiten (ca. zwei Stunden pro Einheit einplanen) und Trainings-Unterlagen (Protokollvorlagen und Lehrheft). Auf Wunsch k\u00f6nnen nach dem Abschluss des Fortgeschrittenenkurses noch weitere Trainings-Einheiten der Stufe 6 hinzugebucht werden.<\/p>\n\n\n\n<div style=\"height:1px\" aria-hidden=\"true\" class=\"wp-block-spacer\"><\/div>\n\n\n\n<p>Die Online-Ausbildung kann \u00fcber sprach- und videof\u00e4hige Messenger wie <a rel=\"noreferrer noopener\" href=\"https:\/\/discord.com\/download\" data-type=\"URL\" data-id=\"https:\/\/discord.com\/download\" target=\"_blank\">Discord<\/a>, <a rel=\"noreferrer noopener\" href=\"https:\/\/meet.jit.si\/\" target=\"_blank\">Jitsi<\/a>, <a rel=\"noreferrer noopener\" href=\"https:\/\/www.skype.com\/de\/get-skype\/\" target=\"_blank\">Skype<\/a>, <a rel=\"noreferrer noopener\" href=\"https:\/\/desktop.telegram.org\/\" target=\"_blank\">Telegram<\/a> und <a rel=\"noreferrer noopener\" href=\"https:\/\/zoom.us\/download\" target=\"_blank\">Zoom<\/a> (bei Bedarf auch andere) durchgef\u00fchrt werden. Ben\u00f6tigt werden 10-15 Blatt Papier pro Praxis-Trainingseinheit, mehrere Kugelschreiber (am besten mit schwarzer Farbe), ein Mikrofon und eine Webcam, welche in den Trainingseinheiten auf die Session-Bl\u00e4tter gerichtet wird. Es wird ein Minimum von einem Trainingstermin pro Woche empfohlen, optimal sind aber zwei bis vier. <\/p>\n\n\n\n<p class=\"has-vivid-red-color has-text-color\">Die Teilnahme am Fortgeschrittenenkurs setzt einen bereits absolvierten Basiskurs (oder eine gleichwertige Remote Viewing-Ausbildung der Stufen 1-5) voraus.<\/p>\n\n\n\n<p><strong>Hinweis:<\/strong> Der Fortgeschrittenenkurs ist auch als <a rel=\"noreferrer noopener\" href=\"https:\/\/signallinie.info\/dienstleistungen\/ausbildung\/vor-ort-ausbildung\/\" data-type=\"page\" data-id=\"752\" target=\"_blank\">Vor Ort-Variante<\/a> verf\u00fcgbar (Dauer und Kosten richten sich nach der Anzahl der Teilnehmer und Reisekosten der Ausbilder).<\/p>\n\n\n\n<hr class=\"wp-block-separator has-text-color has-cyan-bluish-gray-color has-css-opacity has-cyan-bluish-gray-background-color has-background is-style-wide\"\/>\n\n\n\n<p style=\"font-size:16px\"><strong>Kontaktaufnahme f\u00fcr weitere Informationen \/ Kurs-Buchung<\/strong>:<\/p>\n\n\n<div class=\"wpforms-container wpforms-container-full wpforms-block wpforms-block-2f91730f-f262-4130-85d5-c885b2d4ddfb\" id=\"wpforms-772\"><form id=\"wpforms-form-772\" class=\"wpforms-validate wpforms-form wpforms-ajax-form\" data-formid=\"772\" method=\"post\" enctype=\"multipart\/form-data\" action=\"\/dienstleistungen\/wp-json\/wp\/v2\/pages\/60\" data-token=\"18ad0d87679df5b35537887f4b6f8588\" data-token-time=\"1775576381\"><noscript class=\"wpforms-error-noscript\">Bitte aktiviere JavaScript in deinem Browser, um dieses Formular fertigzustellen.<\/noscript><div class=\"wpforms-field-container\"><div id=\"wpforms-772-field_0-container\" class=\"wpforms-field wpforms-field-name\" data-field-id=\"0\"><label class=\"wpforms-field-label\" for=\"wpforms-772-field_0\">Name <span class=\"wpforms-required-label\">*<\/span><\/label><input type=\"text\" id=\"wpforms-772-field_0\" class=\"wpforms-field-medium wpforms-field-required\" name=\"wpforms[fields][0]\" required><\/div><div id=\"wpforms-772-field_1-container\" class=\"wpforms-field wpforms-field-email\" data-field-id=\"1\"><label class=\"wpforms-field-label\" for=\"wpforms-772-field_1\">E-Mail <span class=\"wpforms-required-label\">*<\/span><\/label><input type=\"email\" id=\"wpforms-772-field_1\" class=\"wpforms-field-medium wpforms-field-required\" name=\"wpforms[fields][1]\" spellcheck=\"false\" required><\/div><div id=\"wpforms-772-field_3-container\" class=\"wpforms-field wpforms-field-select wpforms-field-select-style-classic\" data-field-id=\"3\"><label class=\"wpforms-field-label\" for=\"wpforms-772-field_3\">Art der Anfrage <span class=\"wpforms-required-label\">*<\/span><\/label><select id=\"wpforms-772-field_3\" class=\"wpforms-field-medium wpforms-field-required\" name=\"wpforms[fields][3]\" required=\"required\"><option value=\"Schnupper-Session\"  class=\"choice-1 depth-1\"  >Schnupper-Session<\/option><option value=\"Online-Ausbildung\"  selected='selected' class=\"choice-2 depth-1\"  >Online-Ausbildung<\/option><option value=\"Vor Ort-Ausbildung\"  class=\"choice-3 depth-1\"  >Vor Ort-Ausbildung<\/option><option value=\"Recherche-Auftrag\"  class=\"choice-4 depth-1\"  >Recherche-Auftrag<\/option><option value=\"Sonstige Anfragen\"  class=\"choice-5 depth-1\"  >Sonstige Anfragen<\/option><\/select><\/div><div id=\"wpforms-772-field_2-container\" class=\"wpforms-field wpforms-field-textarea\" data-field-id=\"2\"><label class=\"wpforms-field-label\" for=\"wpforms-772-field_2\">Nachricht <span class=\"wpforms-required-label\">*<\/span><\/label><textarea id=\"wpforms-772-field_2\" class=\"wpforms-field-medium wpforms-field-required\" name=\"wpforms[fields][2]\" required><\/textarea><\/div><\/div><!-- .wpforms-field-container --><div class=\"wpforms-recaptcha-container wpforms-is-recaptcha wpforms-is-recaptcha-type-v2\" ><div class=\"g-recaptcha\" data-sitekey=\"6LdXBB0oAAAAAIPdwVdoECiO8Pgbshx56XwEdRCG\"><\/div><input type=\"text\" name=\"g-recaptcha-hidden\" class=\"wpforms-recaptcha-hidden\" style=\"position:absolute!important;clip:rect(0,0,0,0)!important;height:1px!important;width:1px!important;border:0!important;overflow:hidden!important;padding:0!important;margin:0!important;\" data-rule-recaptcha=\"1\"><\/div><div class=\"wpforms-submit-container\" ><input type=\"hidden\" name=\"wpforms[id]\" value=\"772\"><input type=\"hidden\" name=\"page_title\" value=\"\"><input type=\"hidden\" name=\"page_url\" value=\"https:\/\/signallinie.info\/dienstleistungen\/wp-json\/wp\/v2\/pages\/60\"><input type=\"hidden\" name=\"url_referer\" value=\"\"><button type=\"submit\" name=\"wpforms[submit]\" id=\"wpforms-submit-772\" class=\"wpforms-submit\" data-alt-text=\"Senden\u2026\" data-submit-text=\"Absenden\" aria-live=\"assertive\" value=\"wpforms-submit\">Absenden<\/button><img loading=\"lazy\" decoding=\"async\" src=\"https:\/\/signallinie.info\/dienstleistungen\/wp-content\/plugins\/wpforms\/assets\/images\/submit-spin.svg\" class=\"wpforms-submit-spinner\" style=\"display: none;\" width=\"26\" height=\"26\" alt=\"Wird geladen\"><\/div><\/form><\/div>  <!-- .wpforms-container -->\n\n\n<hr class=\"wp-block-separator has-text-color has-cyan-bluish-gray-color has-css-opacity has-cyan-bluish-gray-background-color has-background is-style-wide\"\/>\n\n\n\n<p style=\"font-size:16px\"><strong>Weitere M\u00f6glichkeiten der Kontaktaufnahme:<\/strong><\/p>\n\n\n\n<p><strong>E-Mail:<\/strong> <a href=\"mailto:rv-dienstleistungen@signallinie.info\">rv-dienstleistungen@signallinie.info<\/a><br><strong>Telefon:<\/strong> +49 8361 9250 901<br><strong>Mobil:<\/strong> +49 152 269 306 24<br><strong>Discord:<\/strong> Wingman8472#8327<br><strong>Telegram:<\/strong> <a href=\"https:\/\/t.me\/signallinie\" target=\"_blank\" rel=\"noreferrer noopener\">https:\/\/t.me\/signallinie<\/a><\/p>\n","protected":false},"excerpt":{"rendered":"<p>Nachdem die Stufen 1-5 des Remote Viewing-Protokolls im Basiskurs verinnerlicht und gemeistert wurden, erlernt man im Fortgeschrittenenkurs die vielseitigen Werkzeuge und grenzenlose Bewegungsfreiheit der Stufe 6. Aufgrund ihrer Komplexit\u00e4t und Dynamik, wird der Stufe 6 hier ein kompletter, eigenst\u00e4ndiger Kurs gewidmet. Dank der Basis-Werkzeuge (relationale Diagramme, Personenwahrnehmung, Beziehungsanalyse, Deep Mind<\/p>\n","protected":false},"author":1,"featured_media":0,"parent":44,"menu_order":12,"comment_status":"closed","ping_status":"closed","template":"","meta":{"footnotes":""},"class_list":["post-60","page","type-page","status-publish","hentry"],"_links":{"self":[{"href":"https:\/\/signallinie.info\/dienstleistungen\/wp-json\/wp\/v2\/pages\/60","targetHints":{"allow":["GET"]}}],"collection":[{"href":"https:\/\/signallinie.info\/dienstleistungen\/wp-json\/wp\/v2\/pages"}],"about":[{"href":"https:\/\/signallinie.info\/dienstleistungen\/wp-json\/wp\/v2\/types\/page"}],"author":[{"embeddable":true,"href":"https:\/\/signallinie.info\/dienstleistungen\/wp-json\/wp\/v2\/users\/1"}],"replies":[{"embeddable":true,"href":"https:\/\/signallinie.info\/dienstleistungen\/wp-json\/wp\/v2\/comments?post=60"}],"version-history":[{"count":44,"href":"https:\/\/signallinie.info\/dienstleistungen\/wp-json\/wp\/v2\/pages\/60\/revisions"}],"predecessor-version":[{"id":3451,"href":"https:\/\/signallinie.info\/dienstleistungen\/wp-json\/wp\/v2\/pages\/60\/revisions\/3451"}],"up":[{"embeddable":true,"href":"https:\/\/signallinie.info\/dienstleistungen\/wp-json\/wp\/v2\/pages\/44"}],"wp:attachment":[{"href":"https:\/\/signallinie.info\/dienstleistungen\/wp-json\/wp\/v2\/media?parent=60"}],"curies":[{"name":"wp","href":"https:\/\/api.w.org\/{rel}","templated":true}]}}