{"id":57,"date":"2022-01-03T11:25:00","date_gmt":"2022-01-03T10:25:00","guid":{"rendered":"https:\/\/signallinie.info\/dienstleistungen\/?page_id=57"},"modified":"2025-11-01T13:14:33","modified_gmt":"2025-11-01T12:14:33","slug":"basiskurs-stufe-1-5","status":"publish","type":"page","link":"https:\/\/signallinie.info\/dienstleistungen\/ausbildung\/basiskurs-stufe-1-5\/","title":{"rendered":"Basiskurs: Stufe 1-5 (online)"},"content":{"rendered":"\n<figure class=\"wp-block-image size-large\"><img loading=\"lazy\" decoding=\"async\" width=\"1024\" height=\"176\" src=\"https:\/\/signallinie.info\/dienstleistungen\/wp-content\/uploads\/2022\/05\/Collage-Basiskurs-1024x176.jpg\" alt=\"\" class=\"wp-image-1042\" srcset=\"https:\/\/signallinie.info\/dienstleistungen\/wp-content\/uploads\/2022\/05\/Collage-Basiskurs-1024x176.jpg 1024w, https:\/\/signallinie.info\/dienstleistungen\/wp-content\/uploads\/2022\/05\/Collage-Basiskurs-300x52.jpg 300w, https:\/\/signallinie.info\/dienstleistungen\/wp-content\/uploads\/2022\/05\/Collage-Basiskurs-768x132.jpg 768w, https:\/\/signallinie.info\/dienstleistungen\/wp-content\/uploads\/2022\/05\/Collage-Basiskurs.jpg 1280w\" sizes=\"auto, (max-width: 1024px) 100vw, 1024px\" \/><\/figure>\n\n\n\n<p>Im Basiskurs erlernt man die ersten f\u00fcnf Stufen des Remote Viewing-Protokolls. Damit ist nicht nur das grundlegende Erlebnis der Echtheit au\u00dfersinnlicher Wahrnehmung m\u00f6glich, sondern es k\u00f6nnen bereits erste, operationale Aufgabenstellungen bearbeitet werden. Dieses Theorie- und Praxiswissen erm\u00f6glicht daher einen soliden Einstieg in die eigenst\u00e4ndige Anwendung des Remote Viewing und die effektive Zusammenarbeit mit anderen, ausgebildeten Viewern.<\/p>\n\n\n\n<div style=\"height:5px\" aria-hidden=\"true\" class=\"wp-block-spacer\"><\/div>\n\n\n\n<p style=\"font-size:24px\"><strong>Inhalte:<\/strong><\/p>\n\n\n\n<ul class=\"wp-block-list\">\n<li>Einf\u00fchrungsvortrag<\/li>\n\n\n\n<li>Eigenst\u00e4ndige Anwendung des Remote Viewing-Protokolls bis zur Stufe 5<\/li>\n\n\n\n<li>Erste Monitor-Erfahrungen (andere Remote Viewer durch eine Session f\u00fchren)<\/li>\n\n\n\n<li>Theorie und praktische \u00dcbungen zur Stufe 1:<br>Kontaktaufnahme mit dem Zielgebiet und erstes Abrufen von Informationen<\/li>\n\n\n\n<li>Theorie und praktische \u00dcbungen zur Stufe 2: Organisieren der Daten nach sensorischen Kategorien: Farben, Oberfl\u00e4chen, Ger\u00fcche, Geschm\u00e4cker, Temperaturen, Ger\u00e4uschen und Dimensionen<\/li>\n\n\n\n<li>Theorie und praktische \u00dcbungen zur Stufe 3:<br>Grobes skizzieren der sensorischen Informationen und anordnen der in Stufe 2 ermittelten Daten.<\/li>\n\n\n\n<li>Theorie und praktische \u00dcbungen zur Stufe 4:<br>Kategorisierung der wichtigsten sensorischen und dimensionalen Eindr\u00fccke, Erfassung allgemeiner Fremdemotionen und immaterielle Aspekte, wie Handlungen und Funktionen am Zielgebiet.<\/li>\n\n\n\n<li>Theorie und praktische \u00dcbungen zur Stufe 5:<br>Gezielte Erfassung von Detail-Informationen zu einzelnen Aspekten im Zielgebiet<\/li>\n\n\n\n<li>Diskussions- und Fragerunden<\/li>\n\n\n\n<li>Vernetzung mit anderen, ausgebildeten Remote Viewern f\u00fcr gemeinsame Projekte<\/li>\n\n\n\n<li>\u00dcbungsmaterial: Protokoll-Handout und Lehrheft<\/li>\n<\/ul>\n\n\n\n<div style=\"height:5px\" aria-hidden=\"true\" class=\"wp-block-spacer\"><\/div>\n\n\n\n<p style=\"font-size:24px\"><strong>Ablauf:<\/strong><\/p>\n\n\n\n<ul class=\"wp-block-list\">\n<li>Einf\u00fchrungsvortrag \u00fcber die Geschichte und Anwendung des Remote Viewing<\/li>\n\n\n\n<li>Theorie und Praxis-Lektionen der Stufen 1-3 (Viewer)<\/li>\n\n\n\n<li>Praxis-Lektion der Stufen 1-3 (Monitor)<\/li>\n\n\n\n<li>Praxis-Lektion der Stufen 1-3 (Solo &#8211; mit Ausbilder-Verbesserungen)<\/li>\n\n\n\n<li>Theorie und Praxis-Lektionen der Stufen 1-4 (Viewer)<\/li>\n\n\n\n<li>Praxis-Lektion der Stufen 1-4 (Monitor)<\/li>\n\n\n\n<li>Praxis-Lektion der Stufen 1-4  (Solo &#8211; mit Ausbilder-Verbesserungen)<\/li>\n\n\n\n<li>Theorie und Praxis-Lektionen der Stufen 1-5 (Viewer)<\/li>\n\n\n\n<li>Praxis-Lektion der Stufen 1-5 (Monitor)<\/li>\n\n\n\n<li>Praxis-Lektion der Stufen 1-5 (Solo &#8211; mit Ausbilder-Verbesserungen)<\/li>\n\n\n\n<li>Theoretische Abschlusspr\u00fcfung und Vernetzung mit anderen Remote Viewern<\/li>\n\n\n\n<li>Auf Wunsch Feedback-Gespr\u00e4ch \/ Fortschrittsermittlung nach einem Monat<\/li>\n<\/ul>\n\n\n\n<div style=\"height:5px\" aria-hidden=\"true\" class=\"wp-block-spacer\"><\/div>\n\n\n\n<p style=\"font-size:24px\"><strong>Kosten:<\/strong><\/p>\n\n\n\n<p>Die Kosten f\u00fcr den Basiskurs (online) betragen:<\/p>\n\n\n\n<p class=\"has-black-color has-text-color\" style=\"font-size:32px\"><strong>1900,00 \u20ac<\/strong><\/p>\n\n\n\n<p>Das Basiskurs-Paket beinhaltet die oben beschriebenen Trainings-Einheiten (ca. zwei Stunden pro Einheit einplanen) und Trainings-Unterlagen (Protokollvorlagen und Lehrheft). Auf Wunsch k\u00f6nnen nach dem Abschluss des Basiskurses noch weitere Trainings-Einheiten der Stufen 1-5 hinzugebucht werden.<\/p>\n\n\n\n<div style=\"height:1px\" aria-hidden=\"true\" class=\"wp-block-spacer\"><\/div>\n\n\n\n<p>Die Online-Ausbildung kann \u00fcber sprach- und videof\u00e4hige Messenger wie <a href=\"https:\/\/discord.com\/download\" data-type=\"URL\" data-id=\"https:\/\/discord.com\/download\" target=\"_blank\" rel=\"noreferrer noopener\">Discord<\/a>, <a href=\"https:\/\/meet.jit.si\/\" target=\"_blank\" rel=\"noreferrer noopener\">Jitsi<\/a>, <a href=\"https:\/\/desktop.telegram.org\/\" target=\"_blank\" rel=\"noreferrer noopener\">Telegram<\/a> und <a href=\"https:\/\/zoom.us\/download\" target=\"_blank\" rel=\"noreferrer noopener\">Zoom<\/a> (bei Bedarf auch andere) durchgef\u00fchrt werden. Ben\u00f6tigt werden 10-15 Blatt Papier pro Praxis-Trainingseinheit, mehrere Kugelschreiber (am besten mit schwarzer Farbe), ein Mikrofon und eine Webcam, welche in den Trainingseinheiten auf die Session-Bl\u00e4tter gerichtet wird.<\/p>\n\n\n\n<p><strong>Hinweis:<\/strong> Der Basiskurs ist auch als <a rel=\"noreferrer noopener\" href=\"https:\/\/signallinie.info\/dienstleistungen\/ausbildung\/vor-ort-ausbildung\/\" data-type=\"page\" data-id=\"752\" target=\"_blank\">Vor Ort-Variante<\/a> verf\u00fcgbar (Dauer und Kosten richten sich nach der Anzahl der Teilnehmer und Reisekosten der Ausbilder).<\/p>\n\n\n\n<hr class=\"wp-block-separator has-text-color has-cyan-bluish-gray-color has-css-opacity has-cyan-bluish-gray-background-color has-background is-style-wide\"\/>\n\n\n\n<p style=\"font-size:16px\"><strong>Kontaktaufnahme f\u00fcr weitere Informationen \/ Kurs-Buchung<\/strong>:<\/p>\n\n\n<div class=\"wpforms-container wpforms-container-full wpforms-block wpforms-block-16e14abf-d07e-420f-abd9-7682af2bc177\" id=\"wpforms-772\"><form id=\"wpforms-form-772\" class=\"wpforms-validate wpforms-form wpforms-ajax-form\" data-formid=\"772\" method=\"post\" enctype=\"multipart\/form-data\" action=\"\/dienstleistungen\/wp-json\/wp\/v2\/pages\/57\" data-token=\"aba991c561b4f43d442646183d0a979c\" data-token-time=\"1775406406\"><noscript class=\"wpforms-error-noscript\">Bitte aktiviere JavaScript in deinem Browser, um dieses Formular fertigzustellen.<\/noscript><div class=\"wpforms-field-container\"><div id=\"wpforms-772-field_0-container\" class=\"wpforms-field wpforms-field-name\" data-field-id=\"0\"><label class=\"wpforms-field-label\" for=\"wpforms-772-field_0\">Name <span class=\"wpforms-required-label\">*<\/span><\/label><input type=\"text\" id=\"wpforms-772-field_0\" class=\"wpforms-field-medium wpforms-field-required\" name=\"wpforms[fields][0]\" required><\/div><div id=\"wpforms-772-field_1-container\" class=\"wpforms-field wpforms-field-email\" data-field-id=\"1\"><label class=\"wpforms-field-label\" for=\"wpforms-772-field_1\">E-Mail <span class=\"wpforms-required-label\">*<\/span><\/label><input type=\"email\" id=\"wpforms-772-field_1\" class=\"wpforms-field-medium wpforms-field-required\" name=\"wpforms[fields][1]\" spellcheck=\"false\" required><\/div><div id=\"wpforms-772-field_3-container\" class=\"wpforms-field wpforms-field-select wpforms-field-select-style-classic\" data-field-id=\"3\"><label class=\"wpforms-field-label\" for=\"wpforms-772-field_3\">Art der Anfrage <span class=\"wpforms-required-label\">*<\/span><\/label><select id=\"wpforms-772-field_3\" class=\"wpforms-field-medium wpforms-field-required\" name=\"wpforms[fields][3]\" required=\"required\"><option value=\"Schnupper-Session\"  class=\"choice-1 depth-1\"  >Schnupper-Session<\/option><option value=\"Online-Ausbildung\"  selected='selected' class=\"choice-2 depth-1\"  >Online-Ausbildung<\/option><option value=\"Vor Ort-Ausbildung\"  class=\"choice-3 depth-1\"  >Vor Ort-Ausbildung<\/option><option value=\"Recherche-Auftrag\"  class=\"choice-4 depth-1\"  >Recherche-Auftrag<\/option><option value=\"Sonstige Anfragen\"  class=\"choice-5 depth-1\"  >Sonstige Anfragen<\/option><\/select><\/div><div id=\"wpforms-772-field_2-container\" class=\"wpforms-field wpforms-field-textarea\" data-field-id=\"2\"><label class=\"wpforms-field-label\" for=\"wpforms-772-field_2\">Nachricht <span class=\"wpforms-required-label\">*<\/span><\/label><textarea id=\"wpforms-772-field_2\" class=\"wpforms-field-medium wpforms-field-required\" name=\"wpforms[fields][2]\" required><\/textarea><\/div><\/div><!-- .wpforms-field-container --><div class=\"wpforms-recaptcha-container wpforms-is-recaptcha wpforms-is-recaptcha-type-v2\" ><div class=\"g-recaptcha\" data-sitekey=\"6LdXBB0oAAAAAIPdwVdoECiO8Pgbshx56XwEdRCG\"><\/div><input type=\"text\" name=\"g-recaptcha-hidden\" class=\"wpforms-recaptcha-hidden\" style=\"position:absolute!important;clip:rect(0,0,0,0)!important;height:1px!important;width:1px!important;border:0!important;overflow:hidden!important;padding:0!important;margin:0!important;\" data-rule-recaptcha=\"1\"><\/div><div class=\"wpforms-submit-container\" ><input type=\"hidden\" name=\"wpforms[id]\" value=\"772\"><input type=\"hidden\" name=\"page_title\" value=\"\"><input type=\"hidden\" name=\"page_url\" value=\"https:\/\/signallinie.info\/dienstleistungen\/wp-json\/wp\/v2\/pages\/57\"><input type=\"hidden\" name=\"url_referer\" value=\"\"><button type=\"submit\" name=\"wpforms[submit]\" id=\"wpforms-submit-772\" class=\"wpforms-submit\" data-alt-text=\"Senden\u2026\" data-submit-text=\"Absenden\" aria-live=\"assertive\" value=\"wpforms-submit\">Absenden<\/button><img loading=\"lazy\" decoding=\"async\" src=\"https:\/\/signallinie.info\/dienstleistungen\/wp-content\/plugins\/wpforms\/assets\/images\/submit-spin.svg\" class=\"wpforms-submit-spinner\" style=\"display: none;\" width=\"26\" height=\"26\" alt=\"Wird geladen\"><\/div><\/form><\/div>  <!-- .wpforms-container -->\n\n\n<hr class=\"wp-block-separator has-text-color has-cyan-bluish-gray-color has-css-opacity has-cyan-bluish-gray-background-color has-background is-style-wide\"\/>\n\n\n\n<p style=\"font-size:16px\"><strong>Weitere M\u00f6glichkeiten der Kontaktaufnahme:<\/strong><\/p>\n\n\n\n<p><strong>E-Mail:<\/strong> <a href=\"mailto:rv-dienstleistungen@signallinie.info\">rv-dienstleistungen@signallinie.info<\/a><br><strong>Telefon:<\/strong> +49 8361 9250 901<br><strong>Mobil:<\/strong> +49 152 269 306 24<br><strong>Discord:<\/strong> Wingman8472#8327<br><strong>Telegram:<\/strong> <a href=\"https:\/\/t.me\/signallinie\" target=\"_blank\" rel=\"noreferrer noopener\">https:\/\/t.me\/signallinie<\/a><\/p>\n","protected":false},"excerpt":{"rendered":"<p>Im Basiskurs erlernt man die ersten f\u00fcnf Stufen des Remote Viewing-Protokolls. Damit ist nicht nur das grundlegende Erlebnis der Echtheit au\u00dfersinnlicher Wahrnehmung m\u00f6glich, sondern es k\u00f6nnen bereits erste, operationale Aufgabenstellungen bearbeitet werden. Dieses Theorie- und Praxiswissen erm\u00f6glicht daher einen soliden Einstieg in die eigenst\u00e4ndige Anwendung des Remote Viewing und die<\/p>\n","protected":false},"author":1,"featured_media":0,"parent":44,"menu_order":11,"comment_status":"closed","ping_status":"closed","template":"","meta":{"footnotes":""},"class_list":["post-57","page","type-page","status-publish","hentry"],"_links":{"self":[{"href":"https:\/\/signallinie.info\/dienstleistungen\/wp-json\/wp\/v2\/pages\/57","targetHints":{"allow":["GET"]}}],"collection":[{"href":"https:\/\/signallinie.info\/dienstleistungen\/wp-json\/wp\/v2\/pages"}],"about":[{"href":"https:\/\/signallinie.info\/dienstleistungen\/wp-json\/wp\/v2\/types\/page"}],"author":[{"embeddable":true,"href":"https:\/\/signallinie.info\/dienstleistungen\/wp-json\/wp\/v2\/users\/1"}],"replies":[{"embeddable":true,"href":"https:\/\/signallinie.info\/dienstleistungen\/wp-json\/wp\/v2\/comments?post=57"}],"version-history":[{"count":84,"href":"https:\/\/signallinie.info\/dienstleistungen\/wp-json\/wp\/v2\/pages\/57\/revisions"}],"predecessor-version":[{"id":3446,"href":"https:\/\/signallinie.info\/dienstleistungen\/wp-json\/wp\/v2\/pages\/57\/revisions\/3446"}],"up":[{"embeddable":true,"href":"https:\/\/signallinie.info\/dienstleistungen\/wp-json\/wp\/v2\/pages\/44"}],"wp:attachment":[{"href":"https:\/\/signallinie.info\/dienstleistungen\/wp-json\/wp\/v2\/media?parent=57"}],"curies":[{"name":"wp","href":"https:\/\/api.w.org\/{rel}","templated":true}]}}