{"id":53,"date":"2022-01-03T11:23:28","date_gmt":"2022-01-03T10:23:28","guid":{"rendered":"https:\/\/signallinie.info\/dienstleistungen\/?page_id=53"},"modified":"2026-03-07T07:57:11","modified_gmt":"2026-03-07T06:57:11","slug":"vorstellung","status":"publish","type":"page","link":"https:\/\/signallinie.info\/dienstleistungen\/ueber-mich\/vorstellung\/","title":{"rendered":"Vorstellung"},"content":{"rendered":"\n<div class=\"wp-block-group\"><div class=\"wp-block-group__inner-container is-layout-flow wp-block-group-is-layout-flow\">\n<p><\/p>\n\n\n\n<div class=\"wp-block-media-text alignwide is-stacked-on-mobile is-vertically-aligned-center\" style=\"grid-template-columns:26% auto\"><figure class=\"wp-block-media-text__media\"><a href=\"https:\/\/signallinie.info\/dienstleistungen\/wp-content\/uploads\/2022\/01\/Profilfoto.jpg\" target=\"_blank\" rel=\"noopener\"><img loading=\"lazy\" decoding=\"async\" width=\"293\" height=\"348\" src=\"https:\/\/signallinie.info\/dienstleistungen\/wp-content\/uploads\/2022\/01\/Profilfoto.jpg\" alt=\"Stefan Franke\" class=\"wp-image-131 size-full\" srcset=\"https:\/\/signallinie.info\/dienstleistungen\/wp-content\/uploads\/2022\/01\/Profilfoto.jpg 293w, https:\/\/signallinie.info\/dienstleistungen\/wp-content\/uploads\/2022\/01\/Profilfoto-253x300.jpg 253w\" sizes=\"auto, (max-width: 293px) 100vw, 293px\" \/><\/a><\/figure><div class=\"wp-block-media-text__content\">\n<p>Mein Name ist Stefan Franke. Ich bin seit 2016 hauptberuflich als Projekt- und Seminarleiter in der Technik des Remote Viewing t\u00e4tig. Seitdem biete ich dazu Vortr\u00e4ge, Workshops, Seminare (vor Ort und online) und die Durchf\u00fchrung von Recherche-Auftr\u00e4gen an. Zudem bin ich seit \u00fcber 15 Jahren Autor f\u00fcr Fachartikel und Projektberichte in der Thematik. Bis dato umfasst diese Arbeit knapp 100 Artikel.<\/p>\n<\/div><\/div>\n<\/div><\/div>\n\n\n\n<p>Zum ersten Mal kam ich im Jahre 2009 mit Remote Viewing in Ber\u00fchrung. Anfangs noch autodidaktisch aus Lehrb\u00fcchern lernend, absolvierte ich schlie\u00dflich 2012 eine formale Ausbildung. Die Besch\u00e4ftigung mit Remote Viewing liegt in meinem praxisbezogenen Interesse f\u00fcr grenzwissenschaftliche Themen seit ca. 2004 begr\u00fcndet. Dies beinhaltete von Anfang an verschiedene Bewusstseinstechniken, wie luzide Tr\u00e4ume, au\u00dferk\u00f6rperliche Erfahrungen, Pr\u00e4kognition und \u00e4hnliche Ph\u00e4nomene.<\/p>\n\n\n\n<p>Als ich dann auf Remote Viewing stie\u00df, erwies es sich f\u00fcr mich als eine zuverl\u00e4ssige und inhaltlich ausgereifte Methodik zur au\u00dfersinnlichen Informationsgewinnung im allt\u00e4glichen Gebrauch. Seitdem bin ich bestrebt, das Remote Viewing auszureizen, weiter zu entwickeln und den Menschen als Werkzeug der &#8222;informatorischen Selbsterm\u00e4chtigung&#8220; zur Verf\u00fcgung zu stellen.<\/p>\n\n\n\n<p>Meinen detaillierten Werdegang in der Grenzwissen-Thematik (inkl. Remote Viewing) findet ihr in der <strong><a rel=\"noreferrer noopener\" href=\"https:\/\/signallinie.info\/dienstleistungen\/ueber-mich\/chronik\/\" data-type=\"page\" data-id=\"40\" target=\"_blank\">Chronik<\/a><\/strong>. Dort sind auch jeweils alle \u00f6ffentlich einsehbaren Publikationen (Artikel, Podcasts, Videos etc&#8230;) chronologisch verlinkt.<\/p>\n\n\n\n<div style=\"height:10px\" aria-hidden=\"true\" class=\"wp-block-spacer\"><\/div>\n\n\n\n<p><strong>\u00dcbersicht meiner Remote Viewing-Publikationen (seit 2011):<\/strong><\/p>\n\n\n\n<ul class=\"wp-block-list\">\n<li><strong><a href=\"https:\/\/signallinie.info\/sessions\/chronologisch\/\" target=\"_blank\" rel=\"noreferrer noopener\">Projekt-Artikel auf Signallinie<\/a><\/strong><\/li>\n\n\n\n<li><strong><a href=\"https:\/\/signallinie.info\/fachartikel-signallinie\/\" target=\"_blank\" rel=\"noreferrer noopener\">Fachartikel auf Signallinie<\/a><\/strong><\/li>\n\n\n\n<li><strong><a href=\"https:\/\/signallinie.info\/fachartikel-extern\/\" target=\"_blank\" rel=\"noreferrer noopener\">Fachartikel auf anderen Websites<\/a><\/strong><\/li>\n\n\n\n<li><strong><a rel=\"noreferrer noopener\" href=\"https:\/\/signallinie.info\/literaturbeitraege\/\" target=\"_blank\">Beitr\u00e4ge in Print-Literatur<\/a><\/strong><\/li>\n\n\n\n<li><strong><a rel=\"noreferrer noopener\" href=\"https:\/\/signallinie.info\/videos-und-podcasts\/\" target=\"_blank\">Videos und Podcast<\/a><\/strong><\/li>\n<\/ul>\n","protected":false},"excerpt":{"rendered":"<p>Mein Name ist Stefan Franke. Ich bin seit 2016 hauptberuflich als Projekt- und Seminarleiter in der Technik des Remote Viewing t\u00e4tig. Seitdem biete ich dazu Vortr\u00e4ge, Workshops, Seminare (vor Ort und online) und die Durchf\u00fchrung von Recherche-Auftr\u00e4gen an. Zudem bin ich seit \u00fcber 15 Jahren Autor f\u00fcr Fachartikel und Projektberichte<\/p>\n","protected":false},"author":1,"featured_media":0,"parent":12,"menu_order":1,"comment_status":"closed","ping_status":"closed","template":"","meta":{"footnotes":""},"class_list":["post-53","page","type-page","status-publish","hentry"],"_links":{"self":[{"href":"https:\/\/signallinie.info\/dienstleistungen\/wp-json\/wp\/v2\/pages\/53","targetHints":{"allow":["GET"]}}],"collection":[{"href":"https:\/\/signallinie.info\/dienstleistungen\/wp-json\/wp\/v2\/pages"}],"about":[{"href":"https:\/\/signallinie.info\/dienstleistungen\/wp-json\/wp\/v2\/types\/page"}],"author":[{"embeddable":true,"href":"https:\/\/signallinie.info\/dienstleistungen\/wp-json\/wp\/v2\/users\/1"}],"replies":[{"embeddable":true,"href":"https:\/\/signallinie.info\/dienstleistungen\/wp-json\/wp\/v2\/comments?post=53"}],"version-history":[{"count":43,"href":"https:\/\/signallinie.info\/dienstleistungen\/wp-json\/wp\/v2\/pages\/53\/revisions"}],"predecessor-version":[{"id":3857,"href":"https:\/\/signallinie.info\/dienstleistungen\/wp-json\/wp\/v2\/pages\/53\/revisions\/3857"}],"up":[{"embeddable":true,"href":"https:\/\/signallinie.info\/dienstleistungen\/wp-json\/wp\/v2\/pages\/12"}],"wp:attachment":[{"href":"https:\/\/signallinie.info\/dienstleistungen\/wp-json\/wp\/v2\/media?parent=53"}],"curies":[{"name":"wp","href":"https:\/\/api.w.org\/{rel}","templated":true}]}}