{"id":50,"date":"2022-01-03T11:22:18","date_gmt":"2022-01-03T10:22:18","guid":{"rendered":"https:\/\/signallinie.info\/dienstleistungen\/?page_id=50"},"modified":"2026-03-29T12:34:12","modified_gmt":"2026-03-29T10:34:12","slug":"willkommen","status":"publish","type":"page","link":"https:\/\/signallinie.info\/dienstleistungen\/","title":{"rendered":"Willkommen!"},"content":{"rendered":"<div class=\"wp-block-image\">\n<figure class=\"aligncenter size-large\"><a href=\"https:\/\/signallinie.info\/dienstleistungen\/wp-content\/uploads\/2022\/09\/crv-collage.png\" target=\"_blank\" rel=\"noreferrer noopener\"><img loading=\"lazy\" decoding=\"async\" width=\"1024\" height=\"229\" src=\"https:\/\/signallinie.info\/dienstleistungen\/wp-content\/uploads\/2022\/09\/crv-collage-1024x229.png\" alt=\"CRV-Protokoll\" class=\"wp-image-1642\" srcset=\"https:\/\/signallinie.info\/dienstleistungen\/wp-content\/uploads\/2022\/09\/crv-collage-1024x229.png 1024w, https:\/\/signallinie.info\/dienstleistungen\/wp-content\/uploads\/2022\/09\/crv-collage-300x67.png 300w, https:\/\/signallinie.info\/dienstleistungen\/wp-content\/uploads\/2022\/09\/crv-collage-768x172.png 768w, https:\/\/signallinie.info\/dienstleistungen\/wp-content\/uploads\/2022\/09\/crv-collage-1536x343.png 1536w, https:\/\/signallinie.info\/dienstleistungen\/wp-content\/uploads\/2022\/09\/crv-collage-2048x458.png 2048w\" sizes=\"auto, (max-width: 1024px) 100vw, 1024px\" \/><\/a><\/figure>\n<\/div>\n\n\n<p>In diesem Bereich von &#8222;Signallinie&#8220; findet ihr meine <strong>Remote Viewing-Dienstleistungen<\/strong>. Dazu z\u00e4hlen <a rel=\"noreferrer noopener\" href=\"https:\/\/signallinie.info\/dienstleistungen\/ausbildung\/\" data-type=\"page\" data-id=\"44\" target=\"_blank\">Seminare<\/a>, <a rel=\"noreferrer noopener\" href=\"https:\/\/signallinie.info\/dienstleistungen\/ausbildung\/workshop-online\/\" data-type=\"page\" data-id=\"1466\" target=\"_blank\">Workshops<\/a> (online und ausw\u00e4rts), <a rel=\"noreferrer noopener\" href=\"https:\/\/signallinie.info\/dienstleistungen\/ausbildung\/schnupper-session\/\" data-type=\"page\" data-id=\"474\" target=\"_blank\">Schnuppersessions<\/a>, <a rel=\"noreferrer noopener\" href=\"https:\/\/signallinie.info\/dienstleistungen\/recherche-auftraege\/\" data-type=\"page\" data-id=\"47\" target=\"_blank\">Recherche-Auftr\u00e4ge<\/a>, und andere Angebote rund um Remote Viewing.<\/p>\n\n\n\n<p>Zudem findet ihr hier detaillierte Informationen \u00fcber <a href=\"https:\/\/signallinie.info\/dienstleistungen\/ueber-mich\/vorstellung\/\">mich<\/a> und meinen <a href=\"https:\/\/signallinie.info\/dienstleistungen\/ueber-mich\/chronik\/\" data-type=\"page\" data-id=\"40\" target=\"_blank\" rel=\"noreferrer noopener\">bisherigen Weg<\/a> in der Welt des Grenzwissens, <a href=\"https:\/\/signallinie.info\/dienstleistungen\/ausbildung\/erfahrungsberichte\/\" data-type=\"page\" data-id=\"3954\" target=\"_blank\" rel=\"noreferrer noopener\">Erfahrungsberichte<\/a> aus meinen Seminaren, <a href=\"https:\/\/signallinie.info\/dienstleistungen\/kontakt\/\" target=\"_blank\" rel=\"noreferrer noopener\">Kontaktm\u00f6glichkeiten<\/a> und <a href=\"https:\/\/signallinie.info\/dienstleistungen\/events\/\" target=\"_blank\" rel=\"noreferrer noopener\">Termine<\/a> zu k\u00fcnftigen Veranstaltungen (Vortr\u00e4ge, Kongresse u. \u00e4.).<\/p>\n\n\n\n<hr class=\"wp-block-separator has-css-opacity is-style-wide\"\/>\n\n\n\n<p class=\"has-accent-color has-text-color\"><strong>Freie Termine <em>(Online- \/ Vor Ort-Seminare, Workshops und Recherche-Auftr\u00e4ge)<\/em>:<\/strong><\/p>\n\n\n\n<ul class=\"wp-block-list\">\n<li>Neue Termine f\u00fcr <a href=\"https:\/\/signallinie.info\/dienstleistungen\/ausbildung\/schnupper-session\/\" data-type=\"page\" data-id=\"474\" target=\"_blank\" rel=\"noreferrer noopener\">Schnupper-Sessions<\/a> ab <strong>April 2026<\/strong> m\u00f6glich<\/li>\n\n\n\n<li>Neue Termine f\u00fcr <a href=\"https:\/\/signallinie.info\/dienstleistungen\/ausbildung\/\" data-type=\"page\" data-id=\"44\" target=\"_blank\" rel=\"noreferrer noopener\">Ausbildungen \/ Workshops<\/a> ab <strong>April 2026<\/strong> m\u00f6glich<\/li>\n\n\n\n<li>Aktuelle Wartezeiten f\u00fcr neue <a href=\"https:\/\/signallinie.info\/dienstleistungen\/recherche-auftraege\/\" data-type=\"page\" data-id=\"47\" target=\"_blank\" rel=\"noreferrer noopener\">Recherche-Auftr\u00e4ge<\/a>: <strong>1 bis 2 Wochen<\/strong> (<em><a href=\"https:\/\/into-the-matrix.de\/remote-viewing-auftragsarbeit\" target=\"_blank\" rel=\"noreferrer noopener\">alternative M\u00f6glichkeit<\/a><\/em>)<\/li>\n<\/ul>\n\n\n\n<hr class=\"wp-block-separator has-css-opacity is-style-wide\"\/>\n\n\n\n<p class=\"has-text-color has-link-color wp-elements-1b1b422e4206f13f3902c2bc29981c3b\" style=\"color:#ab8919\"><strong>Freie Pl\u00e4tze bei Vor Ort-Seminaren \/ Workshops \/ Events:<\/strong><\/p>\n\n\n\n<ul class=\"wp-block-list\">\n<li><s><strong>14. bis 15. M\u00e4rz 2026<\/strong> <em>(Oase Ingenio: <a href=\"https:\/\/signallinie.info\/dienstleistungen\/event\/remote-viewing-schnupper-workshop-in-lochau-hoerbranz-vorarlberg-2\/\" target=\"_blank\" rel=\"noreferrer noopener\">Schnupper-Workshop<\/a>)<\/em>: <em>1 von 10 Pl\u00e4tzen frei<\/em><\/s><\/li>\n<\/ul>\n\n\n\n<hr class=\"wp-block-separator has-css-opacity is-style-wide\"\/>\n\n\n\n<p class=\"has-highlight-color has-text-color has-link-color wp-elements-49dcc8807790c914133a36d1f122d5d0\"><strong>Voraussichtliche Abwesenheiten <em>(wird bei Ver\u00e4nderungen aktualisiert)<\/em>:<\/strong><\/p>\n\n\n\n<ul class=\"wp-block-list\">\n<li><strong>25. bis 28. Juni 2026<\/strong> <em>(Event)<\/em><\/li>\n<\/ul>\n\n\n\n<hr class=\"wp-block-separator has-css-opacity is-style-wide\"\/>\n\n\n\n<p class=\"has-secondary-color has-text-color has-link-color wp-elements-f345a7c4c267513480ca46bd53f12591\"><strong>Veranstaltungen, an denen ich als Remote Viewing-Referent teilnehme:<\/strong><\/p>\n\n\n\n<ul class=\"wp-block-list\">\n<li><strong>25. bis 28. Juni 2026<\/strong> <em>(Geistreich am Teich: <a href=\"https:\/\/signallinie.info\/dienstleistungen\/event\/geistreich-am-teich-event-2026\/\" target=\"_blank\" rel=\"noreferrer noopener\">Detailinfos folgen noch&#8230;<\/a>)<\/em><\/li>\n<\/ul>\n\n\n\n<hr class=\"wp-block-separator has-css-opacity is-style-wide\"\/>\n\n\n\n<p><a href=\"https:\/\/signallinie.info\/\" target=\"_blank\" rel=\"noreferrer noopener\">Signallinie-Blog<\/a> mit Projektberichten, Fachartikeln, Wissenssammlungen u.v.m.:<\/p>\n\n\n\n<figure class=\"wp-block-image is-resized\"><a href=\"https:\/\/signallinie.info\/\" target=\"_blank\" rel=\"noopener\"><img loading=\"lazy\" decoding=\"async\" width=\"585\" height=\"160\" src=\"https:\/\/signallinie.info\/dienstleistungen\/wp-content\/uploads\/2022\/01\/Signallinie-Banner.jpg\" alt=\"Signallinie-Banner\" class=\"wp-image-119\" style=\"width:585px;height:160px\" srcset=\"https:\/\/signallinie.info\/dienstleistungen\/wp-content\/uploads\/2022\/01\/Signallinie-Banner.jpg 585w, https:\/\/signallinie.info\/dienstleistungen\/wp-content\/uploads\/2022\/01\/Signallinie-Banner-300x82.jpg 300w\" sizes=\"auto, (max-width: 585px) 100vw, 585px\" \/><\/a><\/figure>\n\n\n\n<p><\/p>\n","protected":false},"excerpt":{"rendered":"<p>In diesem Bereich von &#8222;Signallinie&#8220; findet ihr meine Remote Viewing-Dienstleistungen. Dazu z\u00e4hlen Seminare, Workshops (online und ausw\u00e4rts), Schnuppersessions, Recherche-Auftr\u00e4ge, und andere Angebote rund um Remote Viewing. Zudem findet ihr hier detaillierte Informationen \u00fcber mich und meinen bisherigen Weg in der Welt des Grenzwissens, Erfahrungsberichte aus meinen Seminaren, Kontaktm\u00f6glichkeiten und Termine<\/p>\n","protected":false},"author":1,"featured_media":0,"parent":0,"menu_order":0,"comment_status":"closed","ping_status":"closed","template":"","meta":{"footnotes":""},"class_list":["post-50","page","type-page","status-publish","hentry"],"_links":{"self":[{"href":"https:\/\/signallinie.info\/dienstleistungen\/wp-json\/wp\/v2\/pages\/50","targetHints":{"allow":["GET"]}}],"collection":[{"href":"https:\/\/signallinie.info\/dienstleistungen\/wp-json\/wp\/v2\/pages"}],"about":[{"href":"https:\/\/signallinie.info\/dienstleistungen\/wp-json\/wp\/v2\/types\/page"}],"author":[{"embeddable":true,"href":"https:\/\/signallinie.info\/dienstleistungen\/wp-json\/wp\/v2\/users\/1"}],"replies":[{"embeddable":true,"href":"https:\/\/signallinie.info\/dienstleistungen\/wp-json\/wp\/v2\/comments?post=50"}],"version-history":[{"count":502,"href":"https:\/\/signallinie.info\/dienstleistungen\/wp-json\/wp\/v2\/pages\/50\/revisions"}],"predecessor-version":[{"id":3976,"href":"https:\/\/signallinie.info\/dienstleistungen\/wp-json\/wp\/v2\/pages\/50\/revisions\/3976"}],"wp:attachment":[{"href":"https:\/\/signallinie.info\/dienstleistungen\/wp-json\/wp\/v2\/media?parent=50"}],"curies":[{"name":"wp","href":"https:\/\/api.w.org\/{rel}","templated":true}]}}