{"id":474,"date":"2022-02-01T17:36:32","date_gmt":"2022-02-01T16:36:32","guid":{"rendered":"https:\/\/signallinie.info\/dienstleistungen\/?page_id=474"},"modified":"2025-11-01T13:11:03","modified_gmt":"2025-11-01T12:11:03","slug":"schnupper-session","status":"publish","type":"page","link":"https:\/\/signallinie.info\/dienstleistungen\/ausbildung\/schnupper-session\/","title":{"rendered":"Schnupper-Session (online)"},"content":{"rendered":"\n<figure class=\"wp-block-image size-large is-style-default\"><img loading=\"lazy\" decoding=\"async\" width=\"1024\" height=\"176\" src=\"https:\/\/signallinie.info\/dienstleistungen\/wp-content\/uploads\/2022\/05\/Schnuppersession_Header-1024x176.jpg\" alt=\"\" class=\"wp-image-1037\" srcset=\"https:\/\/signallinie.info\/dienstleistungen\/wp-content\/uploads\/2022\/05\/Schnuppersession_Header-1024x176.jpg 1024w, https:\/\/signallinie.info\/dienstleistungen\/wp-content\/uploads\/2022\/05\/Schnuppersession_Header-300x52.jpg 300w, https:\/\/signallinie.info\/dienstleistungen\/wp-content\/uploads\/2022\/05\/Schnuppersession_Header-768x132.jpg 768w, https:\/\/signallinie.info\/dienstleistungen\/wp-content\/uploads\/2022\/05\/Schnuppersession_Header.jpg 1280w\" sizes=\"auto, (max-width: 1024px) 100vw, 1024px\" \/><\/figure>\n\n\n\n<p>Man wird durch nichts so gepr\u00e4gt und vorangebracht, wie durch Selbsterfahrung. Deshalb bietet sich hier jedem Remote Viewing-Interessierten die M\u00f6glichkeit, g\u00fcnstig an einer ausf\u00fchrlichen Schnupper-Session teilzunehmen. Die Schnupper-Session verl\u00e4uft bis zur Stufe 4 des Remote Viewing-Protokolls, und wird vom Ausbilder als Monitor begleitet.<\/p>\n\n\n\n<p>Durch so eine Schnupper-Session kann man vor allem selber erfahren, wie sich Remote Viewing anf\u00fchlt und ob es \u00fcberhaupt etwas f\u00fcr einen ist, bevor man sich entschlie\u00dft, an kompletten Ausbildungsseminaren teilzunehmen. Ein weiterer Vorteil ist, dass sich w\u00e4hrend so einer Praxiserfahrung viele Fragen und Anf\u00e4ngerfehler kl\u00e4ren, die oft hinderliche Begleiterscheinungen sind, wenn man es sich selber aus Lehrb\u00fcchern beizubringen versucht.<\/p>\n\n\n\n<div style=\"height:5px\" aria-hidden=\"true\" class=\"wp-block-spacer\"><\/div>\n\n\n\n<p style=\"font-size:24px\"><strong>Ablauf:<\/strong><\/p>\n\n\n\n<p>Der Ablauf ist folgenderma\u00dfen: Die Schnupper-Session kann \u00fcber sprach- und videof\u00e4hige Messenger wie <a rel=\"noreferrer noopener\" href=\"https:\/\/discord.com\/download\" data-type=\"URL\" data-id=\"https:\/\/discord.com\/download\" target=\"_blank\">Discord<\/a>, <a rel=\"noreferrer noopener\" href=\"https:\/\/meet.jit.si\/\" target=\"_blank\">Jitsi<\/a>, <a rel=\"noreferrer noopener\" href=\"https:\/\/www.skype.com\/de\/get-skype\/\" target=\"_blank\">Skype<\/a>, <a rel=\"noreferrer noopener\" href=\"https:\/\/desktop.telegram.org\/\" target=\"_blank\">Telegram<\/a> und <a rel=\"noreferrer noopener\" href=\"https:\/\/zoom.us\/download\" target=\"_blank\">Zoom<\/a> (bei Bedarf auch andere) durchgef\u00fchrt werden. F\u00fcr die Session braucht ihr einen Stapel wei\u00dfer Bl\u00e4tter (15-20 gen\u00fcgen) und einen Kugelschreiber. An Hardware wird ein Headset bzw. Mikrofon und eine Webcam ben\u00f6tigt, welche auf die Bl\u00e4tter gerichtet ist. Letztere ist notwendig, damit der Ausbilder sehen kann, an welcher Stelle der Session man ist. Auf Wunsch kann auch eine Aufzeichnung angefertigt werden, die als Videodatei bereitgestellt wird.<\/p>\n\n\n\n<p>F\u00fcr die Schnupper-Session sollten 2-3 Stunden ungest\u00f6rte Zeit reserviert werden (kein enger Termindruck, kein klingelndes Telefon oder Besucher&#8230;). Es erfolgt zuerst eine <strong>theoretische Einf\u00fchrung in die Stufen 1-4<\/strong> des Remote Viewing-Protokolls. Danach beginnt die Praxis mit einer <strong>Ideogramm-\u00dcbung<\/strong> und anschlie\u00dfend die eigentliche <strong>Schnupper-Session<\/strong>. Am Ende wird das Target aufgel\u00f6st und besprochen. Zudem gibt es noch <strong>Infomaterial<\/strong> und <strong>Vernetzungsm\u00f6glichkeiten<\/strong> mit anderen, praxiserfahrenen Remote Viewing-Interessierten.<\/p>\n\n\n\n<div style=\"height:5px\" aria-hidden=\"true\" class=\"wp-block-spacer\"><\/div>\n\n\n\n<p style=\"font-size:24px\"><strong>Kosten:<\/strong><\/p>\n\n\n\n<p>Die Kosten f\u00fcr die Schnupper-Session (online) betragen:<\/p>\n\n\n\n<p style=\"font-size:32px\"><strong>85,00 \u20ac<\/strong><\/p>\n\n\n\n<hr class=\"wp-block-separator has-text-color has-cyan-bluish-gray-color has-css-opacity has-cyan-bluish-gray-background-color has-background is-style-wide\"\/>\n\n\n\n<p style=\"font-size:16px\"><strong>Kontaktaufnahme f\u00fcr weitere Informationen \/ Buchung<\/strong>:<\/p>\n\n\n<div class=\"wpforms-container wpforms-container-full wpforms-block wpforms-block-33345e60-2156-4ab5-9621-abac8611ec59\" id=\"wpforms-824\"><form id=\"wpforms-form-824\" class=\"wpforms-validate wpforms-form wpforms-ajax-form\" data-formid=\"824\" method=\"post\" enctype=\"multipart\/form-data\" action=\"\/dienstleistungen\/wp-json\/wp\/v2\/pages\/474\" data-token=\"c18167a6b7581df9cdbb2ed23e994f82\" data-token-time=\"1775746027\"><noscript class=\"wpforms-error-noscript\">Bitte aktiviere JavaScript in deinem Browser, um dieses Formular fertigzustellen.<\/noscript><div class=\"wpforms-field-container\"><div id=\"wpforms-824-field_0-container\" class=\"wpforms-field wpforms-field-name\" data-field-id=\"0\"><label class=\"wpforms-field-label\" for=\"wpforms-824-field_0\">Name <span class=\"wpforms-required-label\">*<\/span><\/label><input type=\"text\" id=\"wpforms-824-field_0\" class=\"wpforms-field-medium wpforms-field-required\" name=\"wpforms[fields][0]\" required><\/div><div id=\"wpforms-824-field_1-container\" class=\"wpforms-field wpforms-field-email\" data-field-id=\"1\"><label class=\"wpforms-field-label\" for=\"wpforms-824-field_1\">E-Mail <span class=\"wpforms-required-label\">*<\/span><\/label><input type=\"email\" id=\"wpforms-824-field_1\" class=\"wpforms-field-medium wpforms-field-required\" name=\"wpforms[fields][1]\" spellcheck=\"false\" required><\/div><div id=\"wpforms-824-field_3-container\" class=\"wpforms-field wpforms-field-select wpforms-field-select-style-classic\" data-field-id=\"3\"><label class=\"wpforms-field-label\" for=\"wpforms-824-field_3\">Art der Anfrage <span class=\"wpforms-required-label\">*<\/span><\/label><select id=\"wpforms-824-field_3\" class=\"wpforms-field-medium wpforms-field-required\" name=\"wpforms[fields][3]\" required=\"required\"><option value=\"Schnupper-Session\"  selected='selected' class=\"choice-1 depth-1\"  >Schnupper-Session<\/option><option value=\"Online-Ausbildung\"  class=\"choice-2 depth-1\"  >Online-Ausbildung<\/option><option value=\"Vor Ort-Ausbildung\"  class=\"choice-3 depth-1\"  >Vor Ort-Ausbildung<\/option><option value=\"Recherche-Auftrag\"  class=\"choice-4 depth-1\"  >Recherche-Auftrag<\/option><option value=\"Sonstige Anfragen\"  class=\"choice-5 depth-1\"  >Sonstige Anfragen<\/option><\/select><\/div><div id=\"wpforms-824-field_2-container\" class=\"wpforms-field wpforms-field-textarea\" data-field-id=\"2\"><label class=\"wpforms-field-label\" for=\"wpforms-824-field_2\">Nachricht <span class=\"wpforms-required-label\">*<\/span><\/label><textarea id=\"wpforms-824-field_2\" class=\"wpforms-field-medium wpforms-field-required\" name=\"wpforms[fields][2]\" required><\/textarea><\/div><\/div><!-- .wpforms-field-container --><div class=\"wpforms-recaptcha-container wpforms-is-recaptcha wpforms-is-recaptcha-type-v2\" ><div class=\"g-recaptcha\" data-sitekey=\"6LdXBB0oAAAAAIPdwVdoECiO8Pgbshx56XwEdRCG\"><\/div><input type=\"text\" name=\"g-recaptcha-hidden\" class=\"wpforms-recaptcha-hidden\" style=\"position:absolute!important;clip:rect(0,0,0,0)!important;height:1px!important;width:1px!important;border:0!important;overflow:hidden!important;padding:0!important;margin:0!important;\" data-rule-recaptcha=\"1\"><\/div><div class=\"wpforms-submit-container\" ><input type=\"hidden\" name=\"wpforms[id]\" value=\"824\"><input type=\"hidden\" name=\"page_title\" value=\"\"><input type=\"hidden\" name=\"page_url\" value=\"https:\/\/signallinie.info\/dienstleistungen\/wp-json\/wp\/v2\/pages\/474\"><input type=\"hidden\" name=\"url_referer\" value=\"\"><button type=\"submit\" name=\"wpforms[submit]\" id=\"wpforms-submit-824\" class=\"wpforms-submit\" data-alt-text=\"Senden\u2026\" data-submit-text=\"Absenden\" aria-live=\"assertive\" value=\"wpforms-submit\">Absenden<\/button><img loading=\"lazy\" decoding=\"async\" src=\"https:\/\/signallinie.info\/dienstleistungen\/wp-content\/plugins\/wpforms\/assets\/images\/submit-spin.svg\" class=\"wpforms-submit-spinner\" style=\"display: none;\" width=\"26\" height=\"26\" alt=\"Wird geladen\"><\/div><\/form><\/div>  <!-- .wpforms-container -->\n\n\n<hr class=\"wp-block-separator has-text-color has-cyan-bluish-gray-color has-css-opacity has-cyan-bluish-gray-background-color has-background is-style-wide\"\/>\n\n\n\n<p style=\"font-size:16px\"><strong>Weitere M\u00f6glichkeiten der Kontaktaufnahme:<\/strong><\/p>\n\n\n\n<p><strong>E-Mail:<\/strong> <a href=\"mailto:rv-dienstleistungen@signallinie.info\">rv-dienstleistungen@signallinie.info<\/a><br><strong>Telefon:<\/strong> +49 8361 9250 901<br><strong>Mobil:<\/strong> +49 152 269 306 24<br><strong>Discord:<\/strong> Wingman8472#8327<br><strong>Telegram:<\/strong> <a href=\"https:\/\/t.me\/signallinie\" target=\"_blank\" rel=\"noreferrer noopener\">https:\/\/t.me\/signallinie<\/a><\/p>\n","protected":false},"excerpt":{"rendered":"<p>Man wird durch nichts so gepr\u00e4gt und vorangebracht, wie durch Selbsterfahrung. Deshalb bietet sich hier jedem Remote Viewing-Interessierten die M\u00f6glichkeit, g\u00fcnstig an einer ausf\u00fchrlichen Schnupper-Session teilzunehmen. Die Schnupper-Session verl\u00e4uft bis zur Stufe 4 des Remote Viewing-Protokolls, und wird vom Ausbilder als Monitor begleitet. Durch so eine Schnupper-Session kann man vor<\/p>\n","protected":false},"author":1,"featured_media":0,"parent":44,"menu_order":9,"comment_status":"closed","ping_status":"closed","template":"","meta":{"footnotes":""},"class_list":["post-474","page","type-page","status-publish","hentry"],"_links":{"self":[{"href":"https:\/\/signallinie.info\/dienstleistungen\/wp-json\/wp\/v2\/pages\/474","targetHints":{"allow":["GET"]}}],"collection":[{"href":"https:\/\/signallinie.info\/dienstleistungen\/wp-json\/wp\/v2\/pages"}],"about":[{"href":"https:\/\/signallinie.info\/dienstleistungen\/wp-json\/wp\/v2\/types\/page"}],"author":[{"embeddable":true,"href":"https:\/\/signallinie.info\/dienstleistungen\/wp-json\/wp\/v2\/users\/1"}],"replies":[{"embeddable":true,"href":"https:\/\/signallinie.info\/dienstleistungen\/wp-json\/wp\/v2\/comments?post=474"}],"version-history":[{"count":61,"href":"https:\/\/signallinie.info\/dienstleistungen\/wp-json\/wp\/v2\/pages\/474\/revisions"}],"predecessor-version":[{"id":3444,"href":"https:\/\/signallinie.info\/dienstleistungen\/wp-json\/wp\/v2\/pages\/474\/revisions\/3444"}],"up":[{"embeddable":true,"href":"https:\/\/signallinie.info\/dienstleistungen\/wp-json\/wp\/v2\/pages\/44"}],"wp:attachment":[{"href":"https:\/\/signallinie.info\/dienstleistungen\/wp-json\/wp\/v2\/media?parent=474"}],"curies":[{"name":"wp","href":"https:\/\/api.w.org\/{rel}","templated":true}]}}