{"id":445,"date":"2022-01-07T18:13:57","date_gmt":"2022-01-07T17:13:57","guid":{"rendered":"https:\/\/signallinie.info\/dienstleistungen\/?page_id=445"},"modified":"2026-03-29T12:22:21","modified_gmt":"2026-03-29T10:22:21","slug":"agb","status":"publish","type":"page","link":"https:\/\/signallinie.info\/dienstleistungen\/kontakt\/agb\/","title":{"rendered":"AGB"},"content":{"rendered":"\n<p class=\"has-medium-font-size\"><strong>1. Geltungsbereich<\/strong><\/p>\n\n\n\n<p><strong>1.1.<\/strong> Vertr\u00e4ge zwischen dem Auftraggeber, Seminarteilnehmer oder Kunden (nachfolgend Kunde genannt) und Stefan Franke \/ Signallinie-Dienstleistungen als Auftragnehmer kommen, sofern nicht im Einzelfall schriftlich etwas anderes vereinbart wurde, ausschlie\u00dflich nach Ma\u00dfgabe dieser allgemeinen Gesch\u00e4ftsbedingungen (AGB) zustande.<\/p>\n\n\n\n<p><strong>1.2. <\/strong>F\u00fcr Angebote externer Anbieter, die durch die website signallinie.info vermittelt werden, gelten deren jeweillige AGB. Die hier Aufgef\u00fchrten Gesch\u00e4ftsbedingungen gelten ausschlie\u00dflich f\u00fcr die Angebote durch den Anbieter Stefan Franke.<\/p>\n\n\n\n<p><strong>1.2.<\/strong> Mit der Zusage eines Angebots von Stefan Franke \/ Signallinie-Dienstleistungen und der damit einhergehenden Beauftragung erkennt der Kunde diese AGB ausdr\u00fccklich an.<\/p>\n\n\n\n<div style=\"height:20px\" aria-hidden=\"true\" class=\"wp-block-spacer\"><\/div>\n\n\n\n<p class=\"has-medium-font-size\"><strong>2. Auftr\u00e4ge und Vertragsschluss<\/strong><\/p>\n\n\n\n<p><strong>2.1.<\/strong> Auftrags-Anfragen sind schriftlich, telefonisch, per E-Mail oder Messengern vorzunehmen.<\/p>\n\n\n\n<p><strong>2.2.<\/strong> Ein verbindlicher Auftrag kommt erst zustande, nachdem der Kunde das Angebot von Stefan Franke \/ Signallinie-Dienstleistungen best\u00e4tigt hat. Die Best\u00e4tigung kann schriftlich, per E-Mail oder Messenger erfolgen. \u00c4nderungen oder Erg\u00e4nzungen des Vertrages bed\u00fcrfen der Schriftform.<\/p>\n\n\n\n<p><strong>2.3.<\/strong> Stefan Franke \/ Signallinie-Dienstleistungen beh\u00e4lt sich vor, die Anfragen zu einem Auftrag ohne Angabe von Gr\u00fcnden abzulehnen.<\/p>\n\n\n\n<p><strong>2.5.<\/strong> Dienstleistungen von Stefan Franke \/ Signallinie-Dienstleistungen richten sich an vollj\u00e4hrige Personen (18 Jahre). Die Inanspruchnahme durch Minderj\u00e4hrige bed\u00fcrfen einer schriftlichen Einverst\u00e4ndniserkl\u00e4rung des Erziehungsberechtigten.<\/p>\n\n\n\n<div style=\"height:20px\" aria-hidden=\"true\" class=\"wp-block-spacer\"><\/div>\n\n\n\n<p class=\"has-medium-font-size\"><strong>3. Leistungsbeschreibung und \u00c4nderungen der Auftragsdokumente<\/strong><\/p>\n\n\n\n<p><strong>3.1.<\/strong> Der Inhalt und die Durchf\u00fchrung von Auftr\u00e4gen wird in den ver\u00f6ffentlichen Leistungsbeschreibungen dargestellt.<\/p>\n\n\n\n<p><strong>3.2.<\/strong> Vertr\u00e4ge von Stefan Franke \/ Signallinie-Dienstleistungen sind Dienstvertr\u00e4ge, sofern nicht etwas anderes vereinbart wird. Die Ergebnisse richten nach der jeweiligen M\u00f6glichkeiten im Rahmen der Dienstleistung, nicht nach den gew\u00fcnschten Resultaten des Kunden.<\/p>\n\n\n\n<p><strong>3.3.<\/strong> Stefan Franke \/ Signallinie-Dienstleistungen beh\u00e4lt sich vor, Namen oder pers\u00f6nliche Anmerkungen in den Originaldokumenten, die durch die Dienstleistung entstehen, zugunsten des Datenschutzes zu schw\u00e4rzen. Dadurch werden die Ergebnisse der Dienstleistungen nicht beeintr\u00e4chtigt.<\/p>\n\n\n\n<p><strong>3.4.<\/strong> Wenn es f\u00fcr den Kunden zumutbar ist, beh\u00e4lt sich  Stefan Franke \/ Signallinie-Dienstleistungen eine \u00c4nderung des Lieferzeitpunktes vor.<\/p>\n\n\n\n<div style=\"height:20px\" aria-hidden=\"true\" class=\"wp-block-spacer\"><\/div>\n\n\n\n<p class=\"has-medium-font-size\"><strong>4. Absage von Auftr\u00e4gen durch  Stefan Franke \/ Signallinie-Dienstleistungen <\/strong><\/p>\n\n\n\n<p><strong>4.1.<\/strong>  Stefan Franke \/ Signallinie-Dienstleistungen beh\u00e4lt sich die Absage von Auftr\u00e4gen vor. Dies kann aus organisatorischen oder inhaltlichen Gr\u00fcnden passieren. In diesem Fall benachrichtigt  Stefan Franke \/ Signallinie-Dienstleistungen den Kunden so rechtzeitig wie m\u00f6glich telefonisch, schriftlich, per Fax oder per E-Mail.<\/p>\n\n\n\n<p><strong>4.2.<\/strong>  Stefan Franke \/ Signallinie-Dienstleistungen erstattet bereits gezahlte Betr\u00e4ge f\u00fcr abgesagte Auftr\u00e4ge und Seminare zur\u00fcck.<\/p>\n\n\n\n<p><strong>4.3.<\/strong> Weitergehende Anspr\u00fcche, gleich welcher Art, sowie der Ersatz von vergeblichen Aufwendungen sind ausgeschlossen.<\/p>\n\n\n\n<div style=\"height:20px\" aria-hidden=\"true\" class=\"wp-block-spacer\"><\/div>\n\n\n\n<p class=\"has-medium-font-size\"><strong>5. Widerrufsrecht und Stornierung<\/strong><\/p>\n\n\n\n<p><strong>5.1.<\/strong> Kunden k\u00f6nnen Ihre Vertragserkl\u00e4rung innerhalb 14 Tagen vor Erf\u00fcllung des Auftrags durch  Stefan Franke \/ Signallinie-Dienstleistungen ohne Angabe von Gr\u00fcnden in Textform (z. B. Brief, E-Mail) widerrufen. Die Stornierung nach Erf\u00fcllung eines Auftrags ist ausgeschlossen.<\/p>\n\n\n\n<p><strong>5.2.<\/strong> Die Stornierung von teilweise in Anspruch genommene Angeboten, z.B. Seminare und Veranstaltungen ist ausgeschlossen.<\/p>\n\n\n\n<p><strong>5.3.<\/strong> Bei Nichterscheinen zu vereinbarten Terminen (Auftragsbesprechungen, Seminaren, Veranstaltungen) wir der volle Preis f\u00e4llig.<\/p>\n\n\n\n<p><strong>5.4.<\/strong> Der Widerruf \/ die Stornierung ist an die im Impressum angegebene Adressen zu richten.<\/p>\n\n\n\n<div style=\"height:20px\" aria-hidden=\"true\" class=\"wp-block-spacer\"><\/div>\n\n\n\n<p class=\"has-medium-font-size\"><strong>6. Auftragsgeb\u00fchr und Zahlung<\/strong><\/p>\n\n\n\n<p><strong>6.1.<\/strong> Die Preise auf Ver\u00f6ffentlichungen (z.B. Flyer, Website) f\u00fcr Auftr\u00e4ge, Seminare oder Dienstleistungen sowie die Gew\u00e4hrung von Rabatten sind als Preisorientierung zu verstehen. Der verbindliche Preis f\u00fcr den jeweiligen Auftrag, Seminar oder Dienstleistung richtet sich nach dem schriftlichen Angebot von Stefan Franke \/ Signallinie-Dienstleistungen.<\/p>\n\n\n\n<p><strong>6.2.<\/strong> Best\u00e4tigt der Kunde ein schriftliches Angebot von Stefan Franke \/ Signallinie-Dienstleistungen, wird der Preis sofort und ohne Abzug f\u00e4llig (Vorkasse). Wird etwas anderes vereinbart, bedarf dies einer schriftlichen Vereinbarung.<\/p>\n\n\n\n<p><strong>6.3.<\/strong> Die Erbringung der jeweiligen Dienstleistung erfolgt mit Eingang der Rechnungssumme auf dem Konto des Anbieters.<\/p>\n\n\n\n<div style=\"height:20px\" aria-hidden=\"true\" class=\"wp-block-spacer\"><\/div>\n\n\n\n<p class=\"has-medium-font-size\"><strong>7. Urheberrechte; Nutzung von Auftragsunterlagen und Dokumente<\/strong><\/p>\n\n\n\n<p><strong>7.1.<\/strong> Leistungsinhalte und Auftragsunterlagen genie\u00dfen den Schutz des Urheberrechtsgesetzes. Nutzungsrechte werden nur durch ausdr\u00fcckliche schriftliche Nutzungsrechtseinr\u00e4umung \u00fcbertragen.<\/p>\n\n\n\n<p><strong>7.2.<\/strong> Unterlagen oder Datentr\u00e4ger, die zu Auftrags- oder Informationszwecken ausgeh\u00e4ndigt werden, d\u00fcrfen nicht vervielf\u00e4ltigt werden.<\/p>\n\n\n\n<div style=\"height:20px\" aria-hidden=\"true\" class=\"wp-block-spacer\"><\/div>\n\n\n\n<p class=\"has-medium-font-size\"><strong>8. Film und Fotorechte<\/strong><\/p>\n\n\n\n<p><strong>8.1.<\/strong> Der Kunde willigt f\u00fcr alle im Rahmen der Dienstleistung entstehenden Medien unwiderruflich und unentgeltlich darin ein, dass Stefan Franke \/ Signallinie-Dienstleistungen berechtigt ist, diese Medien in Form von Ton, Bild, Text oder Video zu erstellen, vervielf\u00e4ltigen und zu ver\u00f6ffentlichen. Dies geschieht nur unter der Ber\u00fccksichtigung der Datenschutzerkl\u00e4rung. Wird etwas anderes vereinbart (z.B. zum Zweck eines Interviews oder \u00e4hnliches), ist eine Video- oder Tonaufnahme, sowie die schriftliche Form der Einverst\u00e4ndniserkl\u00e4rung g\u00fcltig.<\/p>\n\n\n\n<div style=\"height:20px\" aria-hidden=\"true\" class=\"wp-block-spacer\"><\/div>\n\n\n\n<p class=\"has-medium-font-size\"><strong>9. Datenerfassung<\/strong><\/p>\n\n\n\n<p><strong>9.1.<\/strong> Der Kunde erkl\u00e4rt sich damit einverstanden, dass seine pers\u00f6nlichen Daten f\u00fcr die Auftragsabwicklung, Veranstaltungsabwicklung oder sp\u00e4tere Teilnehmerinformation gespeichert werden. Dar\u00fcber hinaus gilt die allgemeine Datenschutzerkl\u00e4rung von Stefan Franke \/ Signallinie-Dienstleistungen.<\/p>\n\n\n\n<div style=\"height:20px\" aria-hidden=\"true\" class=\"wp-block-spacer\"><\/div>\n\n\n\n<p class=\"has-medium-font-size\"><strong>10. Haftung von Stefan Franke \/ Signallinie-Dienstleistungen<\/strong><\/p>\n\n\n\n<p><strong>10.1. <\/strong>Die Inanspruchnahme der Angebote von Stefan Franke \/ Signallinie-Dienstleistungen sowie der Umgang mit den dadurch resultierenden Ergebnissen erfolgt auf eigene Verantwortung.<\/p>\n\n\n\n<p><strong>10.2.<\/strong> Soweit es sich nicht um wesentliche Pflichten aus dem Vertragsverh\u00e4ltnis handelt, haftet Stefan Franke \/ Signallinie-Dienstleistungen nur f\u00fcr Sch\u00e4den, die grob fahrl\u00e4ssig, vors\u00e4tzlich oder auf Bruch des Vertrags oder der AGB beruhen.<\/p>\n\n\n\n<p><strong>10.3.<\/strong> F\u00fcr Sch\u00e4den, die durch m\u00f6glichen fehlerhafte oder unvollst\u00e4ndige Inhalte der Auftragsergebnisse oder Seminarinhalte, Artikel oder Inhalte der Website beruhen, sowie durch Beratungen entstehen, \u00fcbernimmt Stefan Franke \/ Signallinie-Dienstleistungen keine Haftung.<\/p>\n\n\n\n<p><strong>10.4.<\/strong> Die von Stefan Franke \/ Signallinie-Dienstleistungen durchgef\u00fchrten Auftr\u00e4ge, Seminare, Vermittlungen und Beratungen ersetzen keinen Arzt oder fachkundigen Therapeuten.<\/p>\n\n\n\n<p><strong>10.5.<\/strong> Beratungen von Stefan Franke \/ Signallinie-Dienstleistungen beinhalten keine Heilung, keine Hilfe, keine Therapie, keine Behandlung.<\/p>\n\n\n\n<p><strong>10.6.<\/strong> Beratungen durch Stefan Franke \/ Signallinie-Dienstleistungen sind Gespr\u00e4che zur Bewusstwerdung der aktuellen Verhaltensweisen und dessen Etablierung.<\/p>\n\n\n\n<div style=\"height:20px\" aria-hidden=\"true\" class=\"wp-block-spacer\"><\/div>\n\n\n\n<p class=\"has-medium-font-size\"><strong>11. Schlussbestimmungen<\/strong><\/p>\n\n\n\n<p><strong>11.1.<\/strong> Soweit der Kunde Kaufmann im Sinne des Handelsgesetzbuchs ist oder ein Unternehmen betreibt, welches nach Art oder Umfang einen in kaufm\u00e4nnischer Weise eingerichteten Gesch\u00e4ftsbetrieb erfordert, ist Erf\u00fcllungsort Pfungstadt.<\/p>\n\n\n\n<p><strong>11.2.<\/strong> Soweit der Kunde Kaufmann im Sinne von \u00a7 38 Abs. 1 der Zivilprozessordung (ZPO), juristische Person des \u00f6ffentlichen Rechts oder ein \u00f6ffentlich-rechtliches Sonderverm\u00f6gen ist, ist ausschlie\u00dflicher Gerichtsstand Pfungstadt.<\/p>\n\n\n\n<p><strong>11.3.<\/strong> F\u00fcr den Fall, dass der Kunde keinen allgemeinen Gerichtsstand in der Bundesrepublik Deutschland hat, ist ausschlie\u00dflicher Gerichtsstand Pfungstadt.<\/p>\n\n\n\n<p><strong>11.4.<\/strong> \u00c4nderungen oder Erg\u00e4nzungen des Vertrages zwischen einem Kunden und  Stefan Franke \/ Signallinie-Dienstleistungen bed\u00fcrfen der Schriftform. Das Erfordernis der Schriftform kann nur durch eine schriftliche Vereinbarung der Vertragsparteien aufgehoben werden.<\/p>\n\n\n\n<p><strong>11.5.<\/strong> Diese Allgemeinen Gesch\u00e4ftsbedingungen gelten ab Mittwoch, 28. M\u00e4rz 2018. Die fr\u00fcheren Allgemeinen Gesch\u00e4ftsbedingungen verlieren zu diesem Zeitpunkt ihre G\u00fcltigkeit.<\/p>\n\n\n\n<div style=\"height:20px\" aria-hidden=\"true\" class=\"wp-block-spacer\"><\/div>\n\n\n\n<p class=\"has-medium-font-size\"><strong>12. Salvatorische Klausel<\/strong><\/p>\n\n\n\n<p><strong>12.1.<\/strong> Sollte eine Bestimmung dieser&nbsp;Allgemeinen Gesch\u00e4ftsbedingungen nichtig sein, so wird die Wirksamkeit der \u00fcbrigen Bestimmungen nicht ber\u00fchrt.<\/p>\n\n\n\n<p><strong>12.2.<\/strong> Sollten diese&nbsp;Allgemeinen Gesch\u00e4ftsbedingungen in einzelnen Teilen unwirksam sein oder L\u00fccken enthalten, so tritt an die Stelle der fehlenden oder unwirksamen Bestimmungen eine wirksame Bestimmung, die dem sonstigen Inhalt des Vertrages entspricht und dem wirtschaftlichen Zweck der fehlenden oder unwirksamen Bestimmung am n\u00e4chsten kommt.<\/p>\n","protected":false},"excerpt":{"rendered":"<p>1. Geltungsbereich 1.1. Vertr\u00e4ge zwischen dem Auftraggeber, Seminarteilnehmer oder Kunden (nachfolgend Kunde genannt) und Stefan Franke \/ Signallinie-Dienstleistungen als Auftragnehmer kommen, sofern nicht im Einzelfall schriftlich etwas anderes vereinbart wurde, ausschlie\u00dflich nach Ma\u00dfgabe dieser allgemeinen Gesch\u00e4ftsbedingungen (AGB) zustande. 1.2. F\u00fcr Angebote externer Anbieter, die durch die website signallinie.info vermittelt werden,<\/p>\n","protected":false},"author":1,"featured_media":0,"parent":18,"menu_order":26,"comment_status":"closed","ping_status":"closed","template":"","meta":{"footnotes":""},"class_list":["post-445","page","type-page","status-publish","hentry"],"_links":{"self":[{"href":"https:\/\/signallinie.info\/dienstleistungen\/wp-json\/wp\/v2\/pages\/445","targetHints":{"allow":["GET"]}}],"collection":[{"href":"https:\/\/signallinie.info\/dienstleistungen\/wp-json\/wp\/v2\/pages"}],"about":[{"href":"https:\/\/signallinie.info\/dienstleistungen\/wp-json\/wp\/v2\/types\/page"}],"author":[{"embeddable":true,"href":"https:\/\/signallinie.info\/dienstleistungen\/wp-json\/wp\/v2\/users\/1"}],"replies":[{"embeddable":true,"href":"https:\/\/signallinie.info\/dienstleistungen\/wp-json\/wp\/v2\/comments?post=445"}],"version-history":[{"count":12,"href":"https:\/\/signallinie.info\/dienstleistungen\/wp-json\/wp\/v2\/pages\/445\/revisions"}],"predecessor-version":[{"id":459,"href":"https:\/\/signallinie.info\/dienstleistungen\/wp-json\/wp\/v2\/pages\/445\/revisions\/459"}],"up":[{"embeddable":true,"href":"https:\/\/signallinie.info\/dienstleistungen\/wp-json\/wp\/v2\/pages\/18"}],"wp:attachment":[{"href":"https:\/\/signallinie.info\/dienstleistungen\/wp-json\/wp\/v2\/media?parent=445"}],"curies":[{"name":"wp","href":"https:\/\/api.w.org\/{rel}","templated":true}]}}