{"id":3954,"date":"2026-03-29T12:20:15","date_gmt":"2026-03-29T10:20:15","guid":{"rendered":"https:\/\/signallinie.info\/dienstleistungen\/?page_id=3954"},"modified":"2026-04-10T10:35:11","modified_gmt":"2026-04-10T08:35:11","slug":"erfahrungsberichte","status":"publish","type":"page","link":"https:\/\/signallinie.info\/dienstleistungen\/ausbildung\/erfahrungsberichte\/","title":{"rendered":"Erfahrungsberichte"},"content":{"rendered":"\n<figure class=\"wp-block-gallery has-nested-images columns-default is-cropped wp-block-gallery-2 is-layout-flex wp-block-gallery-is-layout-flex\"><div class=\"wp-block-image\">\n<figure class=\"aligncenter size-full\"><img loading=\"lazy\" decoding=\"async\" width=\"1024\" height=\"235\" data-id=\"4003\" src=\"https:\/\/signallinie.info\/dienstleistungen\/wp-content\/uploads\/2026\/03\/feedfack.png\" alt=\"Erfahrungsberichte\" class=\"wp-image-4003\" srcset=\"https:\/\/signallinie.info\/dienstleistungen\/wp-content\/uploads\/2026\/03\/feedfack.png 1024w, https:\/\/signallinie.info\/dienstleistungen\/wp-content\/uploads\/2026\/03\/feedfack-300x69.png 300w, https:\/\/signallinie.info\/dienstleistungen\/wp-content\/uploads\/2026\/03\/feedfack-768x176.png 768w\" sizes=\"auto, (max-width: 1024px) 100vw, 1024px\" \/><\/figure>\n<\/div><\/figure>\n\n\n\n<h6 class=\"wp-block-heading has-text-align-center\">Nachfolgend findet ihr einige Erfahrungsberichte meiner Seminarteilnehmer<\/h6>\n\n\n\n<hr class=\"wp-block-separator has-alpha-channel-opacity\"\/>\n\n\n\n<div style=\"height:1px\" aria-hidden=\"true\" class=\"wp-block-spacer\"><\/div>\n\n\n\n<div class=\"wp-block-media-text is-stacked-on-mobile\" style=\"padding-top:0;padding-right:0;padding-bottom:0;padding-left:0;grid-template-columns:25% auto\"><figure class=\"wp-block-media-text__media\"><a href=\"https:\/\/bernhardreicher.at\/\" target=\"_blank\" rel=\" noreferrer noopener\"><img loading=\"lazy\" decoding=\"async\" width=\"640\" height=\"640\" src=\"https:\/\/signallinie.info\/dienstleistungen\/wp-content\/uploads\/2026\/04\/Bernhard-Reicher.jpg\" alt=\"\" class=\"wp-image-4007 size-full\" srcset=\"https:\/\/signallinie.info\/dienstleistungen\/wp-content\/uploads\/2026\/04\/Bernhard-Reicher.jpg 640w, https:\/\/signallinie.info\/dienstleistungen\/wp-content\/uploads\/2026\/04\/Bernhard-Reicher-300x300.jpg 300w, https:\/\/signallinie.info\/dienstleistungen\/wp-content\/uploads\/2026\/04\/Bernhard-Reicher-150x150.jpg 150w\" sizes=\"auto, (max-width: 640px) 100vw, 640px\" \/><\/a><\/figure><div class=\"wp-block-media-text__content\">\n<p>Ich h\u00e4tte mir keinen besseren Remote Viewing-Lehrer w\u00fcnschen k\u00f6nnen als Stefan Franke. Er ist \u00fcberaus kompetent, einf\u00fchlsam und unaufgeregt\u2026 und dennoch brennt er f\u00fcr das Thema. Es ist ein Privileg, von so viel Erfahrung und Wissen zu profitieren \u2013 und die raschen, \u00fcberpr\u00fcfbaren Fortschritte im Training sprechen f\u00fcr sich.<\/p>\n<\/div><\/div>\n\n\n\n<ul class=\"wp-block-list\">\n<li><strong><em>Bernhard Reicher (<a href=\"https:\/\/www.magieschule.at\/\" target=\"_blank\" rel=\"noreferrer noopener\">Magier<\/a>, Graz)<\/em><\/strong><\/li>\n<\/ul>\n\n\n\n<hr class=\"wp-block-separator has-alpha-channel-opacity\"\/>\n\n\n\n<div style=\"height:1px\" aria-hidden=\"true\" class=\"wp-block-spacer\"><\/div>\n\n\n\n<p>Ich habe meine Ausbildung zum Remote Viewing bei Stefan Franke gemacht und bin rundum begeistert. Stefan beherrscht sein Fachgebiet perfekt \u2013 sein Wissen \u00fcber RV und die gesamte Historie dahinter ist wirklich l\u00fcckenlos. Was mich besonders beeindruckt hat, ist seine Art, die Inhalte verst\u00e4ndlich zu vermitteln. Er nimmt sich Zeit, geht individuell auf seine Kunden ein und schafft eine vertrauensvolle, diskrete Atmosph\u00e4re.<br><br>Remote Viewing hat mich auch in Kontakt mit einer sehr netten und kompetenten Community gebracht. Sowohl die Ausbildung und die M\u00f6glichkeiten die mir dadurch geschenkt wurden als auch der Austausch mit der Community haben mir geholfen mich schneller in meiner Pers\u00f6nlichkeit zu entwickeln als ich das jemals gedacht h\u00e4tte.<\/p>\n\n\n\n<p>Danke Stefan. Danke liebe Community.<\/p>\n\n\n\n<ul class=\"wp-block-list\">\n<li><strong><em>Romain Gerson<\/em><\/strong><\/li>\n<\/ul>\n\n\n\n<hr class=\"wp-block-separator has-alpha-channel-opacity\"\/>\n\n\n\n<div style=\"height:1px\" aria-hidden=\"true\" class=\"wp-block-spacer\"><\/div>\n\n\n\n<p>Ich habe Stefan f\u00fcr einen dreit\u00e4gigen Basiskurs zu mir nach Hause eingeladen. Es war in der kurzen Zeit ein sehr intensiver und anstrengender Lehrgang, aber es hat auch Spa\u00df gemacht, am eigenen Geist zu erleben, dass es funktioniert und wie es sich als Viewer anf\u00fchlt. Ich habe mich bei Stefan gut aufgehoben gef\u00fchlt. Man bemerkt, dass er viel Erfahrung in der Sache hat und auch mit Kompetenzen \u00fcber Remote Viewing hinaus den Lehrgang optimal erg\u00e4nzt.<\/p>\n\n\n\n<ul class=\"wp-block-list\">\n<li><strong><em>Y. F.<\/em><\/strong><\/li>\n<\/ul>\n\n\n\n<hr class=\"wp-block-separator has-alpha-channel-opacity\"\/>\n\n\n\n<div style=\"height:1px\" aria-hidden=\"true\" class=\"wp-block-spacer\"><\/div>\n\n\n\n<p>Ich habe die Ausbildung bei Stefan Franke bis Stufe 6 an einem St\u00fcck gemacht. Es dauerte etwa ein Jahr. Insgesamt hat es bei mir auch recht lange gedauert, bis ich meine St\u00e4rken herausgefunden habe. Denn ich habe mit der Zeit festgestellt, dass es doch ganz individuelle Typen von Remote Viewern gibt, manche sind extrem stark in der Bildwiedergabe (was bei mir nicht so sehr der Fall war, was es auch erschwerte, meine St\u00e4rken zu erkennen), andere sind stark in der emotionalen Wahrnehmung, bei mir ist es der Kontext in Sprache (gekoppelt noch mit wenig Vorgaben, um den Verstand weitestgehend auszuschalten). Als Stefan mich einmal ganz ohne Anweisungen auf ein Target schickte, fiel bei mir der Groschen.<\/p>\n\n\n\n<p>Ohne das freie System bei Stefan Franke w\u00e4re mir der Durchbruch wohl nicht gelungen. Zudem sind seine Geduld, seine Bodenst\u00e4ndigkeit und seine Nat\u00fcrlichkeit beste Voraussetzungen f\u00fcr einen ausgezeichneten Trainer. Und ich mochte auch die Freiz\u00fcgigkeit in seinem Denken und den Humor, der ab und an zur Lockermachung eingeschoben wurde. Insgesamt ist er f\u00fcr mich der perfekte Ausbilder gewesen. Andere m\u00f6gen vielleicht eher striktere Abl\u00e4ufe im Protokoll, aber das w\u00e4re f\u00fcr mich vermutlich stark kontraproduktiv gewesen. Bei mir also Daumen hoch!<\/p>\n\n\n\n<ul class=\"wp-block-list\">\n<li><strong><em>Franco<\/em><\/strong><\/li>\n<\/ul>\n\n\n\n<hr class=\"wp-block-separator has-alpha-channel-opacity\"\/>\n\n\n\n<div style=\"height:1px\" aria-hidden=\"true\" class=\"wp-block-spacer\"><\/div>\n\n\n\n<div class=\"wp-block-media-text is-stacked-on-mobile\" style=\"grid-template-columns:29% auto\"><figure class=\"wp-block-media-text__media\"><a href=\"https:\/\/anke-landmann.de\/\" target=\"_blank\" rel=\" noreferrer noopener\"><img loading=\"lazy\" decoding=\"async\" width=\"640\" height=\"640\" src=\"https:\/\/signallinie.info\/dienstleistungen\/wp-content\/uploads\/2026\/04\/Anke-Landmann.jpg\" alt=\"\" class=\"wp-image-4026 size-full\" srcset=\"https:\/\/signallinie.info\/dienstleistungen\/wp-content\/uploads\/2026\/04\/Anke-Landmann.jpg 640w, https:\/\/signallinie.info\/dienstleistungen\/wp-content\/uploads\/2026\/04\/Anke-Landmann-300x300.jpg 300w, https:\/\/signallinie.info\/dienstleistungen\/wp-content\/uploads\/2026\/04\/Anke-Landmann-150x150.jpg 150w\" sizes=\"auto, (max-width: 640px) 100vw, 640px\" \/><\/a><\/figure><div class=\"wp-block-media-text__content\">\n<p>Stefan lehrt uns, zu was wir mit unserem Bewusstsein f\u00e4hig sind und f\u00fchrt uns hinter den Schleier des Verborgenen \u2013 vorbei an g\u00e4ngigen T\u00e4uschungen und Narrativen. Obwohl ich schon seit vielen Jahren im Feld lese, hat Stefan mir ein noch gr\u00f6\u00dferes Verst\u00e4ndnis unserer Wahrnehmungsf\u00e4higkeiten er\u00f6ffnet und mir \u2013 besonders mit den Stufe-6-Tools \u2013 wertvolle Werkzeuge an die Hand gegeben, um noch exakter neutrale Daten aus dem Bewusstseinsfeld zu gewinnen.<\/p>\n<\/div><\/div>\n\n\n\n<p>Das von Stefan gelehrte Remote Viewing bietet ein unfassbar perfektes Tool, um den Dingen auf den Grund zu gehen und sich eine neue Wissensbasis aufzubauen \u2013 verifizierbar und wissenschaftlich fundiert. So formt sich mit der Zeit ein neues Weltenbild und ein neues inneres SoSein.<\/p>\n\n\n\n<p>Die 1:1-Betreuung von Stefan ist einfach hervorragend. Er nimmt sich Zeit f\u00fcr jeden Ausbildungsteilnehmer. Besonders gef\u00e4llt mir seine ruhige und besonnene Art, was in der heutigen Zeit wichtiger denn je ist. Man merkt, dass er mit Leib und Seele f\u00fcr Remote Viewing brennt.<\/p>\n\n\n\n<p>Ich bin in der letzten Phase der Projektleiterausbildung und k\u00f6nnte mir keinen besseren Ausbilder vorstellen. Von mir auch herzlichen Dank an die RV Community f\u00fcr den gegenseitigen Austausch und die spannenden Sessionergebnisse, die wir dort regelm\u00e4\u00dfig vorstellen.<\/p>\n\n\n\n<p>Ganz herzlichen Dank, lieber Stefan.<\/p>\n\n\n\n<ul class=\"wp-block-list\">\n<li><strong><em>Anke Landmann (<a href=\"https:\/\/anke-landmann.de\/\" target=\"_blank\" rel=\"noreferrer noopener\">Coach f\u00fcr spirituelle Lebensberatung und innere Transformation<\/a>)<\/em><\/strong><\/li>\n<\/ul>\n\n\n\n<hr class=\"wp-block-separator has-alpha-channel-opacity\"\/>\n","protected":false},"excerpt":{"rendered":"<p>Nachfolgend findet ihr einige Erfahrungsberichte meiner Seminarteilnehmer Ich h\u00e4tte mir keinen besseren Remote Viewing-Lehrer w\u00fcnschen k\u00f6nnen als Stefan Franke. Er ist \u00fcberaus kompetent, einf\u00fchlsam und unaufgeregt\u2026 und dennoch brennt er f\u00fcr das Thema. Es ist ein Privileg, von so viel Erfahrung und Wissen zu profitieren \u2013 und die raschen, \u00fcberpr\u00fcfbaren<\/p>\n","protected":false},"author":1,"featured_media":0,"parent":44,"menu_order":17,"comment_status":"closed","ping_status":"closed","template":"","meta":{"footnotes":""},"class_list":["post-3954","page","type-page","status-publish","hentry"],"_links":{"self":[{"href":"https:\/\/signallinie.info\/dienstleistungen\/wp-json\/wp\/v2\/pages\/3954","targetHints":{"allow":["GET"]}}],"collection":[{"href":"https:\/\/signallinie.info\/dienstleistungen\/wp-json\/wp\/v2\/pages"}],"about":[{"href":"https:\/\/signallinie.info\/dienstleistungen\/wp-json\/wp\/v2\/types\/page"}],"author":[{"embeddable":true,"href":"https:\/\/signallinie.info\/dienstleistungen\/wp-json\/wp\/v2\/users\/1"}],"replies":[{"embeddable":true,"href":"https:\/\/signallinie.info\/dienstleistungen\/wp-json\/wp\/v2\/comments?post=3954"}],"version-history":[{"count":37,"href":"https:\/\/signallinie.info\/dienstleistungen\/wp-json\/wp\/v2\/pages\/3954\/revisions"}],"predecessor-version":[{"id":4051,"href":"https:\/\/signallinie.info\/dienstleistungen\/wp-json\/wp\/v2\/pages\/3954\/revisions\/4051"}],"up":[{"embeddable":true,"href":"https:\/\/signallinie.info\/dienstleistungen\/wp-json\/wp\/v2\/pages\/44"}],"wp:attachment":[{"href":"https:\/\/signallinie.info\/dienstleistungen\/wp-json\/wp\/v2\/media?parent=3954"}],"curies":[{"name":"wp","href":"https:\/\/api.w.org\/{rel}","templated":true}]}}