{"id":3,"date":"2022-01-03T10:40:10","date_gmt":"2022-01-03T09:40:10","guid":{"rendered":"https:\/\/signallinie.info\/dienstleistungen\/?page_id=3"},"modified":"2026-03-29T12:22:26","modified_gmt":"2026-03-29T10:22:26","slug":"datenschutzerklaerung","status":"publish","type":"page","link":"https:\/\/signallinie.info\/dienstleistungen\/kontakt\/datenschutzerklaerung\/","title":{"rendered":"Datenschutz"},"content":{"rendered":"<p>Die Betreiber dieser Seiten nehmen den Schutz Ihrer pers\u00f6nlichen Daten sehr ernst. Wir behandeln Ih repersonenbezogenen Daten vertraulich und entsprechend der gesetzlichen Datenschutzvorschriften sowie dieser Datenschutzerkl\u00e4rung. Die Nutzung unserer Website ist in der Regel ohne Angabe personenbezogener Daten m\u00f6glich. Soweit auf unseren Seiten personenbezogene Daten (beispielsweise Name, Anschrift oder E-Mail-Adressen)erhoben w erden, erfolgt dies, soweit m\u00f6glich, stets auf freiwilliger Basis. Diese Daten werden ohne Ihre ausdr\u00fcckliche Zustimmung nicht an Dritte weitergegeben. Wir weisen darauf hin, dass die Daten\u00fcbertragung im Internet (z.B. bei der Kommunikation per E-Mail )Sicherheitsl\u00fccken aufweisen kann. Ein l\u00fcckenloser Schutz der Daten vor dem Zugriff durch Dritte ist nicht m\u00f6glich.<\/p>\n<p><strong><br \/>\nCookies <\/strong><\/p>\n<p>Cookies sind Textdateien, die automatisch bei dem Aufruf einer Webseite lokal im Browser des Besuchers abgelegt werden. Diese Website setzt Cookies ein, um das Angebot nutzerfreundlich und funktionaler zu gestalten. Dank dieser Dateien ist es beispielsweise m\u00f6glich, auf individuelle Interessen abgestimmte Informationen auf einer Seite anzuzeigen. Auch Sicherheitsrelevante Funktionen zum Schutz Ihrer Privatsph\u00e4re werden durch den Einsatz von Cookies erm\u00f6glicht. Der ausschlie\u00dfliche Zweck besteht also darin, unser Angebot Ihren Kundenw\u00fcnschen bestm\u00f6glich anzupassen und die Seiten-Nutzung so komfortabel wie m\u00f6glich zu gestalten. Mit Anwendung der DSGVO 2018 sind Webmaster dazu verpflichtet, der unter <a href=\"https:\/\/eu-datenschutz.org\/\" target=\"_blank\" rel=\"noopener\">https:\/\/eu-datenschutz.org\/<\/a> ver\u00f6ffentlichten Grundverordnung Folge zu leisten und seine Nutzer entsprechend \u00fcber die Erfassung und Auswertung von Daten in Kenntnis zu setzen. Die Rechtm\u00e4\u00dfigkeit der Verarbeitung ist in Kapitel 2, Artikel 6 der DSGVO begr\u00fcndet.<\/p>\n<p><strong><br \/>\nServer-Log-Files<\/strong><\/p>\n<p>Der Provider der Seiten erhebt und speichert automatisch Informationen in so genannten Server-Log Files, die Ihr Browser automatisch an uns \u00fcbermittelt. Dies sind:<\/p>\n<p><em>Browsertyp\/ Browserversion<\/em><br \/>\n<em> verwendetes Betriebssystem<\/em><br \/>\n<em> Referrer URL<\/em><br \/>\n<em> Hostname des zugreifenden Rechners<\/em><br \/>\n<em> Uhrzeit der Serveranfrage<\/em><\/p>\n<p>Diese Daten sind nicht bestimmten Personen zuordenbar. Eine Zusammenf\u00fchrung dieser Daten mit anderen Datenquellen wird nicht vorgenommen. Wir behalten uns vor, diese Daten nachtr\u00e4glich zu pr\u00fcfen, wenn uns konkrete Anhaltspunkte f\u00fcr eine rechtswidrige Nutzung bekannt werden.<\/p>\n<p><strong><br \/>\nKommentarfunktion auf dieser Website<\/strong><\/p>\n<p>F\u00fcr die Kommentarfunktion auf dieser Seite werden neben Ihrem Kommentar auch Angaben zum Zeitpunkt der Erstellung des Kommentars, Ihre E-Mail-Adresse und, wenn Sie nicht anonym posten, der von Ihnen gew\u00e4hlte Nutzername gespeichert.<\/p>\n<p><strong><br \/>\nSpeicherung der IP Adresse<\/strong><\/p>\n<p>Unsere Kommentarfunktion speichert die IP-Adressen der Nutzer, die Kommentare verfassen. Die IP-Adressen werden nach 60 Tagen automatisch gel\u00f6scht.<\/p>\n<p><strong><br \/>\nEinbindung von Diensten und Inhalten Dritter<\/strong><\/p>\n<p><span class=\"ts-muster-content\">Wir setzen innerhalb unseres Onlineangebotes auf Grundlage unserer berechtigten Interessen (d.h. Interesse an der Analyse, Optimierung und wirtschaftlichem Betrieb unseres Onlineangebotes im Sinne des Art. 6 Abs. 1 lit. f. DSGVO) Inhalts- oder Serviceangebote von Drittanbietern ein, um deren Inhalte und Services, wie z.B. Videos oder Schriftarten einzubinden (nachfolgend einheitlich bezeichnet als \u201cInhalte\u201d).<\/span><\/p>\n<p>Dies setzt immer voraus, dass die Drittanbieter dieser Inhalte, die IP-Adresse der Nutzer wahrnehmen, da sie ohne die IP-Adresse die Inhalte nicht an deren Browser senden k\u00f6nnten. Die IP-Adresse ist damit f\u00fcr die Darstellung dieser Inhalte erforderlich. Wir bem\u00fchen uns nur solche Inhalte zu verwenden, deren jeweilige Anbieter die IP-Adresse lediglich zur Auslieferung der Inhalte verwenden. Drittanbieter k\u00f6nnen ferner so genannte Pixel-Tags (unsichtbare Grafiken, auch als \u201cWeb Beacons\u201d bezeichnet) f\u00fcr statistische oder Marketingzwecke verwenden. Durch die \u201cPixel-Tags\u201d k\u00f6nnen Informationen, wie der Besucherverkehr auf den Seiten dieser Website ausgewertet werden. Die pseudonymen Informationen k\u00f6nnen ferner in Cookies auf dem Ger\u00e4t der Nutzer gespeichert werden und unter anderem technische Informationen zum Browser und Betriebssystem, verweisende Webseiten, Besuchszeit sowie weitere Angaben zur Nutzung unseres Onlineangebotes enthalten, als auch mit solchen Informationen aus anderen Quellen verbunden werden.<\/p>\n<p><strong><br \/>\nYouTube<\/strong><\/p>\n<p><span class=\"ts-muster-content\">Wir binden die Videos der Plattform \u201cYouTube\u201d des Anbieters Google LLC, 1600 Amphitheatre Parkway, Mountain View, CA 94043, USA, ein. Datenschutzerkl\u00e4rung: <a href=\"https:\/\/www.google.com\/policies\/privacy\/\" target=\"_blank\" rel=\"noopener\">https:\/\/www.google.com\/policies\/privacy\/<\/a>, Opt-Out: <a href=\"https:\/\/adssettings.google.com\/authenticated\" target=\"_blank\" rel=\"noopener\">https:\/\/adssettings.google.com\/authenticated<\/a>.<\/span><\/p>\n<p><strong><br \/>\nAbonnieren von Kommentaren<\/strong><\/p>\n<p>Als Nutzer der Seite k\u00f6nnen Sie nach einer Anmeldung Kommentare abonnieren. Sie erhalten eine Best\u00e4tigungsemail, um zu pr\u00fcfen, ob Sie der Inhaber der angegebenen E-Mail-Adresse sind. Sie k\u00f6nnen diese Funktion jederzeit \u00fcber einen Link in den Info-Mails abbestellen.<\/p>\n<p><strong><br \/>\nRecht auf Auskunft, L\u00f6schung, Sperrung<\/strong><\/p>\n<p>Sie haben jederzeit das Recht auf unentgeltliche Auskunft \u00fcber Ihre gespeicherten personenbezogenen Daten, deren Herkunft und Empf\u00e4nger und den Zweck der Datenverarbeitung sowie ein Recht auf Berichtigung, Sperrung oder L\u00f6schung dieser Daten. Hierzu sowie zu weiteren Fragen zum Thema personenbezogene Daten k\u00f6nnen Sie sich jederzeit unter der im Impressum angegebenen Adresse an uns wenden.<\/p>\n","protected":false},"excerpt":{"rendered":"<p>Die Betreiber dieser Seiten nehmen den Schutz Ihrer pers\u00f6nlichen Daten sehr ernst. Wir behandeln Ih repersonenbezogenen Daten vertraulich und entsprechend der gesetzlichen Datenschutzvorschriften sowie dieser Datenschutzerkl\u00e4rung. Die Nutzung unserer Website ist in der Regel ohne Angabe personenbezogener Daten m\u00f6glich. Soweit auf unseren Seiten personenbezogene Daten (beispielsweise Name, Anschrift oder E-Mail-Adressen)erhoben<\/p>\n","protected":false},"author":1,"featured_media":0,"parent":18,"menu_order":25,"comment_status":"closed","ping_status":"closed","template":"","meta":{"footnotes":""},"class_list":["post-3","page","type-page","status-publish","hentry"],"_links":{"self":[{"href":"https:\/\/signallinie.info\/dienstleistungen\/wp-json\/wp\/v2\/pages\/3","targetHints":{"allow":["GET"]}}],"collection":[{"href":"https:\/\/signallinie.info\/dienstleistungen\/wp-json\/wp\/v2\/pages"}],"about":[{"href":"https:\/\/signallinie.info\/dienstleistungen\/wp-json\/wp\/v2\/types\/page"}],"author":[{"embeddable":true,"href":"https:\/\/signallinie.info\/dienstleistungen\/wp-json\/wp\/v2\/users\/1"}],"replies":[{"embeddable":true,"href":"https:\/\/signallinie.info\/dienstleistungen\/wp-json\/wp\/v2\/comments?post=3"}],"version-history":[{"count":2,"href":"https:\/\/signallinie.info\/dienstleistungen\/wp-json\/wp\/v2\/pages\/3\/revisions"}],"predecessor-version":[{"id":39,"href":"https:\/\/signallinie.info\/dienstleistungen\/wp-json\/wp\/v2\/pages\/3\/revisions\/39"}],"up":[{"embeddable":true,"href":"https:\/\/signallinie.info\/dienstleistungen\/wp-json\/wp\/v2\/pages\/18"}],"wp:attachment":[{"href":"https:\/\/signallinie.info\/dienstleistungen\/wp-json\/wp\/v2\/media?parent=3"}],"curies":[{"name":"wp","href":"https:\/\/api.w.org\/{rel}","templated":true}]}}