{"id":1522,"date":"2022-08-31T09:47:54","date_gmt":"2022-08-31T07:47:54","guid":{"rendered":"https:\/\/signallinie.info\/dienstleistungen\/?page_id=1522"},"modified":"2025-11-01T13:18:44","modified_gmt":"2025-11-01T12:18:44","slug":"trainer-ausbildung","status":"publish","type":"page","link":"https:\/\/signallinie.info\/dienstleistungen\/ausbildung\/trainer-ausbildung\/","title":{"rendered":"Trainer-Ausbildung"},"content":{"rendered":"\n<figure class=\"wp-block-image size-large\"><img loading=\"lazy\" decoding=\"async\" width=\"1024\" height=\"176\" src=\"https:\/\/signallinie.info\/dienstleistungen\/wp-content\/uploads\/2022\/08\/Trainer-Ausbildung_Header-1024x176.jpg\" alt=\"Trainer-Ausbildung\" class=\"wp-image-1526\" srcset=\"https:\/\/signallinie.info\/dienstleistungen\/wp-content\/uploads\/2022\/08\/Trainer-Ausbildung_Header-1024x176.jpg 1024w, https:\/\/signallinie.info\/dienstleistungen\/wp-content\/uploads\/2022\/08\/Trainer-Ausbildung_Header-300x52.jpg 300w, https:\/\/signallinie.info\/dienstleistungen\/wp-content\/uploads\/2022\/08\/Trainer-Ausbildung_Header-768x132.jpg 768w, https:\/\/signallinie.info\/dienstleistungen\/wp-content\/uploads\/2022\/08\/Trainer-Ausbildung_Header.jpg 1280w\" sizes=\"auto, (max-width: 1024px) 100vw, 1024px\" \/><\/figure>\n\n\n\n<p>Dieses besondere Angebot richtet sich an erfahrene Remote Viewer, die alle Kurse bis zum Projektleiterkurs (bzw. einer gleichwertigen Ausbildung) absolviert haben, und nun auch als Remote Viewing-Ausbilder t\u00e4tig werden wollen. In diesem Kurs wird der Standard-Ablauf der jeweiligen Seminare vermittelt (Pr\u00e4sentation, zeitlicher Ablauf, theoretische und praktische Lehrt\u00e4tigkeit&#8230;), und Feinschliff bei bisherigem Wissen bzw. ggf. schon vorhandenen Lehrmaterialen durchgef\u00fchrt.<\/p>\n\n\n\n<div style=\"height:5px\" aria-hidden=\"true\" class=\"wp-block-spacer\"><\/div>\n\n\n\n<p style=\"font-size:24px\"><strong>Inhalte \/ Ablauf:<\/strong><\/p>\n\n\n\n<ul class=\"wp-block-list\">\n<li>Ausf\u00fchrliche Vorbesprechung zur Ermittlung des theoretischen und praktischen Kenntnisstandes zu Remote Viewing, vorhandener Erfahrungen in der Vermittlung der Trainingsinhalte und sonstiger, bereits bestehender Voraussetzungen (eigenes Lehrmaterial, selbst durchgef\u00fchrte Ausbildungen etc&#8230;)<br><\/li>\n\n\n\n<li>Testdurchlauf der Ausbildungspraxis (Theorie inkl. kompletter Stufe 6 und zwei Sessions beim Ausbilder monitoren)<br><\/li>\n\n\n\n<li>Fazit und Verbesserungsvorschl\u00e4ge zur durchgef\u00fchrten Ausbildungspraxis des angehenden Remote Viewing-Ausbilders<br><\/li>\n\n\n\n<li>Wahrnehmungstypen bei Trainees und der individuelle Umgang damit<br><\/li>\n\n\n\n<li>Verbesserungstipps bei vorhandenen bzw. Gestaltungshilfe bei noch nicht vorhandenen Lehrmaterialien des angehenden Remote Viewing-Ausbilders<br><\/li>\n\n\n\n<li>Gesamt-Fazit und Vorschl\u00e4ge f\u00fcr den letzten Feinschliff<\/li>\n<\/ul>\n\n\n\n<div style=\"height:5px\" aria-hidden=\"true\" class=\"wp-block-spacer\"><\/div>\n\n\n\n<p style=\"font-size:24px\"><strong>Kosten:<\/strong><\/p>\n\n\n\n<p>Der Grundpreis f\u00fcr die Trainer-Ausbildung betr\u00e4gt:<\/p>\n\n\n\n<p style=\"font-size:32px\"><strong>600,00 \u20ac<\/strong><\/p>\n\n\n\n<p>Die individuellen Kosten k\u00f6nnen je nach Feinschliff-Bedarf, speziellen W\u00fcnschen und Ausbildungsumst\u00e4nden (online oder vor Ort) des Trainer-Auszubildenden variieren.<\/p>\n\n\n\n<p class=\"has-vivid-red-color has-text-color\">Die Teilnahme an der Trainer-Ausbildung setzt eine komplette Remote Viewing-Ausbildung (bis Stufe 6 inkl. sicherer Monitoring- und Tasking-Fertigkeiten) voraus. Weiterhin beh\u00e4lt sich der Ausbilder vor, Kandidaten vorerst abzulehnen, wenn sich der Erfahrungsgrad nach dem Einf\u00fchrungsgespr\u00e4ch als noch nicht ausreichend erweist. <\/p>\n\n\n\n<p><strong>Hinweis:<\/strong> Die Trainer-Ausbildung ist auch als <a rel=\"noreferrer noopener\" href=\"https:\/\/signallinie.info\/dienstleistungen\/ausbildung\/vor-ort-ausbildung\/\" data-type=\"page\" data-id=\"752\" target=\"_blank\">Vor Ort-Variante<\/a> verf\u00fcgbar (Dauer und Kosten richten sich nach der Anzahl der Teilnehmer und Reisekosten der Ausbilder).<\/p>\n\n\n\n<hr class=\"wp-block-separator has-text-color has-cyan-bluish-gray-color has-css-opacity has-cyan-bluish-gray-background-color has-background is-style-wide\"\/>\n\n\n\n<p style=\"font-size:16px\"><strong>Kontaktaufnahme f\u00fcr weitere Informationen \/ Buchung<\/strong>:<\/p>\n\n\n<div class=\"wpforms-container wpforms-container-full wpforms-block wpforms-block-27bd05ff-7b3e-4450-b1c9-49b72d6aff9d\" id=\"wpforms-1532\"><form id=\"wpforms-form-1532\" class=\"wpforms-validate wpforms-form wpforms-ajax-form\" data-formid=\"1532\" method=\"post\" enctype=\"multipart\/form-data\" action=\"\/dienstleistungen\/wp-json\/wp\/v2\/pages\/1522\" data-token=\"38a185597f8d986fac496ffe5f376af5\" data-token-time=\"1775555951\"><noscript class=\"wpforms-error-noscript\">Bitte aktiviere JavaScript in deinem Browser, um dieses Formular fertigzustellen.<\/noscript><div class=\"wpforms-field-container\"><div id=\"wpforms-1532-field_0-container\" class=\"wpforms-field wpforms-field-name\" data-field-id=\"0\"><label class=\"wpforms-field-label\" for=\"wpforms-1532-field_0\">Name <span class=\"wpforms-required-label\">*<\/span><\/label><input type=\"text\" id=\"wpforms-1532-field_0\" class=\"wpforms-field-medium wpforms-field-required\" name=\"wpforms[fields][0]\" required><\/div><div id=\"wpforms-1532-field_1-container\" class=\"wpforms-field wpforms-field-email\" data-field-id=\"1\"><label class=\"wpforms-field-label\" for=\"wpforms-1532-field_1\">E-Mail <span class=\"wpforms-required-label\">*<\/span><\/label><input type=\"email\" id=\"wpforms-1532-field_1\" class=\"wpforms-field-medium wpforms-field-required\" name=\"wpforms[fields][1]\" spellcheck=\"false\" required><\/div><div id=\"wpforms-1532-field_3-container\" class=\"wpforms-field wpforms-field-select wpforms-field-select-style-classic\" data-field-id=\"3\"><label class=\"wpforms-field-label\" for=\"wpforms-1532-field_3\">Art der Anfrage <span class=\"wpforms-required-label\">*<\/span><\/label><select id=\"wpforms-1532-field_3\" class=\"wpforms-field-medium wpforms-field-required\" name=\"wpforms[fields][3]\" required=\"required\"><option value=\"Schnupper-Session\"  class=\"choice-1 depth-1\"  >Schnupper-Session<\/option><option value=\"Online-Ausbildung\"  class=\"choice-2 depth-1\"  >Online-Ausbildung<\/option><option value=\"Vor Ort-Ausbildung\"  class=\"choice-3 depth-1\"  >Vor Ort-Ausbildung<\/option><option value=\"Trainer-Ausbildung\"  selected='selected' class=\"choice-6 depth-1\"  >Trainer-Ausbildung<\/option><option value=\"Recherche-Auftrag\"  class=\"choice-4 depth-1\"  >Recherche-Auftrag<\/option><option value=\"Sonstige Anfragen\"  class=\"choice-5 depth-1\"  >Sonstige Anfragen<\/option><\/select><\/div><div id=\"wpforms-1532-field_2-container\" class=\"wpforms-field wpforms-field-textarea\" data-field-id=\"2\"><label class=\"wpforms-field-label\" for=\"wpforms-1532-field_2\">Nachricht <span class=\"wpforms-required-label\">*<\/span><\/label><textarea id=\"wpforms-1532-field_2\" class=\"wpforms-field-medium wpforms-field-required\" name=\"wpforms[fields][2]\" required><\/textarea><\/div><\/div><!-- .wpforms-field-container --><div class=\"wpforms-recaptcha-container wpforms-is-recaptcha wpforms-is-recaptcha-type-v2\" ><div class=\"g-recaptcha\" data-sitekey=\"6LdXBB0oAAAAAIPdwVdoECiO8Pgbshx56XwEdRCG\"><\/div><input type=\"text\" name=\"g-recaptcha-hidden\" class=\"wpforms-recaptcha-hidden\" style=\"position:absolute!important;clip:rect(0,0,0,0)!important;height:1px!important;width:1px!important;border:0!important;overflow:hidden!important;padding:0!important;margin:0!important;\" data-rule-recaptcha=\"1\"><\/div><div class=\"wpforms-submit-container\" ><input type=\"hidden\" name=\"wpforms[id]\" value=\"1532\"><input type=\"hidden\" name=\"page_title\" value=\"\"><input type=\"hidden\" name=\"page_url\" value=\"https:\/\/signallinie.info\/dienstleistungen\/wp-json\/wp\/v2\/pages\/1522\"><input type=\"hidden\" name=\"url_referer\" value=\"\"><button type=\"submit\" name=\"wpforms[submit]\" id=\"wpforms-submit-1532\" class=\"wpforms-submit\" data-alt-text=\"Senden\u2026\" data-submit-text=\"Absenden\" aria-live=\"assertive\" value=\"wpforms-submit\">Absenden<\/button><img loading=\"lazy\" decoding=\"async\" src=\"https:\/\/signallinie.info\/dienstleistungen\/wp-content\/plugins\/wpforms\/assets\/images\/submit-spin.svg\" class=\"wpforms-submit-spinner\" style=\"display: none;\" width=\"26\" height=\"26\" alt=\"Wird geladen\"><\/div><\/form><\/div>  <!-- .wpforms-container -->\n\n\n<hr class=\"wp-block-separator has-text-color has-cyan-bluish-gray-color has-css-opacity has-cyan-bluish-gray-background-color has-background is-style-wide\"\/>\n\n\n\n<p style=\"font-size:16px\"><strong>Weitere M\u00f6glichkeiten der Kontaktaufnahme:<\/strong><\/p>\n\n\n\n<p><strong>E-Mail:<\/strong> <a href=\"mailto:rv-dienstleistungen@signallinie.info\">rv-dienstleistungen@signallinie.info<\/a><br><strong>Telefon:<\/strong> +49 8361 9250 901<br><strong>Mobil:<\/strong> +49 152 269 306 24<br><strong>Discord:<\/strong> Wingman8472#8327<br><strong>Telegram:<\/strong> <a href=\"https:\/\/t.me\/signallinie\" target=\"_blank\" rel=\"noreferrer noopener\">https:\/\/t.me\/signallinie<\/a><\/p>\n","protected":false},"excerpt":{"rendered":"<p>Dieses besondere Angebot richtet sich an erfahrene Remote Viewer, die alle Kurse bis zum Projektleiterkurs (bzw. einer gleichwertigen Ausbildung) absolviert haben, und nun auch als Remote Viewing-Ausbilder t\u00e4tig werden wollen. In diesem Kurs wird der Standard-Ablauf der jeweiligen Seminare vermittelt (Pr\u00e4sentation, zeitlicher Ablauf, theoretische und praktische Lehrt\u00e4tigkeit&#8230;), und Feinschliff bei<\/p>\n","protected":false},"author":1,"featured_media":0,"parent":44,"menu_order":16,"comment_status":"closed","ping_status":"closed","template":"","meta":{"footnotes":""},"class_list":["post-1522","page","type-page","status-publish","hentry"],"_links":{"self":[{"href":"https:\/\/signallinie.info\/dienstleistungen\/wp-json\/wp\/v2\/pages\/1522","targetHints":{"allow":["GET"]}}],"collection":[{"href":"https:\/\/signallinie.info\/dienstleistungen\/wp-json\/wp\/v2\/pages"}],"about":[{"href":"https:\/\/signallinie.info\/dienstleistungen\/wp-json\/wp\/v2\/types\/page"}],"author":[{"embeddable":true,"href":"https:\/\/signallinie.info\/dienstleistungen\/wp-json\/wp\/v2\/users\/1"}],"replies":[{"embeddable":true,"href":"https:\/\/signallinie.info\/dienstleistungen\/wp-json\/wp\/v2\/comments?post=1522"}],"version-history":[{"count":27,"href":"https:\/\/signallinie.info\/dienstleistungen\/wp-json\/wp\/v2\/pages\/1522\/revisions"}],"predecessor-version":[{"id":3454,"href":"https:\/\/signallinie.info\/dienstleistungen\/wp-json\/wp\/v2\/pages\/1522\/revisions\/3454"}],"up":[{"embeddable":true,"href":"https:\/\/signallinie.info\/dienstleistungen\/wp-json\/wp\/v2\/pages\/44"}],"wp:attachment":[{"href":"https:\/\/signallinie.info\/dienstleistungen\/wp-json\/wp\/v2\/media?parent=1522"}],"curies":[{"name":"wp","href":"https:\/\/api.w.org\/{rel}","templated":true}]}}