{"id":1466,"date":"2022-08-24T11:49:35","date_gmt":"2022-08-24T09:49:35","guid":{"rendered":"https:\/\/signallinie.info\/dienstleistungen\/?page_id=1466"},"modified":"2025-11-01T13:11:17","modified_gmt":"2025-11-01T12:11:17","slug":"workshop-online","status":"publish","type":"page","link":"https:\/\/signallinie.info\/dienstleistungen\/ausbildung\/workshop-online\/","title":{"rendered":"Workshop (online)"},"content":{"rendered":"\n<figure class=\"wp-block-image size-large\"><img loading=\"lazy\" decoding=\"async\" width=\"1024\" height=\"176\" src=\"https:\/\/signallinie.info\/dienstleistungen\/wp-content\/uploads\/2022\/08\/Online-Workshop_Header-1024x176.jpg\" alt=\"\" class=\"wp-image-1505\" srcset=\"https:\/\/signallinie.info\/dienstleistungen\/wp-content\/uploads\/2022\/08\/Online-Workshop_Header-1024x176.jpg 1024w, https:\/\/signallinie.info\/dienstleistungen\/wp-content\/uploads\/2022\/08\/Online-Workshop_Header-300x52.jpg 300w, https:\/\/signallinie.info\/dienstleistungen\/wp-content\/uploads\/2022\/08\/Online-Workshop_Header-768x132.jpg 768w, https:\/\/signallinie.info\/dienstleistungen\/wp-content\/uploads\/2022\/08\/Online-Workshop_Header.jpg 1280w\" sizes=\"auto, (max-width: 1024px) 100vw, 1024px\" \/><\/figure>\n\n\n\n<p>Der Workshop stellt eine preisg\u00fcnstige Remote Viewing-Einf\u00fchrung dar, die inhaltlich zwischen Schnupper-Session und Basiskurs angesiedelt ist. Man k\u00f6nnte ihn auch als mehrt\u00e4gigen &#8222;Schnupper-Crashkurs&#8220; bezeichnen, der einen Praxis-Einblick in die M\u00f6glichkeiten einer kompletten Remote Viewing-Ausbildung bietet.<\/p>\n\n\n\n<p style=\"font-size:24px\"><strong>Inhalte \/ Ablauf:<\/strong><\/p>\n\n\n\n<ul class=\"wp-block-list\">\n<li>Einf\u00fchrungsvortrag<\/li>\n\n\n\n<li>1x Theorie und Praxis-Lektion der Stufen 1-3 (Viewer)<\/li>\n\n\n\n<li>1x Theorie und Praxis-Lektion der Stufen 1-4 (Viewer)<\/li>\n\n\n\n<li>1x Theorie und Praxis-Lektion der Stufen 1-5 (Viewer)<\/li>\n\n\n\n<li>1x Theorie und Praxis-Lektion der Stufen 1-6* (Viewer)<\/li>\n\n\n\n<li>1x Praxis-Lektion als Monitor<\/li>\n<\/ul>\n\n\n\n<p class=\"has-small-font-size\"><em><strong>*<\/strong>Die Stufe 6 wird hier in stark vereinfachter Form mit einigen Grundwerkzeugen (Relationale Diagramme, Personenwahrnehmung, Timelines) ausge\u00fcbt. Dadurch wird dem Workshop-Teilnehmer ein Einblick erm\u00f6glicht, welche Potentiale in dem kompletten &#8222;Baukastensystem&#8220; einer Fortgeschrittenenkurs-Ausbildung erm\u00f6glicht werden.<\/em><\/p>\n\n\n\n<p>Die Kosten f\u00fcr den Workshop (online) betragen:<\/p>\n\n\n\n<p style=\"font-size:32px\"><strong>550,00 \u20ac<\/strong><\/p>\n\n\n\n<p>Der Workshop (online) beinhaltet einen Einf\u00fchrungsvortrag (&#8222;Die Entstehungsgeschichte des Remote Viewing&#8220;), die oben beschriebenen Trainings-Einheiten in Theorie und Praxis (ca. zwei Stunden pro Einheit einplanen) und Trainings-Unterlagen (Protokollvorlagen und \u00dcbungstargets) in digitaler Form.<\/p>\n\n\n\n<p>Der Online-Workshop kann \u00fcber sprach- und videof\u00e4hige Messenger wie <a rel=\"noreferrer noopener\" href=\"https:\/\/discord.com\/download\" data-type=\"URL\" data-id=\"https:\/\/discord.com\/download\" target=\"_blank\">Discord<\/a>, <a rel=\"noreferrer noopener\" href=\"https:\/\/meet.jit.si\/\" target=\"_blank\">Jitsi<\/a>, <a rel=\"noreferrer noopener\" href=\"https:\/\/www.skype.com\/de\/get-skype\/\" target=\"_blank\">Skype<\/a>, <a rel=\"noreferrer noopener\" href=\"https:\/\/desktop.telegram.org\/\" target=\"_blank\">Telegram<\/a> und <a rel=\"noreferrer noopener\" href=\"https:\/\/zoom.us\/download\" target=\"_blank\">Zoom<\/a> (bei Bedarf auch andere) durchgef\u00fchrt werden. Ben\u00f6tigt werden 10-15 Blatt Papier pro Praxis-Trainingseinheit, mehrere Kugelschreiber (am besten mit schwarzer Farbe), ein Mikrofon und eine Webcam, welche in den Trainingseinheiten auf die Session-Bl\u00e4tter gerichtet wird.<\/p>\n\n\n\n<p><strong>Hinweis:<\/strong> Der Workshop ist auch als <a rel=\"noreferrer noopener\" href=\"https:\/\/signallinie.info\/dienstleistungen\/ausbildung\/vor-ort-ausbildung\/\" data-type=\"page\" data-id=\"752\" target=\"_blank\">Vor Ort-Variante<\/a> verf\u00fcgbar (Dauer und Kosten richten sich nach der Anzahl der Teilnehmer und Reisekosten der Ausbilder).<\/p>\n\n\n\n<hr class=\"wp-block-separator has-text-color has-cyan-bluish-gray-color has-css-opacity has-cyan-bluish-gray-background-color has-background is-style-wide\"\/>\n\n\n\n<p style=\"font-size:16px\"><strong>Kontaktaufnahme f\u00fcr weitere Informationen \/ Workshop-Buchung<\/strong>:<\/p>\n\n\n<div class=\"wpforms-container wpforms-container-full wpforms-block wpforms-block-31a78dda-691a-499f-9bc7-78a9d70962a3\" id=\"wpforms-1497\"><form id=\"wpforms-form-1497\" class=\"wpforms-validate wpforms-form wpforms-ajax-form\" data-formid=\"1497\" method=\"post\" enctype=\"multipart\/form-data\" action=\"\/dienstleistungen\/wp-json\/wp\/v2\/pages\/1466\" data-token=\"aac9dd820e1855a1b6d56b48a94cbc66\" data-token-time=\"1775405610\"><noscript class=\"wpforms-error-noscript\">Bitte aktiviere JavaScript in deinem Browser, um dieses Formular fertigzustellen.<\/noscript><div class=\"wpforms-field-container\"><div id=\"wpforms-1497-field_0-container\" class=\"wpforms-field wpforms-field-name\" data-field-id=\"0\"><label class=\"wpforms-field-label\" for=\"wpforms-1497-field_0\">Name <span class=\"wpforms-required-label\">*<\/span><\/label><input type=\"text\" id=\"wpforms-1497-field_0\" class=\"wpforms-field-medium wpforms-field-required\" name=\"wpforms[fields][0]\" required><\/div><div id=\"wpforms-1497-field_1-container\" class=\"wpforms-field wpforms-field-email\" data-field-id=\"1\"><label class=\"wpforms-field-label\" for=\"wpforms-1497-field_1\">E-Mail <span class=\"wpforms-required-label\">*<\/span><\/label><input type=\"email\" id=\"wpforms-1497-field_1\" class=\"wpforms-field-medium wpforms-field-required\" name=\"wpforms[fields][1]\" spellcheck=\"false\" required><\/div><div id=\"wpforms-1497-field_3-container\" class=\"wpforms-field wpforms-field-select wpforms-field-select-style-classic\" data-field-id=\"3\"><label class=\"wpforms-field-label\" for=\"wpforms-1497-field_3\">Art der Anfrage <span class=\"wpforms-required-label\">*<\/span><\/label><select id=\"wpforms-1497-field_3\" class=\"wpforms-field-medium wpforms-field-required\" name=\"wpforms[fields][3]\" required=\"required\"><option value=\"Schnupper-Session\"  class=\"choice-1 depth-1\"  >Schnupper-Session<\/option><option value=\"Online-Workshop\"  selected='selected' class=\"choice-6 depth-1\"  >Online-Workshop<\/option><option value=\"Online-Ausbildung\"  class=\"choice-2 depth-1\"  >Online-Ausbildung<\/option><option value=\"Vor Ort-Ausbildung\"  class=\"choice-3 depth-1\"  >Vor Ort-Ausbildung<\/option><option value=\"Recherche-Auftrag\"  class=\"choice-4 depth-1\"  >Recherche-Auftrag<\/option><option value=\"Sonstige Anfragen\"  class=\"choice-5 depth-1\"  >Sonstige Anfragen<\/option><\/select><\/div><div id=\"wpforms-1497-field_2-container\" class=\"wpforms-field wpforms-field-textarea\" data-field-id=\"2\"><label class=\"wpforms-field-label\" for=\"wpforms-1497-field_2\">Nachricht <span class=\"wpforms-required-label\">*<\/span><\/label><textarea id=\"wpforms-1497-field_2\" class=\"wpforms-field-medium wpforms-field-required\" name=\"wpforms[fields][2]\" required><\/textarea><\/div><\/div><!-- .wpforms-field-container --><div class=\"wpforms-recaptcha-container wpforms-is-recaptcha wpforms-is-recaptcha-type-v2\" ><div class=\"g-recaptcha\" data-sitekey=\"6LdXBB0oAAAAAIPdwVdoECiO8Pgbshx56XwEdRCG\"><\/div><input type=\"text\" name=\"g-recaptcha-hidden\" class=\"wpforms-recaptcha-hidden\" style=\"position:absolute!important;clip:rect(0,0,0,0)!important;height:1px!important;width:1px!important;border:0!important;overflow:hidden!important;padding:0!important;margin:0!important;\" data-rule-recaptcha=\"1\"><\/div><div class=\"wpforms-submit-container\" ><input type=\"hidden\" name=\"wpforms[id]\" value=\"1497\"><input type=\"hidden\" name=\"page_title\" value=\"\"><input type=\"hidden\" name=\"page_url\" value=\"https:\/\/signallinie.info\/dienstleistungen\/wp-json\/wp\/v2\/pages\/1466\"><input type=\"hidden\" name=\"url_referer\" value=\"\"><button type=\"submit\" name=\"wpforms[submit]\" id=\"wpforms-submit-1497\" class=\"wpforms-submit\" data-alt-text=\"Senden\u2026\" data-submit-text=\"Absenden\" aria-live=\"assertive\" value=\"wpforms-submit\">Absenden<\/button><img loading=\"lazy\" decoding=\"async\" src=\"https:\/\/signallinie.info\/dienstleistungen\/wp-content\/plugins\/wpforms\/assets\/images\/submit-spin.svg\" class=\"wpforms-submit-spinner\" style=\"display: none;\" width=\"26\" height=\"26\" alt=\"Wird geladen\"><\/div><\/form><\/div>  <!-- .wpforms-container -->\n\n\n<hr class=\"wp-block-separator has-text-color has-cyan-bluish-gray-color has-css-opacity has-cyan-bluish-gray-background-color has-background is-style-wide\"\/>\n\n\n\n<p style=\"font-size:16px\"><strong>Weitere M\u00f6glichkeiten der Kontaktaufnahme:<\/strong><\/p>\n\n\n\n<p><strong>E-Mail:<\/strong> <a href=\"mailto:rv-dienstleistungen@signallinie.info\">rv-dienstleistungen@signallinie.info<\/a><br><strong>Telefon:<\/strong> +49 8361 9250 901<br><strong>Mobil:<\/strong> +49 152 269 306 24<br><strong>Discord:<\/strong> Wingman8472#8327<br><strong>Telegram:<\/strong> <a href=\"https:\/\/t.me\/signallinie\" target=\"_blank\" rel=\"noreferrer noopener\">https:\/\/t.me\/signallinie<\/a><\/p>\n","protected":false},"excerpt":{"rendered":"<p>Der Workshop stellt eine preisg\u00fcnstige Remote Viewing-Einf\u00fchrung dar, die inhaltlich zwischen Schnupper-Session und Basiskurs angesiedelt ist. Man k\u00f6nnte ihn auch als mehrt\u00e4gigen &#8222;Schnupper-Crashkurs&#8220; bezeichnen, der einen Praxis-Einblick in die M\u00f6glichkeiten einer kompletten Remote Viewing-Ausbildung bietet. Inhalte \/ Ablauf: *Die Stufe 6 wird hier in stark vereinfachter Form mit einigen Grundwerkzeugen<\/p>\n","protected":false},"author":1,"featured_media":0,"parent":44,"menu_order":10,"comment_status":"closed","ping_status":"closed","template":"","meta":{"footnotes":""},"class_list":["post-1466","page","type-page","status-publish","hentry"],"_links":{"self":[{"href":"https:\/\/signallinie.info\/dienstleistungen\/wp-json\/wp\/v2\/pages\/1466","targetHints":{"allow":["GET"]}}],"collection":[{"href":"https:\/\/signallinie.info\/dienstleistungen\/wp-json\/wp\/v2\/pages"}],"about":[{"href":"https:\/\/signallinie.info\/dienstleistungen\/wp-json\/wp\/v2\/types\/page"}],"author":[{"embeddable":true,"href":"https:\/\/signallinie.info\/dienstleistungen\/wp-json\/wp\/v2\/users\/1"}],"replies":[{"embeddable":true,"href":"https:\/\/signallinie.info\/dienstleistungen\/wp-json\/wp\/v2\/comments?post=1466"}],"version-history":[{"count":37,"href":"https:\/\/signallinie.info\/dienstleistungen\/wp-json\/wp\/v2\/pages\/1466\/revisions"}],"predecessor-version":[{"id":3445,"href":"https:\/\/signallinie.info\/dienstleistungen\/wp-json\/wp\/v2\/pages\/1466\/revisions\/3445"}],"up":[{"embeddable":true,"href":"https:\/\/signallinie.info\/dienstleistungen\/wp-json\/wp\/v2\/pages\/44"}],"wp:attachment":[{"href":"https:\/\/signallinie.info\/dienstleistungen\/wp-json\/wp\/v2\/media?parent=1466"}],"curies":[{"name":"wp","href":"https:\/\/api.w.org\/{rel}","templated":true}]}}