{"id":1212,"date":"2022-07-21T18:21:20","date_gmt":"2022-07-21T16:21:20","guid":{"rendered":"https:\/\/signallinie.info\/dienstleistungen\/?page_id=1212"},"modified":"2024-10-27T21:24:30","modified_gmt":"2024-10-27T20:24:30","slug":"uebungstargets","status":"publish","type":"page","link":"https:\/\/signallinie.info\/dienstleistungen\/ausbildung\/uebungstargets\/","title":{"rendered":"\u00dcbungstargets"},"content":{"rendered":"\n<figure class=\"wp-block-image size-large\"><img loading=\"lazy\" decoding=\"async\" width=\"1024\" height=\"176\" src=\"https:\/\/signallinie.info\/dienstleistungen\/wp-content\/uploads\/2022\/07\/Targets_Header-1024x176.jpg\" alt=\"\" class=\"wp-image-1280\" srcset=\"https:\/\/signallinie.info\/dienstleistungen\/wp-content\/uploads\/2022\/07\/Targets_Header-1024x176.jpg 1024w, https:\/\/signallinie.info\/dienstleistungen\/wp-content\/uploads\/2022\/07\/Targets_Header-300x52.jpg 300w, https:\/\/signallinie.info\/dienstleistungen\/wp-content\/uploads\/2022\/07\/Targets_Header-768x132.jpg 768w, https:\/\/signallinie.info\/dienstleistungen\/wp-content\/uploads\/2022\/07\/Targets_Header.jpg 1280w\" sizes=\"auto, (max-width: 1024px) 100vw, 1024px\" \/><\/figure>\n\n\n\n<p>Hier findet ihr eine Auswahl an gut dokumentierten und erprobten \u00dcbungstargets, die f\u00fcr verschiedene Schwierigkeitsgrade in den Stufen 1-6 geeignet sind. Die simpleren Targets k\u00f6nnen einfach nach eigenem Ermessen abgearbeitet werden. Komplexere Targets enthalten hingegen oft Solo-Anweisungen, in denen z.B. verschiedene Bereiche oder Zeitpunkte des Zielgebietes untersucht werden sollen. <\/p>\n\n\n\n<p>Durch mehrere Sessions auf ein Target kann die Datendichte \u00fcbrigens h\u00e4ufig signifikant erh\u00f6ht werden. Spannend ist es auch, ein Target gemeinsam mit mehreren anderen Viewern abzuarbeiten, und dann die gewonnenen Eindr\u00fccke zu vergleichen, bevor es anschlie\u00dfend aufgel\u00f6st wird.<\/p>\n\n\n\n<p>Die hier angebotenen Targets sind im Allgemeinen bedenkenlos. Bedenkt dennoch, dass durch individuelle Abneigungen, unbewusste Traumata und andere Trigger-Faktoren, unangenehme Session-Erlebnisse nie v\u00f6llig ausgeschlossen werden k\u00f6nnen. Das Viewen dieser Targets erfolgt daher auf eigene Verantwortung!<\/p>\n\n\n\n<div style=\"height:10px\" aria-hidden=\"true\" class=\"wp-block-spacer\"><\/div>\n\n\n\n<p class=\"has-text-align-center has-vivid-red-color has-text-color\"><strong>Achtung: Bitte \u00f6ffnet die unten verlinkten Targets erst, wenn eure jeweilige(n) Session(s) darauf abgeschlossen sind!<\/strong><\/p>\n\n\n\n<hr class=\"wp-block-separator has-alpha-channel-opacity is-style-wide\"\/>\n\n\n\n<div style=\"height:5px\" aria-hidden=\"true\" class=\"wp-block-spacer\"><\/div>\n\n\n\n<p class=\"has-text-align-center has-highlight-color has-text-color\"><strong>Geeignet ab den Stufen 1-3 (Low Level-Data und Bewegungsanweisungen):<\/strong><\/p>\n\n\n\n<div class=\"wp-block-group\"><div class=\"wp-block-group__inner-container is-layout-flow wp-block-group-is-layout-flow\">\n<ul class=\"wp-block-list\">\n<li><strong><a rel=\"noreferrer noopener\" href=\"https:\/\/signallinie.info\/dienstleistungen\/wp-content\/uploads\/2022\/07\/074843-291706-456867.pdf\" target=\"_blank\">074843 291706 456867<\/a><\/strong> <em><em><em><em><em>(nach eigenem Ermessen Stufe 1-3 anwenden!)<\/em><\/em><\/em><\/em><\/em><\/li>\n\n\n\n<li><strong><a href=\"https:\/\/signallinie.info\/dienstleistungen\/wp-content\/uploads\/2024\/10\/142658-749301-548762.pdf\" target=\"_blank\" rel=\"noreferrer noopener\">142658 749301 548762<\/a><\/strong> <em><em><em><em><em><em><em><em>(nach eigenem Ermessen Stufe 1-3 anwenden!)<\/em><\/em><\/em><\/em><\/em><\/em><\/em><\/em><\/li>\n\n\n\n<li><strong><a href=\"https:\/\/signallinie.info\/dienstleistungen\/wp-content\/uploads\/2024\/10\/208364-741025-658744.pdf\" data-type=\"link\" data-id=\"https:\/\/signallinie.info\/dienstleistungen\/wp-content\/uploads\/2024\/10\/208364-741025-658744.pdf\" target=\"_blank\" rel=\"noreferrer noopener\">208364 741025 658744<\/a><\/strong> <em><em><em><em><em><em><em><em>(nach eigenem Ermessen Stufe 1-3 anwenden!)<\/em><\/em><\/em><\/em><\/em><\/em><\/em><\/em><\/li>\n\n\n\n<li><strong><a href=\"https:\/\/signallinie.info\/dienstleistungen\/wp-content\/uploads\/2022\/07\/364850-413979-354719.pdf\" target=\"_blank\" rel=\"noreferrer noopener\">364850 413979 354719<\/a><\/strong> <em><em><em><em><em><em><em><em>(nach eigenem Ermessen Stufe 1-3 anwenden!)<\/em><\/em><\/em><\/em><\/em><\/em><\/em><\/em><\/li>\n\n\n\n<li><strong><a href=\"https:\/\/signallinie.info\/dienstleistungen\/wp-content\/uploads\/2024\/10\/443917-265418-879673.pdf\" target=\"_blank\" rel=\"noreferrer noopener\">443917 265418 879673<\/a><\/strong> <em><em><em><em><em><em><em><em>(nach eigenem Ermessen Stufe 1-3 anwenden!)<\/em><\/em><\/em><\/em><\/em><\/em><\/em><\/em><\/li>\n\n\n\n<li><strong><a href=\"https:\/\/signallinie.info\/dienstleistungen\/wp-content\/uploads\/2022\/07\/569710-234589-013451.pdf\" target=\"_blank\" rel=\"noreferrer noopener\">569710 234589 013451<\/a><\/strong> <em><em><em><em><em><em><em><em>(nach eigenem Ermessen Stufe 1-3 anwenden!)<\/em><\/em><\/em><\/em><\/em><\/em><\/em><\/em><\/li>\n\n\n\n<li><strong><a href=\"https:\/\/signallinie.info\/dienstleistungen\/wp-content\/uploads\/2024\/10\/632478-520146-983224.pdf\" target=\"_blank\" rel=\"noreferrer noopener\">632478 520146 983224<\/a><\/strong> <em><em><em><em><em><em><em><em>(nach eigenem Ermessen Stufe 1-3 anwenden!)<\/em><\/em><\/em><\/em><\/em><\/em><\/em><\/em><\/li>\n\n\n\n<li><strong><a href=\"https:\/\/signallinie.info\/dienstleistungen\/wp-content\/uploads\/2024\/10\/776541-037576-320458.pdf\" target=\"_blank\" rel=\"noreferrer noopener\">776541 037576 320458<\/a><\/strong> <em><em><em><em><em><em><em><em>(nach eigenem Ermessen Stufe 1-3 anwenden!)<\/em><\/em><\/em><\/em><\/em><\/em><\/em><\/em><\/li>\n\n\n\n<li><strong><a href=\"https:\/\/signallinie.info\/dienstleistungen\/wp-content\/uploads\/2024\/10\/868375-024950-545377.pdf\" target=\"_blank\" rel=\"noreferrer noopener\">868375 024950 545377<\/a><\/strong> <em><em><em><em><em><em><em><em>(nach eigenem Ermessen Stufe 1-3 anwenden!)<\/em><\/em><\/em><\/em><\/em><\/em><\/em><\/em><\/li>\n\n\n\n<li><strong><a href=\"https:\/\/signallinie.info\/dienstleistungen\/wp-content\/uploads\/2024\/10\/963742-009617-304323.pdf\" target=\"_blank\" rel=\"noreferrer noopener\">963742 009617 304323<\/a><\/strong> <em><em><em><em>(nach eigenem Ermessen Stufe 1-3 anwenden!)<\/em><\/em><\/em><\/em><\/li>\n<\/ul>\n\n\n\n<div style=\"height:5px\" aria-hidden=\"true\" class=\"wp-block-spacer\"><\/div>\n<\/div><\/div>\n\n\n\n<p class=\"has-text-align-center has-text-color\" style=\"color:#ff9600\"><strong>Geeignet ab den Stufen 4-5 (High Level-Data und Bewegungsanweisungen):<\/strong><\/p>\n\n\n\n<ul class=\"wp-block-list\">\n<li><strong><a rel=\"noreferrer noopener\" href=\"https:\/\/signallinie.info\/dienstleistungen\/wp-content\/uploads\/2022\/07\/157230-547220-158964.pdf\" target=\"_blank\">157230 547220 158964<\/a><\/strong> <em>(interessante S4 und S5-Eindr\u00fccke untersuchen!)<\/em><\/li>\n\n\n\n<li><strong><a href=\"https:\/\/signallinie.info\/dienstleistungen\/wp-content\/uploads\/2024\/10\/297314-054399-374902.pdf\" target=\"_blank\" rel=\"noreferrer noopener\">297314 054399 374902<\/a><\/strong> <em>(interessante S4 und S5-Eindr\u00fccke untersuchen!)<\/em><\/li>\n\n\n\n<li><strong><a href=\"https:\/\/signallinie.info\/dienstleistungen\/wp-content\/uploads\/2022\/07\/340084-321879-125557.pdf\" target=\"_blank\" rel=\"noreferrer noopener\">340084 321879 125557<\/a><\/strong> <em>(interessante S4 und S5-Eindr\u00fccke untersuchen!)<\/em><\/li>\n\n\n\n<li><strong><a href=\"https:\/\/signallinie.info\/dienstleistungen\/wp-content\/uploads\/2024\/10\/364902-416807-620419.pdf\" target=\"_blank\" rel=\"noreferrer noopener\">364902 416807 620419<\/a><\/strong> <em>(interessante S4 und S5-Eindr\u00fccke untersuchen!)<\/em><\/li>\n\n\n\n<li><strong><a href=\"https:\/\/signallinie.info\/dienstleistungen\/wp-content\/uploads\/2024\/10\/406745-221937-520667.pdf\" target=\"_blank\" rel=\"noreferrer noopener\">406745 221937 520667<\/a><\/strong> <em>(interessante S4 und S5-Eindr\u00fccke untersuchen!)<\/em><\/li>\n\n\n\n<li><strong><a href=\"https:\/\/signallinie.info\/dienstleistungen\/wp-content\/uploads\/2022\/07\/559621-750234-912376.pdf\" target=\"_blank\" rel=\"noreferrer noopener\">559621 750234 912376<\/a><\/strong> <em><em><em><em><em><em><em><em><em>(interessante S4 und S5-Eindr\u00fccke untersuchen!)<\/em><\/em><\/em><\/em><\/em><\/em><\/em><\/em><\/em><\/li>\n\n\n\n<li><strong><a href=\"https:\/\/signallinie.info\/dienstleistungen\/wp-content\/uploads\/2022\/07\/634852-014963-822178.pdf\" target=\"_blank\" rel=\"noreferrer noopener\">634852 014963 822178<\/a><\/strong> <em>(interessante S4 und S5-Eindr\u00fccke untersuchen!)<\/em><\/li>\n\n\n\n<li><strong><a rel=\"noreferrer noopener\" href=\"https:\/\/signallinie.info\/dienstleistungen\/wp-content\/uploads\/2022\/07\/763214-098503-774671.pdf\" target=\"_blank\">763214 098503 774671<\/a><\/strong> <em>(interessante S4 und S5-Eindr\u00fccke untersuchen!)<\/em><\/li>\n\n\n\n<li><strong><a href=\"https:\/\/signallinie.info\/dienstleistungen\/wp-content\/uploads\/2024\/10\/809466-501792-385115.pdf\" target=\"_blank\" rel=\"noreferrer noopener\">809466 501792 385115<\/a><\/strong> <em>(interessante S4 und S5-Eindr\u00fccke untersuchen!)<\/em><\/li>\n\n\n\n<li><strong><a href=\"https:\/\/signallinie.info\/dienstleistungen\/wp-content\/uploads\/2024\/10\/947581-350457-629525.pdf\" data-type=\"link\" data-id=\"https:\/\/signallinie.info\/dienstleistungen\/wp-content\/uploads\/2024\/10\/947581-350457-629525.pdf\" target=\"_blank\" rel=\"noreferrer noopener\">947581 350457 629525<\/a><\/strong> <em>(interessante S4 und S5-Eindr\u00fccke untersuchen!)<\/em><\/li>\n<\/ul>\n\n\n\n<div class=\"wp-block-group\"><div class=\"wp-block-group__inner-container is-layout-constrained wp-block-group-is-layout-constrained\"><\/div><\/div>\n\n\n\n<div style=\"height:5px\" aria-hidden=\"true\" class=\"wp-block-spacer\"><\/div>\n\n\n\n<p class=\"has-text-align-center has-accent-color has-text-color\"><strong>Geeignet ab den Stufen 5-6 (spezielle Solo-Anweisungen rechts in Klammern):<\/strong><\/p>\n\n\n\n<ul class=\"wp-block-list\">\n<li><strong><a href=\"https:\/\/signallinie.info\/dienstleistungen\/wp-content\/uploads\/2022\/07\/025674-365148-931458.pdf\" target=\"_blank\" rel=\"noreferrer noopener\">025674 365148 931458<\/a><\/strong> <em>(IT1 und IT2 beschreiben; wozu dient es jeweils?)<\/em><\/li>\n\n\n\n<li><strong><a href=\"https:\/\/signallinie.info\/dienstleistungen\/wp-content\/uploads\/2022\/07\/638541-980245-923475.pdf\" target=\"_blank\" rel=\"noreferrer noopener\">638541 980245 923475<\/a><\/strong> <em>(Target zum Zeitpunkt T1 und Zeitpunkt T0 beschreiben!)<\/em><\/li>\n\n\n\n<li><strong><a href=\"https:\/\/signallinie.info\/dienstleistungen\/wp-content\/uploads\/2022\/07\/730648-065986-217494.pdf\" target=\"_blank\" rel=\"noreferrer noopener\">730648 065986 217494<\/a><\/strong> <em>(Target zum Zeitpunkt T1 und Zeitpunkt T2 beschreiben!)<\/em><\/li>\n\n\n\n<li><strong><a href=\"https:\/\/signallinie.info\/dienstleistungen\/wp-content\/uploads\/2024\/10\/935103-647824-953858.pdf\" target=\"_blank\" rel=\"noreferrer noopener\">935103 647824 953858<\/a><\/strong> <em>(Teilaspekte O1, O2 und O3 im Target beschreiben!)<\/em><\/li>\n\n\n\n<li><strong><a href=\"https:\/\/signallinie.info\/dienstleistungen\/wp-content\/uploads\/2022\/07\/990417-821684-268010.pdf\" target=\"_blank\" rel=\"noreferrer noopener\">990417 821684 268010<\/a><\/strong> <em>(Teilaspekte O1 und O2 im Target beschreiben!)<\/em><\/li>\n<\/ul>\n\n\n\n<div style=\"height:5px\" aria-hidden=\"true\" class=\"wp-block-spacer\"><\/div>\n\n\n\n<hr class=\"wp-block-separator has-alpha-channel-opacity is-style-wide\"\/>\n","protected":false},"excerpt":{"rendered":"<p>Hier findet ihr eine Auswahl an gut dokumentierten und erprobten \u00dcbungstargets, die f\u00fcr verschiedene Schwierigkeitsgrade in den Stufen 1-6 geeignet sind. Die simpleren Targets k\u00f6nnen einfach nach eigenem Ermessen abgearbeitet werden. Komplexere Targets enthalten hingegen oft Solo-Anweisungen, in denen z.B. verschiedene Bereiche oder Zeitpunkte des Zielgebietes untersucht werden sollen. Durch<\/p>\n","protected":false},"author":1,"featured_media":0,"parent":44,"menu_order":17,"comment_status":"closed","ping_status":"closed","template":"","meta":{"footnotes":""},"class_list":["post-1212","page","type-page","status-publish","hentry"],"_links":{"self":[{"href":"https:\/\/signallinie.info\/dienstleistungen\/wp-json\/wp\/v2\/pages\/1212","targetHints":{"allow":["GET"]}}],"collection":[{"href":"https:\/\/signallinie.info\/dienstleistungen\/wp-json\/wp\/v2\/pages"}],"about":[{"href":"https:\/\/signallinie.info\/dienstleistungen\/wp-json\/wp\/v2\/types\/page"}],"author":[{"embeddable":true,"href":"https:\/\/signallinie.info\/dienstleistungen\/wp-json\/wp\/v2\/users\/1"}],"replies":[{"embeddable":true,"href":"https:\/\/signallinie.info\/dienstleistungen\/wp-json\/wp\/v2\/comments?post=1212"}],"version-history":[{"count":119,"href":"https:\/\/signallinie.info\/dienstleistungen\/wp-json\/wp\/v2\/pages\/1212\/revisions"}],"predecessor-version":[{"id":3114,"href":"https:\/\/signallinie.info\/dienstleistungen\/wp-json\/wp\/v2\/pages\/1212\/revisions\/3114"}],"up":[{"embeddable":true,"href":"https:\/\/signallinie.info\/dienstleistungen\/wp-json\/wp\/v2\/pages\/44"}],"wp:attachment":[{"href":"https:\/\/signallinie.info\/dienstleistungen\/wp-json\/wp\/v2\/media?parent=1212"}],"curies":[{"name":"wp","href":"https:\/\/api.w.org\/{rel}","templated":true}]}}